{"id":88123,"date":"2022-10-11T18:13:30","date_gmt":"2022-10-11T16:13:30","guid":{"rendered":"http:\/\/dev.claret.cat\/producte\/politica-economica-internacional\/"},"modified":"2023-01-28T23:51:20","modified_gmt":"2023-01-28T22:51:20","slug":"politica-economica-internacional-9788493247041","status":"publish","type":"product","link":"https:\/\/www.claret.cat\/es\/libro\/politica-economica-internacional-9788493247041\/","title":{"rendered":"POL\u00cdTICA ECON\u00d3MICA INTERNACIONAL"},"content":{"rendered":"","protected":false},"excerpt":{"rendered":"<p>GARC\u00cdA MEN\u00c9NDEZ, JOS\u00c9 RAM\u00d3N<\/p>\n","protected":false},"featured_media":88124,"template":"","meta":{"_acf_changed":false,"om_disable_all_campaigns":false,"rs_blank_template":"","rs_page_bg_color":"","slide_template_v7":"","inline_featured_image":false,"_monsterinsights_skip_tracking":false,"_monsterinsights_sitenote_active":false,"_monsterinsights_sitenote_note":"","_monsterinsights_sitenote_category":0},"product_brand":[],"product_cat":[101],"product_tag":[],"class_list":{"0":"post-88123","1":"product","2":"type-product","3":"status-publish","4":"has-post-thumbnail","6":"product_cat-manualitats","8":"first","9":"instock","10":"taxable","11":"shipping-taxable","12":"purchasable","13":"product-type-simple"},"acf":{"editorial":[{"ID":148925,"post_author":"3","post_date":"2022-10-14 12:02:04","post_date_gmt":"2022-10-14 10:02:04","post_content":"","post_title":"Unidixital. Servicio de Edici\u00f3n Dixital","post_excerpt":"","post_status":"publish","comment_status":"closed","ping_status":"closed","post_password":"","post_name":"unidixital-servicio-de-edicion-dixital","to_ping":"","pinged":"","post_modified":"2022-10-14 12:02:04","post_modified_gmt":"2022-10-14 10:02:04","post_content_filtered":"","post_parent":0,"guid":"http:\/\/dev.claret.cat\/editorial\/unidixital-servicio-de-edicion-dixital\/","menu_order":0,"post_type":"editorial","post_mime_type":"","comment_count":"0","filter":"raw"}],"autor":"GARC\u00cdA MEN\u00c9NDEZ, JOS\u00c9 RAM\u00d3N","codart":"849324704","libros-coleccion":"","ediciones":"1","encuadernacion":"R\u00fastica","fecha_de_publicacion":"01\/01\/2003","novedad":"1","paginas":"80","subtitulo":"INTERDEPENDENCIA Y COORDINACI\u00d3N GLOBALIZACI\u00d3N E INTEGRACI\u00d3N","orden":"0","portada":"0","idioma":"spa","autores-libros":[{"ID":160558,"post_author":"3","post_date":"2022-10-14 15:54:03","post_date_gmt":"2022-10-14 13:54:03","post_content":"","post_title":"JOSE RAMON GARCIA MENENDEZ","post_excerpt":"","post_status":"publish","comment_status":"closed","ping_status":"closed","post_password":"","post_name":"jose-ramon-garcia-menendez","to_ping":"","pinged":"","post_modified":"2022-10-14 15:54:03","post_modified_gmt":"2022-10-14 13:54:03","post_content_filtered":"","post_parent":0,"guid":"http:\/\/dev.claret.cat\/autor\/jose-ramon-garcia-menendez\/","menu_order":0,"post_type":"autor","post_mime_type":"","comment_count":"0","filter":"raw"}]},"aioseo_notices":[],"_links":{"self":[{"href":"https:\/\/www.claret.cat\/es\/wp-json\/wp\/v2\/product\/88123","targetHints":{"allow":["GET"]}}],"collection":[{"href":"https:\/\/www.claret.cat\/es\/wp-json\/wp\/v2\/product"}],"about":[{"href":"https:\/\/www.claret.cat\/es\/wp-json\/wp\/v2\/types\/product"}],"wp:featuredmedia":[{"embeddable":true,"href":"https:\/\/www.claret.cat\/es\/wp-json\/wp\/v2\/media\/88124"}],"wp:attachment":[{"href":"https:\/\/www.claret.cat\/es\/wp-json\/wp\/v2\/media?parent=88123"}],"wp:term":[{"taxonomy":"product_brand","embeddable":true,"href":"https:\/\/www.claret.cat\/es\/wp-json\/wp\/v2\/product_brand?post=88123"},{"taxonomy":"product_cat","embeddable":true,"href":"https:\/\/www.claret.cat\/es\/wp-json\/wp\/v2\/product_cat?post=88123"},{"taxonomy":"product_tag","embeddable":true,"href":"https:\/\/www.claret.cat\/es\/wp-json\/wp\/v2\/product_tag?post=88123"}],"curies":[{"name":"wp","href":"https:\/\/api.w.org\/{rel}","templated":true}]}}