{"id":882253,"date":"2023-10-11T18:30:32","date_gmt":"2023-10-11T16:30:32","guid":{"rendered":"https:\/\/www.claret.cat\/llibre\/riccardino-9788419107831\/"},"modified":"2025-12-16T17:10:58","modified_gmt":"2025-12-16T16:10:58","slug":"riccardino-9788419107831","status":"publish","type":"product","link":"https:\/\/www.claret.cat\/es\/libro\/riccardino-9788419107831\/","title":{"rendered":"RICCARDINO"},"content":{"rendered":"<p>La novel\u00b7la que posa punt final a la s\u00e8rie del comissari Montalbano.L&#8221;\u00faltima investigaci\u00f3 del comissari Montalbano. Estiu del 2005, Andrea Camilleri lliura a la seva editora italiana una novel\u00b7la. Es diu Riccardino i nom\u00e9s se sap que ser\u00e0 la darrera de la saga Montalbano. Acorden que es publicar\u00e0 m\u00e9s endavant, un dem\u00e0 indefinit, quan es tingui la certesa que l&#8221;autor no n&#8221;escriur\u00e0 cap altra.<br \/> Andrea Camilleri, que va morir el 2019, no decep les expectatives. Malgrat ser, com \u00e9s natural, un cas d&#8221;investigaci\u00f3 d&#8221;homicidi \u2014l&#8221;assassinat d&#8221;un dels quatre amics d&#8221;una colla tan i tan ben avinguda que ho comparteixen tot, fins i tot coses que no s&#8221;haurien de compartir\u2014, el rerefons de la novel\u00b7la s\u00f3n les discrep\u00e0ncies entre el personatge Montalbano i l&#8221;autor.<br \/> La impossibilitat de decidir sobre la seva vida i la compet\u00e8ncia deslleial que li fa el Montalbano televisiu porten a l&#8221;extrem el malestar existencial del comissari m\u00e9s sorrut (i tamb\u00e9 m\u00e9s abandonat, amb la Livia cada dia m\u00e9s lluny) de la negra Mediterr\u00e0nia. Un final de la s\u00e8rie a l&#8221;altura.<\/p>\n","protected":false},"excerpt":{"rendered":"<p>CAMILLERI, ANDREA<\/p>\n","protected":false},"featured_media":1071046,"template":"","meta":{"_acf_changed":false,"om_disable_all_campaigns":false,"rs_blank_template":"","rs_page_bg_color":"","slide_template_v7":"","inline_featured_image":false,"_monsterinsights_skip_tracking":false,"_monsterinsights_sitenote_active":false,"_monsterinsights_sitenote_note":"","_monsterinsights_sitenote_category":0},"product_brand":[],"product_cat":[127,357],"product_tag":[],"class_list":{"0":"post-882253","1":"product","2":"type-product","3":"status-publish","4":"has-post-thumbnail","6":"product_cat-novella-contemporania","7":"product_cat-novela-contemporanea","9":"first","10":"instock","11":"taxable","12":"shipping-taxable","13":"purchasable","14":"product-type-simple"},"acf":{"autor":"CAMILLERI, ANDREA","codart":"841910783","libros-coleccion":"LABUTXACA","ediciones":"1","encuadernacion":"R\u00fastica","fecha_de_publicacion":"01\/10\/2023","novedad":"1","paginas":"252","subtitulo":"(FINAL DE LA S\u00c8RIE MONTALBANO)","orden":"0","portada":"0","idioma":"cat","editorial":[{"ID":6281,"post_author":"3","post_date":"2022-07-28 17:48:50","post_date_gmt":"2022-07-28 15:48:50","post_content":"","post_title":"LABUTXACA","post_excerpt":"","post_status":"publish","comment_status":"closed","ping_status":"closed","post_password":"","post_name":"labutxaca","to_ping":"","pinged":"","post_modified":"2022-07-28 17:48:50","post_modified_gmt":"2022-07-28 15:48:50","post_content_filtered":"","post_parent":0,"guid":"http:\/\/dev.claret.cat\/editorial\/labutxaca\/","menu_order":0,"post_type":"editorial","post_mime_type":"","comment_count":"0","filter":"raw"}],"autores-libros":[{"ID":150203,"post_author":"3","post_date":"2022-10-14 14:31:04","post_date_gmt":"2022-10-14 12:31:04","post_content":"","post_title":"ANDREA CAMILLERI","post_excerpt":"","post_status":"publish","comment_status":"closed","ping_status":"closed","post_password":"","post_name":"andrea-camilleri","to_ping":"","pinged":"","post_modified":"2022-10-14 14:31:04","post_modified_gmt":"2022-10-14 12:31:04","post_content_filtered":"","post_parent":0,"guid":"http:\/\/dev.claret.cat\/autor\/andrea-camilleri\/","menu_order":0,"post_type":"autor","post_mime_type":"","comment_count":"0","filter":"raw"}],"booktrailer":"","resenas":""},"aioseo_notices":[],"_links":{"self":[{"href":"https:\/\/www.claret.cat\/es\/wp-json\/wp\/v2\/product\/882253","targetHints":{"allow":["GET"]}}],"collection":[{"href":"https:\/\/www.claret.cat\/es\/wp-json\/wp\/v2\/product"}],"about":[{"href":"https:\/\/www.claret.cat\/es\/wp-json\/wp\/v2\/types\/product"}],"wp:featuredmedia":[{"embeddable":true,"href":"https:\/\/www.claret.cat\/es\/wp-json\/wp\/v2\/media\/1071046"}],"wp:attachment":[{"href":"https:\/\/www.claret.cat\/es\/wp-json\/wp\/v2\/media?parent=882253"}],"wp:term":[{"taxonomy":"product_brand","embeddable":true,"href":"https:\/\/www.claret.cat\/es\/wp-json\/wp\/v2\/product_brand?post=882253"},{"taxonomy":"product_cat","embeddable":true,"href":"https:\/\/www.claret.cat\/es\/wp-json\/wp\/v2\/product_cat?post=882253"},{"taxonomy":"product_tag","embeddable":true,"href":"https:\/\/www.claret.cat\/es\/wp-json\/wp\/v2\/product_tag?post=882253"}],"curies":[{"name":"wp","href":"https:\/\/api.w.org\/{rel}","templated":true}]}}