{"id":882297,"date":"2023-10-11T19:35:03","date_gmt":"2023-10-11T17:35:03","guid":{"rendered":"https:\/\/www.claret.cat\/llibre\/momentos-estelares-de-la-humanidad-9788419004130\/"},"modified":"2023-10-13T12:36:09","modified_gmt":"2023-10-13T10:36:09","slug":"momentos-estelares-de-la-humanidad-9788419004130","status":"publish","type":"product","link":"https:\/\/www.claret.cat\/es\/libro\/momentos-estelares-de-la-humanidad-9788419004130\/","title":{"rendered":"MOMENTOS ESTELARES DE LA HUMANIDAD"},"content":{"rendered":"<p>La obra m\u00e1s querida de Stefan Zweig cobra vida en esta edici\u00f3n ilustrada.Stefan Zweig, una de las mejores plumas de la literatura europea, heredera de la prosa depurada y elegante del siglo XIX, nos brinda sus Momentos estelares de la humanidad, un libro para todo tipo de lectores que instruye y deleita a partes iguales. Gran observador, relata con maestr\u00eda en esta cr\u00f3nica catorce momentos que han supuesto un punto de inflexi\u00f3n en la Historia: el ocaso del imperio de Occidente, la derrota de Napole\u00f3n, la conquista del Polo Sur, el primer cable de tel\u00e9grafo en cruzar el oc\u00e9ano atl\u00e1ntico, entre otros. Todos ellos, en palabras de Zweig, \u00abmomentos pre\u00f1ados de fatalidad, en los que una decisi\u00f3n destinada a persistir a lo largo de los tiempos se comprime en una \u00fanica fecha\u00bb.Una obra cl\u00e1sica que cerca de un siglo despu\u00e9s sigue siendo un bestseller.<br \/>Han dicho:\u00abUno de los libros que m\u00e1s me han gustado en mi vida es Momentos estelares de la humanidad, de Stefan Zweig.\u00bb Javier Cercas\u00abUna joya que hace 20 a\u00f1os los cretinos de la literatura despreciaban, que les ha sobrevivido y ahora todos aplauden.\u00bb Arturo P\u00e9rez-Reverte\u00abUn libro escrito con una manifiesta voluntad de instruir deleitando.\u00bb Enrique Oca\u00f1a, El Mundo\u00abEn catorce miniaturas, Zweig capta el instante decisivo, saca lustre a la Historia.\u00bb Sergi Doria, ABC\u00abLlevados por el estilo vibrante y did\u00e1ctico del autor austriaco, revisitamos a Cicer\u00f3n, al sult\u00e1n Mehmet, o a H\u00e4ndel.\u00bb Ll\u00e0tzer Moix, La Vanguardia\u00abUn libro que adquiere actualidad hoy que vivimos tiempos de incertidumbre y de cambio.\u00bb Manuel Mirat, El Pa\u00eds\u00abMomentos estelares de la humanidad nos ofrece a un Zweig dotado de una prodigiosa capacidad para recrear situaciones clim\u00e1ticas y grandiosas, al igual que los antiguos poetas \u00e9picos.\u00bb J.M. Cabrales Arteaga, El Diario Monta\u00f1\u00e9s<\/p>\n","protected":false},"excerpt":{"rendered":"<p>ZWEIG, STEFAN<\/p>\n","protected":false},"featured_media":882347,"template":"","meta":{"_acf_changed":false,"om_disable_all_campaigns":false,"rs_blank_template":"","rs_page_bg_color":"","slide_template_v7":"","inline_featured_image":false,"_monsterinsights_skip_tracking":false,"_monsterinsights_sitenote_active":false,"_monsterinsights_sitenote_note":"","_monsterinsights_sitenote_category":0},"product_brand":[],"product_cat":[133,132,135,365,362,363],"product_tag":[],"class_list":{"0":"post-882297","1":"product","2":"type-product","3":"status-publish","4":"has-post-thumbnail","6":"product_cat-lectures-per-adolescents-12-18-anys","7":"product_cat-lectures-per-preadolescents-6-12-anys","8":"product_cat-entreteniment","9":"product_cat-entretenimientos","10":"product_cat-libros-preadolescentes-6-12-anos","11":"product_cat-lecturas-por-adolescentes-12-18-anos","13":"first","14":"instock","15":"taxable","16":"shipping-taxable","17":"purchasable","18":"product-type-simple"},"acf":{"autor":"ZWEIG, STEFAN","codart":"841900413","libros-coleccion":"INFANTIL \/ JUVENIL","ediciones":"1","encuadernacion":"Carton\u00e9","fecha_de_publicacion":"01\/10\/2023","novedad":"1","paginas":"243","subtitulo":"","orden":"0","portada":"0","idioma":"spa","editorial":[{"ID":6188,"post_author":"3","post_date":"2022-07-28 17:46:47","post_date_gmt":"2022-07-28 15:46:47","post_content":"","post_title":"Duomo ediciones","post_excerpt":"","post_status":"publish","comment_status":"closed","ping_status":"closed","post_password":"","post_name":"duomo-ediciones","to_ping":"","pinged":"","post_modified":"2022-07-28 17:46:47","post_modified_gmt":"2022-07-28 15:46:47","post_content_filtered":"","post_parent":0,"guid":"http:\/\/dev.claret.cat\/editorial\/duomo-ediciones\/","menu_order":0,"post_type":"editorial","post_mime_type":"","comment_count":"0","filter":"raw"}],"autores-libros":[{"ID":6043,"post_author":"3","post_date":"2022-07-28 17:36:56","post_date_gmt":"2022-07-28 15:36:56","post_content":"","post_title":"STEFAN ZWEIG","post_excerpt":"","post_status":"publish","comment_status":"closed","ping_status":"closed","post_password":"","post_name":"stefan-zweig","to_ping":"","pinged":"","post_modified":"2022-07-28 17:36:56","post_modified_gmt":"2022-07-28 15:36:56","post_content_filtered":"","post_parent":0,"guid":"http:\/\/dev.claret.cat\/autor\/stefan-zweig\/","menu_order":0,"post_type":"autor","post_mime_type":"","comment_count":"0","filter":"raw"}]},"aioseo_notices":[],"_links":{"self":[{"href":"https:\/\/www.claret.cat\/es\/wp-json\/wp\/v2\/product\/882297","targetHints":{"allow":["GET"]}}],"collection":[{"href":"https:\/\/www.claret.cat\/es\/wp-json\/wp\/v2\/product"}],"about":[{"href":"https:\/\/www.claret.cat\/es\/wp-json\/wp\/v2\/types\/product"}],"wp:featuredmedia":[{"embeddable":true,"href":"https:\/\/www.claret.cat\/es\/wp-json\/wp\/v2\/media\/882347"}],"wp:attachment":[{"href":"https:\/\/www.claret.cat\/es\/wp-json\/wp\/v2\/media?parent=882297"}],"wp:term":[{"taxonomy":"product_brand","embeddable":true,"href":"https:\/\/www.claret.cat\/es\/wp-json\/wp\/v2\/product_brand?post=882297"},{"taxonomy":"product_cat","embeddable":true,"href":"https:\/\/www.claret.cat\/es\/wp-json\/wp\/v2\/product_cat?post=882297"},{"taxonomy":"product_tag","embeddable":true,"href":"https:\/\/www.claret.cat\/es\/wp-json\/wp\/v2\/product_tag?post=882297"}],"curies":[{"name":"wp","href":"https:\/\/api.w.org\/{rel}","templated":true}]}}