{"id":8823,"date":"2022-09-30T12:16:24","date_gmt":"2022-09-30T10:16:24","guid":{"rendered":"http:\/\/dev.claret.cat\/producte\/365-dies-amb-maria\/"},"modified":"2026-01-30T13:05:58","modified_gmt":"2026-01-30T12:05:58","slug":"365-dies-amb-maria-9788491363651","status":"publish","type":"product","link":"https:\/\/www.claret.cat\/es\/libro\/365-dies-amb-maria-9788491363651\/","title":{"rendered":"365 DIES AMB MARIA"},"content":{"rendered":"<p><strong>Descobreix les Advocacions Marianes de Catalunya Dia a Dia<\/strong><\/p>\n<p>Explora la rica tradici\u00f3 mariana de Catalunya amb <em>365 Dies amb Maria<\/em>, un llibre \u00fanic que et connecta di\u00e0riament amb les advocacions de la Mare de D\u00e9u venerades a les di\u00f2cesis catalanes. Maria, a difer\u00e8ncia dels sants, s\u2019adapta als costums, la cultura i la geografia locals, fent-se present en capelles, santuaris, monestirs i parr\u00f2quies de muntanya, mar i ciutat.<\/p>\n<p>Aquesta obra inclou <strong>47 fotografies en color a p\u00e0gina completa<\/strong> que capturen la bellesa i singularitat de diverses representacions de la Mare de D\u00e9u, arrelades a la hist\u00f2ria i espiritualitat de cada lloc.<\/p>\n<p><strong>Descobreix el simbolisme, la devoci\u00f3 i la diversitat cultural que Maria inspira al llarg de tot un any. Una experi\u00e8ncia di\u00e0ria per aprofundir en la fe i la tradici\u00f3 catalanes.<\/strong><\/p>\n","protected":false},"excerpt":{"rendered":"<p>\u00c0NGEL RODR\u00cdGUEZ VILAGRAN<\/p>\n","protected":false},"featured_media":996520,"template":"","meta":{"_acf_changed":false,"om_disable_all_campaigns":false,"rs_blank_template":"","rs_page_bg_color":"","slide_template_v7":"","inline_featured_image":false,"_monsterinsights_skip_tracking":false,"_monsterinsights_sitenote_active":false,"_monsterinsights_sitenote_note":"","_monsterinsights_sitenote_category":0},"product_brand":[],"product_cat":[307,581],"product_tag":[],"class_list":{"0":"post-8823","1":"product","2":"type-product","3":"status-publish","4":"has-post-thumbnail","6":"product_cat-catala","7":"product_cat-editorial-claret","9":"first","10":"instock","11":"taxable","12":"shipping-taxable","13":"purchasable","14":"product-type-simple"},"acf":{"editorial":[{"ID":6158,"post_author":"3","post_date":"2022-07-28 17:46:08","post_date_gmt":"2022-07-28 15:46:08","post_content":"","post_title":"CLARET","post_excerpt":"","post_status":"publish","comment_status":"closed","ping_status":"closed","post_password":"","post_name":"claret","to_ping":"","pinged":"","post_modified":"2022-07-28 17:46:08","post_modified_gmt":"2022-07-28 15:46:08","post_content_filtered":"","post_parent":0,"guid":"http:\/\/dev.claret.cat\/editorial\/claret\/","menu_order":0,"post_type":"editorial","post_mime_type":"","comment_count":"0","filter":"raw"}],"autores-libros":[{"ID":5247,"post_author":"3","post_date":"2022-07-28 17:19:59","post_date_gmt":"2022-07-28 15:19:59","post_content":"","post_title":"\u00c0NGEL RODR\u00cdGUEZ VILAGRAN","post_excerpt":"","post_status":"publish","comment_status":"closed","ping_status":"closed","post_password":"","post_name":"angel-rodriguez-vilagran-2","to_ping":"","pinged":"","post_modified":"2022-07-28 17:19:59","post_modified_gmt":"2022-07-28 15:19:59","post_content_filtered":"","post_parent":0,"guid":"http:\/\/dev.claret.cat\/autor\/angel-rodriguez-vilagran-2\/","menu_order":0,"post_type":"autor","post_mime_type":"","comment_count":"0","filter":"raw"}],"autor":"\u00c0NGEL RODR\u00cdGUEZ VILAGRAN","codart":"849136365","libros-coleccion":"","ediciones":"1","encuadernacion":"R\u00fastica","fecha_de_publicacion":"17\/12\/2020","novedad":"0","paginas":"452","subtitulo":"","orden":"1000","portada":"0","idioma":"cat","traductores-libros":"","ilustradores-libros":"","formato":"","linkebook":"","ficha":"849136365_1688644239.pdf","muestra":"","presentacion":"<iframe width=\"949\" height=\"433\" src=\"https:\/\/www.youtube.com\/embed\/fUPEwkD0Ty4?si=D9wv6_JPyIMY8pIv\" title=\"YouTube video player\" frameborder=\"0\" allow=\"accelerometer; autoplay; clipboard-write; encrypted-media; gyroscope; picture-in-picture; web-share\" referrerpolicy=\"strict-origin-when-cross-origin\" allowfullscreen><\/iframe>","booktrailer":"<iframe width=\"949\" height=\"433\" src=\"https:\/\/www.youtube.com\/embed\/slp3kxzwuGE?si=nNY71mOxDTFUWNg_\" title=\"YouTube video player\" frameborder=\"0\" allow=\"accelerometer; autoplay; clipboard-write; encrypted-media; gyroscope; picture-in-picture; web-share\" referrerpolicy=\"strict-origin-when-cross-origin\" allowfullscreen><\/iframe>","resenas":"<p>Flama, 20\/04\/2023<\/p>\n<p><a href=\"https:\/\/agenciaflama.cat\/angel-rodriguez-els-aplecs-les-festes-majors-i-els-mercats-eren-el-tinder-o-el-badoo-dara\/\" rel=\"noopener noreferrer\" target=\"_blank\">https:\/\/agenciaflama.cat\/angel-rodriguez-els-aplecs-les-festes-majors-i-els-mercats-eren-el-tinder-o-el-badoo-dara\/<\/a><\/p>\n<p><\/p>\n<p>Bisbat de Girona, 24\/04\/2023<\/p>\n<p><a href=\"http:\/\/www.bisbatgirona.cat\/ca\/noticies\/16127-la-trilogia-jesus-de-natzaret-encapcala-els-l.html\" rel=\"noopener noreferrer\" target=\"_blank\">http:\/\/www.bisbatgirona.cat\/ca\/noticies\/16127-la-trilogia-jesus-de-natzaret-encapcala-els-l.html<\/a><\/p>\n<p><\/p>\n<p>La nit dels ignorants (Catalunya R\u00e0dio), 05\/09\/2024<\/p>\n<p><a href=\"https:\/\/www.ccma.cat\/3cat\/el-misteri-de-les-marededeus-trobades\/audio\/1217215\/\" rel=\"noopener noreferrer\" target=\"_blank\">https:\/\/www.ccma.cat\/3cat\/el-misteri-de-les-marededeus-trobades\/audio\/1217215\/<\/a><\/p>\n","recomendamos":"","mas_vendido":"","precioebook":"0","ebookportada":false},"aioseo_notices":[],"_links":{"self":[{"href":"https:\/\/www.claret.cat\/es\/wp-json\/wp\/v2\/product\/8823","targetHints":{"allow":["GET"]}}],"collection":[{"href":"https:\/\/www.claret.cat\/es\/wp-json\/wp\/v2\/product"}],"about":[{"href":"https:\/\/www.claret.cat\/es\/wp-json\/wp\/v2\/types\/product"}],"wp:featuredmedia":[{"embeddable":true,"href":"https:\/\/www.claret.cat\/es\/wp-json\/wp\/v2\/media\/996520"}],"wp:attachment":[{"href":"https:\/\/www.claret.cat\/es\/wp-json\/wp\/v2\/media?parent=8823"}],"wp:term":[{"taxonomy":"product_brand","embeddable":true,"href":"https:\/\/www.claret.cat\/es\/wp-json\/wp\/v2\/product_brand?post=8823"},{"taxonomy":"product_cat","embeddable":true,"href":"https:\/\/www.claret.cat\/es\/wp-json\/wp\/v2\/product_cat?post=8823"},{"taxonomy":"product_tag","embeddable":true,"href":"https:\/\/www.claret.cat\/es\/wp-json\/wp\/v2\/product_tag?post=8823"}],"curies":[{"name":"wp","href":"https:\/\/api.w.org\/{rel}","templated":true}]}}