{"id":882439,"date":"2023-10-13T18:25:04","date_gmt":"2023-10-13T16:25:04","guid":{"rendered":"https:\/\/www.claret.cat\/llibre\/minienigmes-de-nadal-9788419532978\/"},"modified":"2023-10-17T16:31:41","modified_gmt":"2023-10-17T14:31:41","slug":"minienigmes-de-nadal-9788419532978","status":"publish","type":"product","link":"https:\/\/www.claret.cat\/es\/libro\/minienigmes-de-nadal-9788419532978\/","title":{"rendered":"MINIENIGMES DE NADAL"},"content":{"rendered":"<p>Llegeix les pistes, fixa&#8217;t en les<br \/> il\u00b7lustracions i aixeca les solapes<br \/> per descobrir les respostes!<br \/> Un llibre d&#8217;enigmes senzills sobre Nadal, amb il\u00b7lustracions<br \/> detallades i pistes. Trobar\u00e0s 20 enigmes espectaculars que<br \/> posen a prova el cervell dels petits detectius, entrenant el<br \/> raonament deductiu, augmentant l&#8217;atenci\u00f3 al detall i millorant el<br \/> pensament lateral. Tot aix\u00f2 mentre es diverteixen!<br \/> V\u00edctor ha treballat en casi tots els aspectes de la il\u00b7lustraci\u00f3 i el<br \/> disseny. En 1998, va montar el seu propi estil, Alehop, des d&#8217;on<br \/> segueix treballant, experimentant i innovant. Els seus llibres han<br \/> rebut numerosos premis nacionals i internacionals.<\/p>\n","protected":false},"excerpt":{"rendered":"<p>ESCANDELL, V\u00cdCTOR<\/p>\n","protected":false},"featured_media":883103,"template":"","meta":{"_acf_changed":false,"om_disable_all_campaigns":false,"rs_blank_template":"","rs_page_bg_color":"","slide_template_v7":"","inline_featured_image":false,"_monsterinsights_skip_tracking":false,"_monsterinsights_sitenote_active":false,"_monsterinsights_sitenote_note":"","_monsterinsights_sitenote_category":0},"product_brand":[],"product_cat":[131,361,135,365],"product_tag":[],"class_list":{"0":"post-882439","1":"product","2":"type-product","3":"status-publish","4":"has-post-thumbnail","6":"product_cat-contes-per-infants-0-6-anys","7":"product_cat-cuentos-para-ninos-0-6-anos","8":"product_cat-entreteniment","9":"product_cat-entretenimientos","11":"first","12":"instock","13":"taxable","14":"shipping-taxable","15":"purchasable","16":"product-type-simple"},"acf":{"autor":"ESCANDELL, V\u00cdCTOR","codart":"841953297","libros-coleccion":"FORA DE COL.LECCI\u00d3","ediciones":"1","encuadernacion":"Carton\u00e9","fecha_de_publicacion":"01\/10\/2023","novedad":"1","paginas":"28","subtitulo":"","orden":"0","portada":"0","idioma":"cat","editorial":[{"ID":148985,"post_author":"3","post_date":"2022-10-14 12:02:33","post_date_gmt":"2022-10-14 10:02:33","post_content":"","post_title":"Zahori de ideas","post_excerpt":"","post_status":"publish","comment_status":"closed","ping_status":"closed","post_password":"","post_name":"zahori-de-ideas","to_ping":"","pinged":"","post_modified":"2022-10-14 12:02:33","post_modified_gmt":"2022-10-14 10:02:33","post_content_filtered":"","post_parent":0,"guid":"http:\/\/dev.claret.cat\/editorial\/zahori-de-ideas\/","menu_order":0,"post_type":"editorial","post_mime_type":"","comment_count":"0","filter":"raw"}],"autores-libros":[{"ID":171003,"post_author":"3","post_date":"2022-10-14 22:39:54","post_date_gmt":"2022-10-14 20:39:54","post_content":"","post_title":"VICTOR ESCANDELL","post_excerpt":"","post_status":"publish","comment_status":"closed","ping_status":"closed","post_password":"","post_name":"victor-escandell","to_ping":"","pinged":"","post_modified":"2022-10-14 22:39:54","post_modified_gmt":"2022-10-14 20:39:54","post_content_filtered":"","post_parent":0,"guid":"http:\/\/dev.claret.cat\/autor\/victor-escandell\/","menu_order":0,"post_type":"autor","post_mime_type":"","comment_count":"0","filter":"raw"}]},"aioseo_notices":[],"_links":{"self":[{"href":"https:\/\/www.claret.cat\/es\/wp-json\/wp\/v2\/product\/882439","targetHints":{"allow":["GET"]}}],"collection":[{"href":"https:\/\/www.claret.cat\/es\/wp-json\/wp\/v2\/product"}],"about":[{"href":"https:\/\/www.claret.cat\/es\/wp-json\/wp\/v2\/types\/product"}],"wp:featuredmedia":[{"embeddable":true,"href":"https:\/\/www.claret.cat\/es\/wp-json\/wp\/v2\/media\/883103"}],"wp:attachment":[{"href":"https:\/\/www.claret.cat\/es\/wp-json\/wp\/v2\/media?parent=882439"}],"wp:term":[{"taxonomy":"product_brand","embeddable":true,"href":"https:\/\/www.claret.cat\/es\/wp-json\/wp\/v2\/product_brand?post=882439"},{"taxonomy":"product_cat","embeddable":true,"href":"https:\/\/www.claret.cat\/es\/wp-json\/wp\/v2\/product_cat?post=882439"},{"taxonomy":"product_tag","embeddable":true,"href":"https:\/\/www.claret.cat\/es\/wp-json\/wp\/v2\/product_tag?post=882439"}],"curies":[{"name":"wp","href":"https:\/\/api.w.org\/{rel}","templated":true}]}}