{"id":882442,"date":"2023-10-13T18:25:16","date_gmt":"2023-10-13T16:25:16","guid":{"rendered":"https:\/\/www.claret.cat\/llibre\/minienigmas-de-navidad-9788419532961\/"},"modified":"2023-10-17T16:31:16","modified_gmt":"2023-10-17T14:31:16","slug":"minienigmas-de-navidad-9788419532961","status":"publish","type":"product","link":"https:\/\/www.claret.cat\/es\/libro\/minienigmas-de-navidad-9788419532961\/","title":{"rendered":"MINIENIGMAS DE NAVIDAD"},"content":{"rendered":"<p>Lee las pistas, presta atenci\u00f3n a las<br \/> ilustraciones y levanta las solapas<br \/> para descubrir las respuestas.<br \/> Un libro lleno de sencillos enigmas sobre la Navidad<br \/> e ilustraciones detalladas y rebosantes de pistas. Encontrar\u00e1s<br \/> 20 enigmas espectaculares que pondr\u00e1n a prueba el cerebro<br \/> de los peque\u00f1os detectives, entrenando su razonamiento<br \/> deductivo, aumentando su atenci\u00f3n al detalle y mejorando<br \/> su pensamiento lateral, \u00a1todo esto mientras se divierten!<br \/> Victor ha trabajado en casi todo lo relacionado con la ilustraci\u00f3n<br \/> y el dise\u00f1o. En 1998, mont\u00f3 su propio estudio, Alehop, desde donde<br \/> sigue trabajando, experimentando e innovando. Sus libros han<br \/> recibido numerosos premios nacionales e internacionales.<\/p>\n","protected":false},"excerpt":{"rendered":"<p>ESCANDELL, V\u00cdCTOR<\/p>\n","protected":false},"featured_media":883101,"template":"","meta":{"_acf_changed":false,"om_disable_all_campaigns":false,"rs_blank_template":"","rs_page_bg_color":"","slide_template_v7":"","inline_featured_image":false,"_monsterinsights_skip_tracking":false,"_monsterinsights_sitenote_active":false,"_monsterinsights_sitenote_note":"","_monsterinsights_sitenote_category":0},"product_brand":[],"product_cat":[131,361,135,365],"product_tag":[],"class_list":{"0":"post-882442","1":"product","2":"type-product","3":"status-publish","4":"has-post-thumbnail","6":"product_cat-contes-per-infants-0-6-anys","7":"product_cat-cuentos-para-ninos-0-6-anos","8":"product_cat-entreteniment","9":"product_cat-entretenimientos","11":"first","12":"instock","13":"taxable","14":"shipping-taxable","15":"purchasable","16":"product-type-simple"},"acf":{"autor":"ESCANDELL, V\u00cdCTOR","codart":"841953296","libros-coleccion":"FORA DE COL.LECCI\u00d3","ediciones":"1","encuadernacion":"R\u00fastica","fecha_de_publicacion":"01\/10\/2023","novedad":"1","paginas":"28","subtitulo":"","orden":"0","portada":"0","idioma":"spa","editorial":[{"ID":148985,"post_author":"3","post_date":"2022-10-14 12:02:33","post_date_gmt":"2022-10-14 10:02:33","post_content":"","post_title":"Zahori de ideas","post_excerpt":"","post_status":"publish","comment_status":"closed","ping_status":"closed","post_password":"","post_name":"zahori-de-ideas","to_ping":"","pinged":"","post_modified":"2022-10-14 12:02:33","post_modified_gmt":"2022-10-14 10:02:33","post_content_filtered":"","post_parent":0,"guid":"http:\/\/dev.claret.cat\/editorial\/zahori-de-ideas\/","menu_order":0,"post_type":"editorial","post_mime_type":"","comment_count":"0","filter":"raw"}],"autores-libros":[{"ID":171003,"post_author":"3","post_date":"2022-10-14 22:39:54","post_date_gmt":"2022-10-14 20:39:54","post_content":"","post_title":"VICTOR ESCANDELL","post_excerpt":"","post_status":"publish","comment_status":"closed","ping_status":"closed","post_password":"","post_name":"victor-escandell","to_ping":"","pinged":"","post_modified":"2022-10-14 22:39:54","post_modified_gmt":"2022-10-14 20:39:54","post_content_filtered":"","post_parent":0,"guid":"http:\/\/dev.claret.cat\/autor\/victor-escandell\/","menu_order":0,"post_type":"autor","post_mime_type":"","comment_count":"0","filter":"raw"}]},"aioseo_notices":[],"_links":{"self":[{"href":"https:\/\/www.claret.cat\/es\/wp-json\/wp\/v2\/product\/882442","targetHints":{"allow":["GET"]}}],"collection":[{"href":"https:\/\/www.claret.cat\/es\/wp-json\/wp\/v2\/product"}],"about":[{"href":"https:\/\/www.claret.cat\/es\/wp-json\/wp\/v2\/types\/product"}],"wp:featuredmedia":[{"embeddable":true,"href":"https:\/\/www.claret.cat\/es\/wp-json\/wp\/v2\/media\/883101"}],"wp:attachment":[{"href":"https:\/\/www.claret.cat\/es\/wp-json\/wp\/v2\/media?parent=882442"}],"wp:term":[{"taxonomy":"product_brand","embeddable":true,"href":"https:\/\/www.claret.cat\/es\/wp-json\/wp\/v2\/product_brand?post=882442"},{"taxonomy":"product_cat","embeddable":true,"href":"https:\/\/www.claret.cat\/es\/wp-json\/wp\/v2\/product_cat?post=882442"},{"taxonomy":"product_tag","embeddable":true,"href":"https:\/\/www.claret.cat\/es\/wp-json\/wp\/v2\/product_tag?post=882442"}],"curies":[{"name":"wp","href":"https:\/\/api.w.org\/{rel}","templated":true}]}}