{"id":882534,"date":"2023-10-13T19:15:03","date_gmt":"2023-10-13T17:15:03","guid":{"rendered":"https:\/\/www.claret.cat\/llibre\/animals-el-meu-primer-busca-i-troba-9788467794342\/"},"modified":"2023-10-26T17:34:59","modified_gmt":"2023-10-26T15:34:59","slug":"animals-el-meu-primer-busca-i-troba-9788467794342","status":"publish","type":"product","link":"https:\/\/www.claret.cat\/es\/libro\/animals-el-meu-primer-busca-i-troba-9788467794342\/","title":{"rendered":"ANIMALS. EL MEU PRIMER BUSCA I TROBA"},"content":{"rendered":"<p>Animals del bosc, de la selva, l&#8217;oce\u00e0, la granja&#8230; Troba&#8217;ls i prem els botons per a sentir-los. Amb aquest llibre de cartr\u00f3 de gran format els infants estimularan la seva capacitat d&#8217;observaci\u00f3 mentre es diverteixen amb els sons.<\/p>\n","protected":false},"excerpt":{"rendered":"<p>SUSAETA, EQUIP<\/p>\n","protected":false},"featured_media":882535,"template":"","meta":{"_acf_changed":false,"om_disable_all_campaigns":false,"rs_blank_template":"","rs_page_bg_color":"","slide_template_v7":"","inline_featured_image":false,"_monsterinsights_skip_tracking":false,"_monsterinsights_sitenote_active":false,"_monsterinsights_sitenote_note":"","_monsterinsights_sitenote_category":0},"product_brand":[],"product_cat":[131,361,135,365],"product_tag":[],"class_list":{"0":"post-882534","1":"product","2":"type-product","3":"status-publish","4":"has-post-thumbnail","6":"product_cat-contes-per-infants-0-6-anys","7":"product_cat-cuentos-para-ninos-0-6-anos","8":"product_cat-entreteniment","9":"product_cat-entretenimientos","11":"first","12":"instock","13":"taxable","14":"shipping-taxable","15":"purchasable","16":"product-type-simple"},"acf":{"autor":"SUSAETA, EQUIP","codart":"846779434","libros-coleccion":"El meu primer busca i troba","ediciones":"1","encuadernacion":"Carpeta","fecha_de_publicacion":"01\/09\/2023","novedad":"1","paginas":"10","subtitulo":"","orden":"0","portada":"0","idioma":"cat","editorial":[{"ID":148846,"post_author":"3","post_date":"2022-10-14 12:01:27","post_date_gmt":"2022-10-14 10:01:27","post_content":"","post_title":"SUSAETA EDICIONES","post_excerpt":"","post_status":"publish","comment_status":"closed","ping_status":"closed","post_password":"","post_name":"susaeta-ediciones","to_ping":"","pinged":"","post_modified":"2022-10-14 12:01:27","post_modified_gmt":"2022-10-14 10:01:27","post_content_filtered":"","post_parent":0,"guid":"http:\/\/dev.claret.cat\/editorial\/susaeta-ediciones\/","menu_order":0,"post_type":"editorial","post_mime_type":"","comment_count":"0","filter":"raw"}],"autores-libros":[{"ID":155214,"post_author":"3","post_date":"2022-10-14 15:11:04","post_date_gmt":"2022-10-14 13:11:04","post_content":"","post_title":"EQUIP SUSAETA","post_excerpt":"","post_status":"publish","comment_status":"closed","ping_status":"closed","post_password":"","post_name":"equip-susaeta","to_ping":"","pinged":"","post_modified":"2022-10-14 15:11:04","post_modified_gmt":"2022-10-14 13:11:04","post_content_filtered":"","post_parent":0,"guid":"http:\/\/dev.claret.cat\/autor\/equip-susaeta\/","menu_order":0,"post_type":"autor","post_mime_type":"","comment_count":"0","filter":"raw"}]},"aioseo_notices":[],"_links":{"self":[{"href":"https:\/\/www.claret.cat\/es\/wp-json\/wp\/v2\/product\/882534","targetHints":{"allow":["GET"]}}],"collection":[{"href":"https:\/\/www.claret.cat\/es\/wp-json\/wp\/v2\/product"}],"about":[{"href":"https:\/\/www.claret.cat\/es\/wp-json\/wp\/v2\/types\/product"}],"wp:featuredmedia":[{"embeddable":true,"href":"https:\/\/www.claret.cat\/es\/wp-json\/wp\/v2\/media\/882535"}],"wp:attachment":[{"href":"https:\/\/www.claret.cat\/es\/wp-json\/wp\/v2\/media?parent=882534"}],"wp:term":[{"taxonomy":"product_brand","embeddable":true,"href":"https:\/\/www.claret.cat\/es\/wp-json\/wp\/v2\/product_brand?post=882534"},{"taxonomy":"product_cat","embeddable":true,"href":"https:\/\/www.claret.cat\/es\/wp-json\/wp\/v2\/product_cat?post=882534"},{"taxonomy":"product_tag","embeddable":true,"href":"https:\/\/www.claret.cat\/es\/wp-json\/wp\/v2\/product_tag?post=882534"}],"curies":[{"name":"wp","href":"https:\/\/api.w.org\/{rel}","templated":true}]}}