{"id":882547,"date":"2023-10-13T19:20:19","date_gmt":"2023-10-13T17:20:19","guid":{"rendered":"https:\/\/www.claret.cat\/llibre\/especias-y-plantas-aromaticas-9788467799569\/"},"modified":"2023-10-13T19:32:17","modified_gmt":"2023-10-13T17:32:17","slug":"especias-y-plantas-aromaticas-9788467799569","status":"publish","type":"product","link":"https:\/\/www.claret.cat\/es\/libro\/especias-y-plantas-aromaticas-9788467799569\/","title":{"rendered":"ESPECIAS Y PLANTAS AROM\u00c1TICAS"},"content":{"rendered":"<p>Las especias han jugado un papel capital en la historia de la humanidad y encontramos su rastro no solo en la cocina, sino tambi\u00e9n como motor de descubrimientos geogr\u00e1ficos, desarrollo de imperios, costumbres tribales y hasta en la religi\u00f3n, la antropolog\u00eda, y el arte. Pero \u00bfqu\u00e9 es una especia? \u00bfDe d\u00f3nde vienen? \u00bfQu\u00e9 sabor tienen?, \u00bfc\u00f3mo se utilizan? Este libro acerca al lector la historia, las propiedades culinarias y el uso adecuado de las especias y sus mezclas. Tambi\u00e9n encontrar\u00e1 numerosas aplicaciones pr\u00e1cticas a modo de recetas.<\/p>\n","protected":false},"excerpt":{"rendered":"<p>MONTORO, JORGE<\/p>\n","protected":false},"featured_media":882548,"template":"","meta":{"_acf_changed":false,"om_disable_all_campaigns":false,"rs_blank_template":"","rs_page_bg_color":"","slide_template_v7":"","inline_featured_image":false,"_monsterinsights_skip_tracking":false,"_monsterinsights_sitenote_active":false,"_monsterinsights_sitenote_note":"","_monsterinsights_sitenote_category":0},"product_brand":[],"product_cat":[553,103,105,555],"product_tag":[],"class_list":{"0":"post-882547","1":"product","2":"type-product","3":"status-publish","4":"has-post-thumbnail","6":"product_cat-cocina","7":"product_cat-cuina","8":"product_cat-regal","9":"product_cat-regalo","11":"first","12":"instock","13":"taxable","14":"shipping-taxable","15":"purchasable","16":"product-type-simple"},"acf":{"autor":"MONTORO, JORGE","codart":"846779956","libros-coleccion":"Atlas Ilustrado","ediciones":"1","encuadernacion":"Carton\u00e9","fecha_de_publicacion":"01\/09\/2023","novedad":"1","paginas":"252","subtitulo":"","orden":"0","portada":"0","idioma":"spa","editorial":[{"ID":148846,"post_author":"3","post_date":"2022-10-14 12:01:27","post_date_gmt":"2022-10-14 10:01:27","post_content":"","post_title":"SUSAETA EDICIONES","post_excerpt":"","post_status":"publish","comment_status":"closed","ping_status":"closed","post_password":"","post_name":"susaeta-ediciones","to_ping":"","pinged":"","post_modified":"2022-10-14 12:01:27","post_modified_gmt":"2022-10-14 10:01:27","post_content_filtered":"","post_parent":0,"guid":"http:\/\/dev.claret.cat\/editorial\/susaeta-ediciones\/","menu_order":0,"post_type":"editorial","post_mime_type":"","comment_count":"0","filter":"raw"}],"autores-libros":[{"ID":160094,"post_author":"3","post_date":"2022-10-14 15:50:15","post_date_gmt":"2022-10-14 13:50:15","post_content":"","post_title":"JORGE MONTORO","post_excerpt":"","post_status":"publish","comment_status":"closed","ping_status":"closed","post_password":"","post_name":"jorge-montoro","to_ping":"","pinged":"","post_modified":"2022-10-14 15:50:15","post_modified_gmt":"2022-10-14 13:50:15","post_content_filtered":"","post_parent":0,"guid":"http:\/\/dev.claret.cat\/autor\/jorge-montoro\/","menu_order":0,"post_type":"autor","post_mime_type":"","comment_count":"0","filter":"raw"}]},"aioseo_notices":[],"_links":{"self":[{"href":"https:\/\/www.claret.cat\/es\/wp-json\/wp\/v2\/product\/882547","targetHints":{"allow":["GET"]}}],"collection":[{"href":"https:\/\/www.claret.cat\/es\/wp-json\/wp\/v2\/product"}],"about":[{"href":"https:\/\/www.claret.cat\/es\/wp-json\/wp\/v2\/types\/product"}],"wp:featuredmedia":[{"embeddable":true,"href":"https:\/\/www.claret.cat\/es\/wp-json\/wp\/v2\/media\/882548"}],"wp:attachment":[{"href":"https:\/\/www.claret.cat\/es\/wp-json\/wp\/v2\/media?parent=882547"}],"wp:term":[{"taxonomy":"product_brand","embeddable":true,"href":"https:\/\/www.claret.cat\/es\/wp-json\/wp\/v2\/product_brand?post=882547"},{"taxonomy":"product_cat","embeddable":true,"href":"https:\/\/www.claret.cat\/es\/wp-json\/wp\/v2\/product_cat?post=882547"},{"taxonomy":"product_tag","embeddable":true,"href":"https:\/\/www.claret.cat\/es\/wp-json\/wp\/v2\/product_tag?post=882547"}],"curies":[{"name":"wp","href":"https:\/\/api.w.org\/{rel}","templated":true}]}}