{"id":882589,"date":"2023-10-14T11:35:11","date_gmt":"2023-10-14T09:35:11","guid":{"rendered":"https:\/\/www.claret.cat\/llibre\/excursions-a-peu-pel-montgri-9788413563077\/"},"modified":"2023-11-21T18:25:16","modified_gmt":"2023-11-21T17:25:16","slug":"excursions-a-peu-pel-montgri-9788413563077","status":"publish","type":"product","link":"https:\/\/www.claret.cat\/es\/libro\/excursions-a-peu-pel-montgri-9788413563077\/","title":{"rendered":"EXCURSIONS A PEU PEL MONTGR\u00cd"},"content":{"rendered":"<p>GUIA A TOT COLOR I EN FORMAT BUTXACA, PER GAUDIR D&#8217;UN TERRITORI PRIVILEGIAT.  El Parc Natural per on transcorren aquestes 15 excursions compr\u00e8n el mass\u00eds del Montgr\u00ed i el seu entorn mar\u00ed (incloses les illes Medes), aix\u00ed com el litoral del Baix Ter. El valor paisatg\u00edstic de la zona \u00e9s fruit d&#8217;un conjunt de factors geol\u00f2gics i humans que han anat donant forma al seu medi f\u00edsic i natural, amb comunitats vegetals caracter\u00edstiques. Tot aix\u00f2, combinat amb interessants vestigis hist\u00f2rics, que van des del paleol\u00edtic inferior fins als masos fortificats, tot coronat per l&#8217;imponent castell del Montgr\u00ed.<\/p>\n","protected":false},"excerpt":{"rendered":"<p>GREGORI I PONS, FRANCESC XAVIER<\/p>\n","protected":false},"featured_media":942564,"template":"","meta":{"_acf_changed":false,"om_disable_all_campaigns":false,"rs_blank_template":"","rs_page_bg_color":"","slide_template_v7":"","inline_featured_image":false,"_monsterinsights_skip_tracking":false,"_monsterinsights_sitenote_active":false,"_monsterinsights_sitenote_note":"","_monsterinsights_sitenote_category":0},"product_brand":[],"product_cat":[557,107],"product_tag":[],"class_list":{"0":"post-882589","1":"product","2":"type-product","3":"status-publish","4":"has-post-thumbnail","6":"product_cat-guias-de-viaje","7":"product_cat-guies-de-viatge","9":"first","10":"instock","11":"taxable","12":"shipping-taxable","13":"purchasable","14":"product-type-simple"},"acf":{"autor":"GREGORI I PONS, FRANCESC XAVIER","codart":"841356307","libros-coleccion":"Miniazimuts","ediciones":"1","encuadernacion":"R\u00fastica","fecha_de_publicacion":"01\/10\/2023","novedad":"1","paginas":"72253","subtitulo":"15 RUTES PEL PARC NATURAL","orden":"0","portada":"0","idioma":"cau","editorial":[{"ID":6171,"post_author":"3","post_date":"2022-07-28 17:46:25","post_date_gmt":"2022-07-28 15:46:25","post_content":"","post_title":"COSSETANIA EDICIONS","post_excerpt":"","post_status":"publish","comment_status":"closed","ping_status":"closed","post_password":"","post_name":"cossetania-edicions","to_ping":"","pinged":"","post_modified":"2022-07-28 17:46:25","post_modified_gmt":"2022-07-28 15:46:25","post_content_filtered":"","post_parent":0,"guid":"http:\/\/dev.claret.cat\/editorial\/cossetania-edicions\/","menu_order":0,"post_type":"editorial","post_mime_type":"","comment_count":"0","filter":"raw"}],"autores-libros":[{"ID":156153,"post_author":"3","post_date":"2022-10-14 15:18:32","post_date_gmt":"2022-10-14 13:18:32","post_content":"","post_title":"FRANCESC XAVIER GREGORI I PONS","post_excerpt":"","post_status":"publish","comment_status":"closed","ping_status":"closed","post_password":"","post_name":"francesc-xavier-gregori-i-pons","to_ping":"","pinged":"","post_modified":"2022-10-14 15:18:32","post_modified_gmt":"2022-10-14 13:18:32","post_content_filtered":"","post_parent":0,"guid":"http:\/\/dev.claret.cat\/autor\/francesc-xavier-gregori-i-pons\/","menu_order":0,"post_type":"autor","post_mime_type":"","comment_count":"0","filter":"raw"}]},"aioseo_notices":[],"_links":{"self":[{"href":"https:\/\/www.claret.cat\/es\/wp-json\/wp\/v2\/product\/882589","targetHints":{"allow":["GET"]}}],"collection":[{"href":"https:\/\/www.claret.cat\/es\/wp-json\/wp\/v2\/product"}],"about":[{"href":"https:\/\/www.claret.cat\/es\/wp-json\/wp\/v2\/types\/product"}],"wp:featuredmedia":[{"embeddable":true,"href":"https:\/\/www.claret.cat\/es\/wp-json\/wp\/v2\/media\/942564"}],"wp:attachment":[{"href":"https:\/\/www.claret.cat\/es\/wp-json\/wp\/v2\/media?parent=882589"}],"wp:term":[{"taxonomy":"product_brand","embeddable":true,"href":"https:\/\/www.claret.cat\/es\/wp-json\/wp\/v2\/product_brand?post=882589"},{"taxonomy":"product_cat","embeddable":true,"href":"https:\/\/www.claret.cat\/es\/wp-json\/wp\/v2\/product_cat?post=882589"},{"taxonomy":"product_tag","embeddable":true,"href":"https:\/\/www.claret.cat\/es\/wp-json\/wp\/v2\/product_tag?post=882589"}],"curies":[{"name":"wp","href":"https:\/\/api.w.org\/{rel}","templated":true}]}}