{"id":882721,"date":"2023-10-14T13:55:51","date_gmt":"2023-10-14T11:55:51","guid":{"rendered":"https:\/\/www.claret.cat\/llibre\/punto-ciego-9788408278696\/"},"modified":"2024-06-06T14:00:28","modified_gmt":"2024-06-06T12:00:28","slug":"punto-ciego-9788408278696","status":"publish","type":"product","link":"https:\/\/www.claret.cat\/es\/libro\/punto-ciego-9788408278696\/","title":{"rendered":"PUNTO CIEGO"},"content":{"rendered":"<p>Paula Hawkins, autora de La chica del tren, se ha convertido un fen\u00f3meno mundial con m\u00e1s de 27 millones de lectores en 50 pa\u00edses.\u00bfA QUI\u00c9N VAS A CREER? <br \/> Desde que son ni\u00f1os, Edie, Jake y Ryan han sido insepa\u00adrables; ellos tres contra el mundo. Edie pensaba que su amistad podr\u00eda con todo as\u00ed que, cuando su marido, Jake es brutalmente asesinado y su mejor amigo, Ryan, acusado del crimen, su mundo se desmorona.<br \/> Edie se encuentra sola por primera vez en muchos a\u00f1os en la casa del acantilado que compart\u00eda con Jake. Est\u00e1 en pleno duelo y tiene miedo, y no le faltan razones para tenerlo, pues alguien la est\u00e1 vigilando, alguien que lleva mucho tiempo esperando este momento. Ahora que Edie es vulnerable, el pasado del que ha intentado huir desesperadamente est\u00e1 a punto de llamar a su puerta.<br \/> Paula Hawkins, la autora de La chica del tren, nos ofrece una novela apasionante en la que descubriremos que hasta el acto mejor intencionado puede tener tr\u00e1gicas consecuencias. Una historia llena de giros y tensi\u00f3n mag\u00adn\u00edficamente escrita por la reina indiscutible del suspense.<\/p>\n","protected":false},"excerpt":{"rendered":"<p>HAWKINS, PAULA<\/p>\n","protected":false},"featured_media":882722,"template":"","meta":{"_acf_changed":false,"om_disable_all_campaigns":false,"rs_blank_template":"","rs_page_bg_color":"","slide_template_v7":"","inline_featured_image":false,"_monsterinsights_skip_tracking":false,"_monsterinsights_sitenote_active":false,"_monsterinsights_sitenote_note":"","_monsterinsights_sitenote_category":0},"product_brand":[],"product_cat":[127,357],"product_tag":[],"class_list":{"0":"post-882721","1":"product","2":"type-product","3":"status-publish","4":"has-post-thumbnail","6":"product_cat-novella-contemporania","7":"product_cat-novela-contemporanea","9":"first","10":"instock","11":"taxable","12":"shipping-taxable","13":"purchasable","14":"product-type-simple"},"acf":{"autor":"HAWKINS, PAULA","codart":"840827869","libros-coleccion":"Crimen y Misterio","ediciones":"1","encuadernacion":"R\u00fastica","fecha_de_publicacion":"01\/10\/2023","novedad":"1","paginas":"158","subtitulo":"","orden":"0","portada":"0","idioma":"spa","editorial":[{"ID":6233,"post_author":"3","post_date":"2022-07-28 17:47:48","post_date_gmt":"2022-07-28 15:47:48","post_content":"","post_title":"EDITORIAL PLANETA","post_excerpt":"","post_status":"publish","comment_status":"closed","ping_status":"closed","post_password":"","post_name":"editorial-planeta","to_ping":"","pinged":"","post_modified":"2022-07-28 17:47:48","post_modified_gmt":"2022-07-28 15:47:48","post_content_filtered":"","post_parent":0,"guid":"http:\/\/dev.claret.cat\/editorial\/editorial-planeta\/","menu_order":0,"post_type":"editorial","post_mime_type":"","comment_count":"0","filter":"raw"}],"autores-libros":[{"ID":5928,"post_author":"3","post_date":"2022-07-28 17:34:29","post_date_gmt":"2022-07-28 15:34:29","post_content":"","post_title":"PAULA HAWKINS","post_excerpt":"","post_status":"publish","comment_status":"closed","ping_status":"closed","post_password":"","post_name":"paula-hawkins","to_ping":"","pinged":"","post_modified":"2022-07-28 17:34:29","post_modified_gmt":"2022-07-28 15:34:29","post_content_filtered":"","post_parent":0,"guid":"http:\/\/dev.claret.cat\/autor\/paula-hawkins\/","menu_order":0,"post_type":"autor","post_mime_type":"","comment_count":"0","filter":"raw"}]},"aioseo_notices":[],"_links":{"self":[{"href":"https:\/\/www.claret.cat\/es\/wp-json\/wp\/v2\/product\/882721","targetHints":{"allow":["GET"]}}],"collection":[{"href":"https:\/\/www.claret.cat\/es\/wp-json\/wp\/v2\/product"}],"about":[{"href":"https:\/\/www.claret.cat\/es\/wp-json\/wp\/v2\/types\/product"}],"wp:featuredmedia":[{"embeddable":true,"href":"https:\/\/www.claret.cat\/es\/wp-json\/wp\/v2\/media\/882722"}],"wp:attachment":[{"href":"https:\/\/www.claret.cat\/es\/wp-json\/wp\/v2\/media?parent=882721"}],"wp:term":[{"taxonomy":"product_brand","embeddable":true,"href":"https:\/\/www.claret.cat\/es\/wp-json\/wp\/v2\/product_brand?post=882721"},{"taxonomy":"product_cat","embeddable":true,"href":"https:\/\/www.claret.cat\/es\/wp-json\/wp\/v2\/product_cat?post=882721"},{"taxonomy":"product_tag","embeddable":true,"href":"https:\/\/www.claret.cat\/es\/wp-json\/wp\/v2\/product_tag?post=882721"}],"curies":[{"name":"wp","href":"https:\/\/api.w.org\/{rel}","templated":true}]}}