{"id":882762,"date":"2023-10-16T16:36:12","date_gmt":"2023-10-16T14:36:12","guid":{"rendered":"https:\/\/www.claret.cat\/llibre\/biblia-ultrabina-rvr60-tapa-tela-con-cremallera-flores-primaverales-9788480836470\/"},"modified":"2023-10-17T15:25:07","modified_gmt":"2023-10-17T13:25:07","slug":"biblia-ultrabina-rvr60-tapa-tela-con-cremallera-flores-primaverales-9788480836470","status":"publish","type":"product","link":"https:\/\/www.claret.cat\/es\/libro\/biblia-ultrabina-rvr60-tapa-tela-con-cremallera-flores-primaverales-9788480836470\/","title":{"rendered":"BIBLIA ULTRABINA RVR60 TAPA TELA CON CREMALLERA FLORES PRIMAVERALES"},"content":{"rendered":"<p>Con s\u00f3lo 2 cm de grosor y poco m\u00e1s de 400 gramos de peso, estas Biblias ultrafinas de tela son ideales para llevar a cualquier parte. Adem\u00e1s su cremallera les ofrece una protecci\u00f3n adicional. La letra es clara de 8.5 puntos.<\/p>\n<p>o Tama\u00f1o: 135&#215;210 mm<br \/>o Letra 8.5 puntos<br \/>o Tipograf\u00eda clara<br \/>o Cubierta ultrafina con cierre<br \/>o Cubierta de tela impresa<br \/>o P\u00e1ginas: 928<br \/>o Notas a pie de p\u00e1gina<br \/>o Referencias cruzadas a pie de p\u00e1gina<\/p>\n<p>Contenidos especiales:<br \/>o Introducci\u00f3n de la Biblia<br \/>o Explicaci\u00f3n de la traducci\u00f3n Reina Valera<br \/>o C\u00f3mo leer la Biblia<br \/>o Qu\u00e9 dice la Biblia acerca del perd\u00f3n<br \/>o C\u00f3mo encontrar ayuda en la Biblia<br \/>o Pasajes famosos de la Biblia<br \/>o Plan de lectura de la Biblia en un a\u00f1o<\/p>\n","protected":false},"excerpt":{"rendered":"<p>REINA VALERA<\/p>\n","protected":false},"featured_media":882763,"template":"","meta":{"_acf_changed":false,"om_disable_all_campaigns":false,"rs_blank_template":"","rs_page_bg_color":"","slide_template_v7":"","inline_featured_image":false,"_monsterinsights_skip_tracking":false,"_monsterinsights_sitenote_active":false,"_monsterinsights_sitenote_note":"","_monsterinsights_sitenote_category":0},"product_brand":[],"product_cat":[420,296],"product_tag":[],"class_list":{"0":"post-882762","1":"product","2":"type-product","3":"status-publish","4":"has-post-thumbnail","6":"product_cat-biblias","7":"product_cat-biblies","9":"first","10":"instock","11":"taxable","12":"shipping-taxable","13":"purchasable","14":"product-type-simple"},"acf":{"autor":"REINA VALERA","codart":"848083647","libros-coleccion":"","ediciones":"1","encuadernacion":"R\u00fastica","fecha_de_publicacion":"16\/10\/2023","novedad":"1","paginas":"928","subtitulo":"","orden":"0","portada":"0","idioma":"spa","editorial":[{"ID":6366,"post_author":"3","post_date":"2022-07-28 17:50:39","post_date_gmt":"2022-07-28 15:50:39","post_content":"","post_title":"Sociedad B\u00edblica","post_excerpt":"","post_status":"publish","comment_status":"closed","ping_status":"closed","post_password":"","post_name":"sociedad-biblica","to_ping":"","pinged":"","post_modified":"2022-07-28 17:50:39","post_modified_gmt":"2022-07-28 15:50:39","post_content_filtered":"","post_parent":0,"guid":"http:\/\/dev.claret.cat\/editorial\/sociedad-biblica\/","menu_order":0,"post_type":"editorial","post_mime_type":"","comment_count":"0","filter":"raw"}],"autores-libros":[{"ID":167946,"post_author":"3","post_date":"2022-10-14 18:15:16","post_date_gmt":"2022-10-14 16:15:16","post_content":"","post_title":"REINA VALERA","post_excerpt":"","post_status":"publish","comment_status":"closed","ping_status":"closed","post_password":"","post_name":"reina-valera","to_ping":"","pinged":"","post_modified":"2022-10-14 18:15:16","post_modified_gmt":"2022-10-14 16:15:16","post_content_filtered":"","post_parent":0,"guid":"http:\/\/dev.claret.cat\/autor\/reina-valera\/","menu_order":0,"post_type":"autor","post_mime_type":"","comment_count":"0","filter":"raw"}]},"aioseo_notices":[],"_links":{"self":[{"href":"https:\/\/www.claret.cat\/es\/wp-json\/wp\/v2\/product\/882762","targetHints":{"allow":["GET"]}}],"collection":[{"href":"https:\/\/www.claret.cat\/es\/wp-json\/wp\/v2\/product"}],"about":[{"href":"https:\/\/www.claret.cat\/es\/wp-json\/wp\/v2\/types\/product"}],"wp:featuredmedia":[{"embeddable":true,"href":"https:\/\/www.claret.cat\/es\/wp-json\/wp\/v2\/media\/882763"}],"wp:attachment":[{"href":"https:\/\/www.claret.cat\/es\/wp-json\/wp\/v2\/media?parent=882762"}],"wp:term":[{"taxonomy":"product_brand","embeddable":true,"href":"https:\/\/www.claret.cat\/es\/wp-json\/wp\/v2\/product_brand?post=882762"},{"taxonomy":"product_cat","embeddable":true,"href":"https:\/\/www.claret.cat\/es\/wp-json\/wp\/v2\/product_cat?post=882762"},{"taxonomy":"product_tag","embeddable":true,"href":"https:\/\/www.claret.cat\/es\/wp-json\/wp\/v2\/product_tag?post=882762"}],"curies":[{"name":"wp","href":"https:\/\/api.w.org\/{rel}","templated":true}]}}