{"id":882808,"date":"2023-10-16T17:21:04","date_gmt":"2023-10-16T15:21:04","guid":{"rendered":"https:\/\/www.claret.cat\/llibre\/academia-unicornio-4-isabel-y-nube-9788427237285\/"},"modified":"2025-04-07T11:42:03","modified_gmt":"2025-04-07T09:42:03","slug":"academia-unicornio-4-isabel-y-nube-9788427237285","status":"publish","type":"product","link":"https:\/\/www.claret.cat\/es\/libro\/academia-unicornio-4-isabel-y-nube-9788427237285\/","title":{"rendered":"ACADEMIA UNICORNIO 4 &#8211; ISABEL Y NUBE"},"content":{"rendered":"<p>Entra en la Academia Unicornio&#8230; \u00a1donde todo es m\u00e1gico! A Isabel le encanta cabalgar sobre Nube por los terrenos de la Academia Unicornio y se muere de ganas de conocer el poder m\u00e1gico de su mejor amigo. Lo que no se imaginan Isabel y Nube es que les espera una gran aventura en la que tendr\u00e1n que aprender a confiar la una en el otro: alguien ha lanzado un maleficio sobre el lago m\u00e1gico de la Academia y depende de ellos dos salvar el colegio&#8230;<\/p>\n","protected":false},"excerpt":{"rendered":"<p>SYKES, JULIE<\/p>\n","protected":false},"featured_media":883010,"template":"","meta":{"_acf_changed":false,"om_disable_all_campaigns":false,"rs_blank_template":"","rs_page_bg_color":"","slide_template_v7":"","inline_featured_image":false,"_monsterinsights_skip_tracking":false,"_monsterinsights_sitenote_active":false,"_monsterinsights_sitenote_note":"","_monsterinsights_sitenote_category":0},"product_brand":[],"product_cat":[132,362],"product_tag":[],"class_list":{"0":"post-882808","1":"product","2":"type-product","3":"status-publish","4":"has-post-thumbnail","6":"product_cat-lectures-per-preadolescents-6-12-anys","7":"product_cat-libros-preadolescentes-6-12-anos","9":"first","10":"instock","11":"taxable","12":"shipping-taxable","13":"purchasable","14":"product-type-simple"},"acf":{"autor":"SYKES, JULIE","codart":"842723728","libros-coleccion":"FORA DE COL.LECCI\u00d3","ediciones":"1","encuadernacion":"R\u00fastica","fecha_de_publicacion":"01\/10\/2023","novedad":"1","paginas":"112","subtitulo":"","orden":"0","portada":"0","idioma":"spa","editorial":[{"ID":6346,"post_author":"3","post_date":"2022-07-28 17:50:13","post_date_gmt":"2022-07-28 15:50:13","post_content":"","post_title":"RBA Molino","post_excerpt":"","post_status":"publish","comment_status":"closed","ping_status":"closed","post_password":"","post_name":"rba-molino","to_ping":"","pinged":"","post_modified":"2022-07-28 17:50:13","post_modified_gmt":"2022-07-28 15:50:13","post_content_filtered":"","post_parent":0,"guid":"http:\/\/dev.claret.cat\/editorial\/rba-molino\/","menu_order":0,"post_type":"editorial","post_mime_type":"","comment_count":"0","filter":"raw"}],"autores-libros":[{"ID":450318,"post_author":"3","post_date":"2023-07-10 12:20:03","post_date_gmt":"2023-07-10 10:20:03","post_content":"","post_title":"JULIE SYKES","post_excerpt":"","post_status":"publish","comment_status":"closed","ping_status":"closed","post_password":"","post_name":"julie-sykes","to_ping":"","pinged":"","post_modified":"2023-07-10 12:20:03","post_modified_gmt":"2023-07-10 10:20:03","post_content_filtered":"","post_parent":0,"guid":"https:\/\/www.claret.cat\/autor\/julie-sykes\/","menu_order":0,"post_type":"autor","post_mime_type":"","comment_count":"0","filter":"raw"}]},"aioseo_notices":[],"_links":{"self":[{"href":"https:\/\/www.claret.cat\/es\/wp-json\/wp\/v2\/product\/882808","targetHints":{"allow":["GET"]}}],"collection":[{"href":"https:\/\/www.claret.cat\/es\/wp-json\/wp\/v2\/product"}],"about":[{"href":"https:\/\/www.claret.cat\/es\/wp-json\/wp\/v2\/types\/product"}],"wp:featuredmedia":[{"embeddable":true,"href":"https:\/\/www.claret.cat\/es\/wp-json\/wp\/v2\/media\/883010"}],"wp:attachment":[{"href":"https:\/\/www.claret.cat\/es\/wp-json\/wp\/v2\/media?parent=882808"}],"wp:term":[{"taxonomy":"product_brand","embeddable":true,"href":"https:\/\/www.claret.cat\/es\/wp-json\/wp\/v2\/product_brand?post=882808"},{"taxonomy":"product_cat","embeddable":true,"href":"https:\/\/www.claret.cat\/es\/wp-json\/wp\/v2\/product_cat?post=882808"},{"taxonomy":"product_tag","embeddable":true,"href":"https:\/\/www.claret.cat\/es\/wp-json\/wp\/v2\/product_tag?post=882808"}],"curies":[{"name":"wp","href":"https:\/\/api.w.org\/{rel}","templated":true}]}}