{"id":883176,"date":"2023-10-17T17:28:20","date_gmt":"2023-10-17T15:28:20","guid":{"rendered":"https:\/\/www.claret.cat\/llibre\/memory-dels-dracs-9788419747136\/"},"modified":"2026-03-02T13:20:18","modified_gmt":"2026-03-02T12:20:18","slug":"memory-dels-dracs-9788419747136","status":"publish","type":"product","link":"https:\/\/www.claret.cat\/es\/libro\/memory-dels-dracs-9788419747136\/","title":{"rendered":"MEMORY DELS DRACS"},"content":{"rendered":"<p>Arriba el joc del Memory dels dracs de Catalunya, amb 40 cartes de dracs il\u00b7lustrats per JuanolO. Amb una \u00e0mplia diversitat de figures: dracs, v\u00edbries&#8230; per fer parelles i descobrir algunes de les figures de festa m\u00e9s emblem\u00e0tiques de les nostres festes majors.<\/p>\n","protected":false},"excerpt":{"rendered":"<p>JUANOLO<\/p>\n","protected":false},"featured_media":1050488,"template":"","meta":{"_acf_changed":false,"om_disable_all_campaigns":false,"rs_blank_template":"","rs_page_bg_color":"","slide_template_v7":"","inline_featured_image":false,"_monsterinsights_skip_tracking":false,"_monsterinsights_sitenote_active":false,"_monsterinsights_sitenote_note":"","_monsterinsights_sitenote_category":0},"product_brand":[],"product_cat":[105,555],"product_tag":[],"class_list":{"0":"post-883176","1":"product","2":"type-product","3":"status-publish","4":"has-post-thumbnail","6":"product_cat-regal","7":"product_cat-regalo","9":"first","10":"instock","11":"taxable","12":"shipping-taxable","13":"purchasable","14":"product-type-simple"},"acf":{"autor":"JUANOLO","codart":"841974713","libros-coleccion":"FORA DE COL.LECCI\u00d3","ediciones":"1","encuadernacion":"Carpeta","fecha_de_publicacion":"01\/10\/2023","novedad":"1","paginas":"1","subtitulo":"","orden":"0","portada":"0","idioma":"cat","editorial":[{"ID":148063,"post_author":"3","post_date":"2022-10-14 11:55:21","post_date_gmt":"2022-10-14 09:55:21","post_content":"","post_title":"EL CEP I LA NANSA EDICIONS","post_excerpt":"","post_status":"publish","comment_status":"closed","ping_status":"closed","post_password":"","post_name":"el-cep-i-la-nansa-edicions","to_ping":"","pinged":"","post_modified":"2022-10-14 11:55:21","post_modified_gmt":"2022-10-14 09:55:21","post_content_filtered":"","post_parent":0,"guid":"http:\/\/dev.claret.cat\/editorial\/el-cep-i-la-nansa-edicions\/","menu_order":0,"post_type":"editorial","post_mime_type":"","comment_count":"0","filter":"raw"}],"autores-libros":[{"ID":161197,"post_author":"3","post_date":"2022-10-14 17:16:16","post_date_gmt":"2022-10-14 15:16:16","post_content":"","post_title":"JUANOLO","post_excerpt":"","post_status":"publish","comment_status":"closed","ping_status":"closed","post_password":"","post_name":"juanolo","to_ping":"","pinged":"","post_modified":"2022-10-14 17:16:16","post_modified_gmt":"2022-10-14 15:16:16","post_content_filtered":"","post_parent":0,"guid":"http:\/\/dev.claret.cat\/autor\/juanolo\/","menu_order":0,"post_type":"autor","post_mime_type":"","comment_count":"0","filter":"raw"}],"booktrailer":"","resenas":""},"aioseo_notices":[],"_links":{"self":[{"href":"https:\/\/www.claret.cat\/es\/wp-json\/wp\/v2\/product\/883176","targetHints":{"allow":["GET"]}}],"collection":[{"href":"https:\/\/www.claret.cat\/es\/wp-json\/wp\/v2\/product"}],"about":[{"href":"https:\/\/www.claret.cat\/es\/wp-json\/wp\/v2\/types\/product"}],"wp:featuredmedia":[{"embeddable":true,"href":"https:\/\/www.claret.cat\/es\/wp-json\/wp\/v2\/media\/1050488"}],"wp:attachment":[{"href":"https:\/\/www.claret.cat\/es\/wp-json\/wp\/v2\/media?parent=883176"}],"wp:term":[{"taxonomy":"product_brand","embeddable":true,"href":"https:\/\/www.claret.cat\/es\/wp-json\/wp\/v2\/product_brand?post=883176"},{"taxonomy":"product_cat","embeddable":true,"href":"https:\/\/www.claret.cat\/es\/wp-json\/wp\/v2\/product_cat?post=883176"},{"taxonomy":"product_tag","embeddable":true,"href":"https:\/\/www.claret.cat\/es\/wp-json\/wp\/v2\/product_tag?post=883176"}],"curies":[{"name":"wp","href":"https:\/\/api.w.org\/{rel}","templated":true}]}}