{"id":88318,"date":"2022-10-11T18:15:53","date_gmt":"2022-10-11T16:15:53","guid":{"rendered":"http:\/\/dev.claret.cat\/producte\/bella-dama-sense-pietat-la\/"},"modified":"2023-01-28T18:04:52","modified_gmt":"2023-01-28T17:04:52","slug":"bella-dama-sense-pietat-la-9788412001785","status":"publish","type":"product","link":"https:\/\/www.claret.cat\/es\/libro\/bella-dama-sense-pietat-la-9788412001785\/","title":{"rendered":"BELLA DAMA SENSE PIETAT, LA"},"content":{"rendered":"<p>Una antologia de traduccions de poesies angleses de finals del segle XVIII fins a l&#8217;actualitat del poeta Miquel Desclot. Es presenta com un volum d&#8217;interpretacions po\u00e8tiques, un recull de poesies catalanes, que s&#8217;ofereixen sense el text original, que no pretenen substituir els originals anglesos, sin\u00f3 presentar-se com a poesies de ple dret, amb l&#8217;esperan\u00e7a que tinguin prou capacitat de persuasi\u00f3 per commoure.<\/p>\n","protected":false},"excerpt":{"rendered":"<p>DESCLOT, MIQUEL<\/p>\n","protected":false},"featured_media":88319,"template":"","meta":{"_acf_changed":false,"om_disable_all_campaigns":false,"rs_blank_template":"","rs_page_bg_color":"","slide_template_v7":"","inline_featured_image":false,"_monsterinsights_skip_tracking":false,"_monsterinsights_sitenote_active":false,"_monsterinsights_sitenote_note":"","_monsterinsights_sitenote_category":0},"product_brand":[],"product_cat":[121],"product_tag":[],"class_list":{"0":"post-88318","1":"product","2":"type-product","3":"status-publish","4":"has-post-thumbnail","6":"product_cat-poesia","8":"first","9":"instock","10":"taxable","11":"shipping-taxable","12":"purchasable","13":"product-type-simple"},"acf":{"editorial":[{"ID":147897,"post_author":"3","post_date":"2022-10-14 11:54:04","post_date_gmt":"2022-10-14 09:54:04","post_content":"","post_title":"EDICIONS VITEL\u00b7LA","post_excerpt":"","post_status":"publish","comment_status":"closed","ping_status":"closed","post_password":"","post_name":"edicions-vitel%c2%b7la","to_ping":"","pinged":"","post_modified":"2022-10-14 11:54:04","post_modified_gmt":"2022-10-14 09:54:04","post_content_filtered":"","post_parent":0,"guid":"http:\/\/dev.claret.cat\/editorial\/edicions-vitel%c2%b7la\/","menu_order":0,"post_type":"editorial","post_mime_type":"","comment_count":"0","filter":"raw"}],"autores-libros":[{"ID":165148,"post_author":"3","post_date":"2022-10-14 17:52:48","post_date_gmt":"2022-10-14 15:52:48","post_content":"","post_title":"MIQUEL DESCLOT","post_excerpt":"","post_status":"publish","comment_status":"closed","ping_status":"closed","post_password":"","post_name":"miquel-desclot","to_ping":"","pinged":"","post_modified":"2022-10-14 17:52:48","post_modified_gmt":"2022-10-14 15:52:48","post_content_filtered":"","post_parent":0,"guid":"http:\/\/dev.claret.cat\/autor\/miquel-desclot\/","menu_order":0,"post_type":"autor","post_mime_type":"","comment_count":"0","filter":"raw"}],"autor":"DESCLOT, MIQUEL","codart":"841200178","libros-coleccion":"Poesia","ediciones":"1","encuadernacion":"R\u00fastica","fecha_de_publicacion":"01\/05\/2021","novedad":"1","paginas":"352","subtitulo":"INTERPRETACIONS PO\u00c8TIQUES DE L'ANGL\u00c8S","orden":"0","portada":"0","idioma":"cat"},"aioseo_notices":[],"_links":{"self":[{"href":"https:\/\/www.claret.cat\/es\/wp-json\/wp\/v2\/product\/88318","targetHints":{"allow":["GET"]}}],"collection":[{"href":"https:\/\/www.claret.cat\/es\/wp-json\/wp\/v2\/product"}],"about":[{"href":"https:\/\/www.claret.cat\/es\/wp-json\/wp\/v2\/types\/product"}],"wp:featuredmedia":[{"embeddable":true,"href":"https:\/\/www.claret.cat\/es\/wp-json\/wp\/v2\/media\/88319"}],"wp:attachment":[{"href":"https:\/\/www.claret.cat\/es\/wp-json\/wp\/v2\/media?parent=88318"}],"wp:term":[{"taxonomy":"product_brand","embeddable":true,"href":"https:\/\/www.claret.cat\/es\/wp-json\/wp\/v2\/product_brand?post=88318"},{"taxonomy":"product_cat","embeddable":true,"href":"https:\/\/www.claret.cat\/es\/wp-json\/wp\/v2\/product_cat?post=88318"},{"taxonomy":"product_tag","embeddable":true,"href":"https:\/\/www.claret.cat\/es\/wp-json\/wp\/v2\/product_tag?post=88318"}],"curies":[{"name":"wp","href":"https:\/\/api.w.org\/{rel}","templated":true}]}}