{"id":883222,"date":"2023-10-17T17:55:32","date_gmt":"2023-10-17T15:55:32","guid":{"rendered":"https:\/\/www.claret.cat\/llibre\/estudi-en-escarlata-i-el-signe-dels-quatre-9788419474087\/"},"modified":"2025-02-01T01:40:40","modified_gmt":"2025-02-01T00:40:40","slug":"estudi-en-escarlata-i-el-signe-dels-quatre-9788419474087","status":"publish","type":"product","link":"https:\/\/www.claret.cat\/es\/libro\/estudi-en-escarlata-i-el-signe-dels-quatre-9788419474087\/","title":{"rendered":"ESTUDI EN ESCARLATA I EL SIGNE DELS QUATRE"},"content":{"rendered":"<p>Aquest volum aplega les dues primeres novel\u00b7les que va escriure Sir Arthur Conan Doyle sobre el fam\u00f3s detectiu Sherlock Holmes: Estudi en escarlata (1887) i El signe dels quatre (1890). Com en la majoria de narracions protagonitzades per Holmes, \u00e9s el doctor Watson, el seu company inseparable, qui narra la hist\u00f2ria. <br \/> En la primera, Estudi en escarlata, el doctor Watson, un metge militar que es veu obligat a retirar-se a causa d&#8217;una lesi\u00f3, arriba a Londres buscant un pis que no li resulti massa car i al cap de poc es troba compartint apartament amb un tal Sherlock Holmes que exerceix de detectiu i que \u00e9s c\u00e8lebre per les seves excentricitats. Aix\u00ed, Holmes i Watson acaben ficats en un cas misteri\u00f3s que t\u00e9 tots els components de ser una venjan\u00e7a que s&#8217;ha preparat molt curosament.<br \/> En la segona novel\u00b7la, El signe dels quatre, el detectiu Sherlock Holmes ha de resoldre una intriga que t\u00e9 el seu origen en l&#8217;\u00cdndia colonial. Mary Morstan, una jove atractiva de qui Watson queda totalment fascinat, demana l&#8217;ajuda del c\u00e8lebre detectiu per descobrir qui hi ha darrere de les valuoses perles que ha anat rebent cada any des de la desaparici\u00f3 del seu pare, un capit\u00e0 de l&#8217;ex\u00e8rcit de l&#8217;\u00cdndia desaparegut deu anys enrere en estranyes circumst\u00e0ncies.<\/p>\n","protected":false},"excerpt":{"rendered":"<p>CONAN DOYLE, SIR ARTHUR<\/p>\n","protected":false},"featured_media":884741,"template":"","meta":{"_acf_changed":false,"om_disable_all_campaigns":false,"rs_blank_template":"","rs_page_bg_color":"","slide_template_v7":"","inline_featured_image":false,"_monsterinsights_skip_tracking":false,"_monsterinsights_sitenote_active":false,"_monsterinsights_sitenote_note":"","_monsterinsights_sitenote_category":0},"product_brand":[],"product_cat":[354,123],"product_tag":[],"class_list":{"0":"post-883222","1":"product","2":"type-product","3":"status-publish","4":"has-post-thumbnail","6":"product_cat-clasica","7":"product_cat-classica","9":"first","10":"instock","11":"taxable","12":"shipping-taxable","13":"purchasable","14":"product-type-simple"},"acf":{"autor":"CONAN DOYLE, SIR ARTHUR","codart":"841947408","libros-coleccion":"El cercle de Viena","ediciones":"1","encuadernacion":"R\u00fastica","fecha_de_publicacion":"01\/10\/2023","novedad":"1","paginas":"373","subtitulo":"","orden":"0","portada":"0","idioma":"cat","editorial":[{"ID":6392,"post_author":"3","post_date":"2022-07-28 17:51:10","post_date_gmt":"2022-07-28 15:51:10","post_content":"","post_title":"Viena","post_excerpt":"","post_status":"publish","comment_status":"closed","ping_status":"closed","post_password":"","post_name":"viena","to_ping":"","pinged":"","post_modified":"2022-07-28 17:51:10","post_modified_gmt":"2022-07-28 15:51:10","post_content_filtered":"","post_parent":0,"guid":"http:\/\/dev.claret.cat\/editorial\/viena\/","menu_order":0,"post_type":"editorial","post_mime_type":"","comment_count":"0","filter":"raw"}],"autores-libros":[{"ID":169589,"post_author":"3","post_date":"2022-10-14 22:28:26","post_date_gmt":"2022-10-14 20:28:26","post_content":"","post_title":"SIR ARTHUR CONAN DOYLE","post_excerpt":"","post_status":"publish","comment_status":"closed","ping_status":"closed","post_password":"","post_name":"sir-arthur-conan-doyle","to_ping":"","pinged":"","post_modified":"2022-10-14 22:28:26","post_modified_gmt":"2022-10-14 20:28:26","post_content_filtered":"","post_parent":0,"guid":"http:\/\/dev.claret.cat\/autor\/sir-arthur-conan-doyle\/","menu_order":0,"post_type":"autor","post_mime_type":"","comment_count":"0","filter":"raw"}]},"aioseo_notices":[],"_links":{"self":[{"href":"https:\/\/www.claret.cat\/es\/wp-json\/wp\/v2\/product\/883222","targetHints":{"allow":["GET"]}}],"collection":[{"href":"https:\/\/www.claret.cat\/es\/wp-json\/wp\/v2\/product"}],"about":[{"href":"https:\/\/www.claret.cat\/es\/wp-json\/wp\/v2\/types\/product"}],"wp:featuredmedia":[{"embeddable":true,"href":"https:\/\/www.claret.cat\/es\/wp-json\/wp\/v2\/media\/884741"}],"wp:attachment":[{"href":"https:\/\/www.claret.cat\/es\/wp-json\/wp\/v2\/media?parent=883222"}],"wp:term":[{"taxonomy":"product_brand","embeddable":true,"href":"https:\/\/www.claret.cat\/es\/wp-json\/wp\/v2\/product_brand?post=883222"},{"taxonomy":"product_cat","embeddable":true,"href":"https:\/\/www.claret.cat\/es\/wp-json\/wp\/v2\/product_cat?post=883222"},{"taxonomy":"product_tag","embeddable":true,"href":"https:\/\/www.claret.cat\/es\/wp-json\/wp\/v2\/product_tag?post=883222"}],"curies":[{"name":"wp","href":"https:\/\/api.w.org\/{rel}","templated":true}]}}