{"id":883291,"date":"2023-10-18T15:50:36","date_gmt":"2023-10-18T13:50:36","guid":{"rendered":"https:\/\/www.claret.cat\/llibre\/desconhort-9788416726011\/"},"modified":"2023-11-10T12:25:34","modified_gmt":"2023-11-10T11:25:34","slug":"desconhort-9788416726011","status":"publish","type":"product","link":"https:\/\/www.claret.cat\/es\/libro\/desconhort-9788416726011\/","title":{"rendered":"DESCONHORT"},"content":{"rendered":"<p>El Desconhort \u00e9s una composici\u00f3 eleg\u00edaca en vers, autobiogr\u00e0fica, de Ramon Llull en qu\u00e8 l&#8221;autor, en un moment de crisi personal, i quan \u00e9s objecte de burles i menyspreus, fa un rep\u00e0s de la seva vida i constata que no ha assolit el seu objectiu, per\u00f2 decideix perseverar. <br \/> Llull transmet la desesperaci\u00f3 i el desassossec d&#8221;alg\u00fa que ha arribat a un punt madur de la seva vida i veu que no ha aconseguit els seus objectius vitals i dubta de si ja se&#8221;n podr\u00e0 sortir. Malgrat tot, malgrat les llums i ombres, no defalleix i decideix perseverar. En aquest sentit, pot connectar molt b\u00e9 amb els lectors contemporanis. <br \/> L&#8221;edici\u00f3 \u00e9s biling\u00fce, amb el text original de Llull (69 estrofes de 12 versos cadascuna, rimades) acarat amb la traducci\u00f3 en vers de Miquel Desclot, un dels autors m\u00e9s reconeguts i un dels millors traductors del pa\u00eds, que ha fet una feina excepcional, mantenint el metre i la rima. <\/p>\n<p> La versi\u00f3 de Desclot \u00e9s clara i entenedora, i apropar\u00e0 la figura humana de Llull als lectors, que connectaran amb la seva desesperaci\u00f3 i alhora amb la seva for\u00e7a.<\/p>\n","protected":false},"excerpt":{"rendered":"<p>LLULL, RAMON<\/p>\n","protected":false},"featured_media":883625,"template":"","meta":{"_acf_changed":false,"om_disable_all_campaigns":false,"rs_blank_template":"","rs_page_bg_color":"","slide_template_v7":"","inline_featured_image":false,"_monsterinsights_skip_tracking":false,"_monsterinsights_sitenote_active":false,"_monsterinsights_sitenote_note":"","_monsterinsights_sitenote_category":0},"product_brand":[],"product_cat":[373,166],"product_tag":[],"class_list":{"0":"post-883291","1":"product","2":"type-product","3":"status-publish","4":"has-post-thumbnail","6":"product_cat-autores","7":"product_cat-autors-filosofia","9":"first","10":"instock","11":"taxable","12":"shipping-taxable","13":"purchasable","14":"product-type-simple"},"acf":{"autor":"LLULL, RAMON","codart":"841672601","libros-coleccion":"TAST DE CLASSICS","ediciones":"1","encuadernacion":"R\u00fastica","fecha_de_publicacion":"01\/10\/2023","novedad":"1","paginas":"155","subtitulo":"","orden":"0","portada":"1","idioma":"cat","autores-libros":[{"ID":5966,"post_author":"3","post_date":"2022-07-28 17:35:19","post_date_gmt":"2022-07-28 15:35:19","post_content":"","post_title":"RAMON LLULL","post_excerpt":"","post_status":"publish","comment_status":"closed","ping_status":"closed","post_password":"","post_name":"ramon-llull","to_ping":"","pinged":"","post_modified":"2022-07-28 17:35:19","post_modified_gmt":"2022-07-28 15:35:19","post_content_filtered":"","post_parent":0,"guid":"http:\/\/dev.claret.cat\/autor\/ramon-llull\/","menu_order":0,"post_type":"autor","post_mime_type":"","comment_count":"0","filter":"raw"}],"editorial":[{"ID":883304,"post_author":"3","post_date":"2023-10-18 15:55:20","post_date_gmt":"2023-10-18 13:55:20","post_content":"","post_title":"Editorial Barcino","post_excerpt":"","post_status":"publish","comment_status":"closed","ping_status":"closed","post_password":"","post_name":"editorial-barcino","to_ping":"","pinged":"","post_modified":"2023-10-18 15:55:20","post_modified_gmt":"2023-10-18 13:55:20","post_content_filtered":"","post_parent":0,"guid":"https:\/\/www.claret.cat\/editorial\/editorial-barcino\/","menu_order":0,"post_type":"editorial","post_mime_type":"","comment_count":"0","filter":"raw"}]},"aioseo_notices":[],"_links":{"self":[{"href":"https:\/\/www.claret.cat\/es\/wp-json\/wp\/v2\/product\/883291","targetHints":{"allow":["GET"]}}],"collection":[{"href":"https:\/\/www.claret.cat\/es\/wp-json\/wp\/v2\/product"}],"about":[{"href":"https:\/\/www.claret.cat\/es\/wp-json\/wp\/v2\/types\/product"}],"wp:featuredmedia":[{"embeddable":true,"href":"https:\/\/www.claret.cat\/es\/wp-json\/wp\/v2\/media\/883625"}],"wp:attachment":[{"href":"https:\/\/www.claret.cat\/es\/wp-json\/wp\/v2\/media?parent=883291"}],"wp:term":[{"taxonomy":"product_brand","embeddable":true,"href":"https:\/\/www.claret.cat\/es\/wp-json\/wp\/v2\/product_brand?post=883291"},{"taxonomy":"product_cat","embeddable":true,"href":"https:\/\/www.claret.cat\/es\/wp-json\/wp\/v2\/product_cat?post=883291"},{"taxonomy":"product_tag","embeddable":true,"href":"https:\/\/www.claret.cat\/es\/wp-json\/wp\/v2\/product_tag?post=883291"}],"curies":[{"name":"wp","href":"https:\/\/api.w.org\/{rel}","templated":true}]}}