{"id":883352,"date":"2023-10-18T17:15:50","date_gmt":"2023-10-18T15:15:50","guid":{"rendered":"https:\/\/www.claret.cat\/llibre\/la-condicio-humana-9788429781366\/"},"modified":"2024-01-31T19:50:07","modified_gmt":"2024-01-31T18:50:07","slug":"la-condicio-humana-9788429781366","status":"publish","type":"product","link":"https:\/\/www.claret.cat\/es\/libro\/la-condicio-humana-9788429781366\/","title":{"rendered":"LA CONDICI\u00d3 HUMANA"},"content":{"rendered":"<p>Nova edici\u00f3 de l&#8221;obra cabdal de la fil\u00f2sofa Hannah Arendt, amb pr\u00f2leg d&#8221;Imma Mons\u00f3.La condici\u00f3 humana \u00e9s el text de refer\u00e8ncia per entendre quin \u00e9s l&#8221;estat de la humanitat en el m\u00f3n contemporani. Des d&#8221;una perspectiva cr\u00edtica i republicana, l&#8221;autora reflexiona sobre la dimensi\u00f3 activa dels \u00e9ssers humans. Es tracta d&#8221;un recorregut l\u00facid per la hist\u00f2ria de les idees pol\u00edtiques, les revolucions que han marcat cada \u00e8poca i les inc\u00f2gnites que se&#8221;ns han obert en l&#8221;actualitat. A trav\u00e9s d&#8221;una mirada penetrant, l&#8221;autora desmunta els t\u00f2pics i les evid\u00e8ncies sobre les quals hem edificat les certeses quotidianes i s&#8221;interroga sobre els efectes de la cultura de masses, l&#8221;explotaci\u00f3 de l&#8221;home per l&#8221;home, la dissoluci\u00f3 de l&#8221;esfera p\u00fablica i la privada, la societat de consum i les alienacions de la modernitat.<\/p>\n","protected":false},"excerpt":{"rendered":"<p>ARENDT, HANNAH<\/p>\n","protected":false},"featured_media":883353,"template":"","meta":{"_acf_changed":false,"om_disable_all_campaigns":false,"rs_blank_template":"","rs_page_bg_color":"","slide_template_v7":"","inline_featured_image":false,"_monsterinsights_skip_tracking":false,"_monsterinsights_sitenote_active":false,"_monsterinsights_sitenote_note":"","_monsterinsights_sitenote_category":0},"product_brand":[],"product_cat":[90,540],"product_tag":[],"class_list":{"0":"post-883352","1":"product","2":"type-product","3":"status-publish","4":"has-post-thumbnail","6":"product_cat-altres","7":"product_cat-otros","9":"first","10":"instock","11":"taxable","12":"shipping-taxable","13":"purchasable","14":"product-type-simple"},"acf":{"autor":"ARENDT, HANNAH","codart":"842978136","libros-coleccion":"FORA DE COL.LECCI\u00d3","ediciones":"1","encuadernacion":"R\u00fastica","fecha_de_publicacion":"01\/10\/2023","novedad":"1","paginas":"443","subtitulo":"","orden":"0","portada":"0","idioma":"cat","editorial":[{"ID":6210,"post_author":"3","post_date":"2022-07-28 17:47:13","post_date_gmt":"2022-07-28 15:47:13","post_content":"","post_title":"Edicions 62","post_excerpt":"","post_status":"publish","comment_status":"closed","ping_status":"closed","post_password":"","post_name":"edicions-62","to_ping":"","pinged":"","post_modified":"2022-07-28 17:47:13","post_modified_gmt":"2022-07-28 15:47:13","post_content_filtered":"","post_parent":0,"guid":"http:\/\/dev.claret.cat\/editorial\/edicions-62\/","menu_order":0,"post_type":"editorial","post_mime_type":"","comment_count":"0","filter":"raw"}],"autores-libros":[{"ID":157338,"post_author":"3","post_date":"2022-10-14 15:28:02","post_date_gmt":"2022-10-14 13:28:02","post_content":"","post_title":"HANNAH ARENDT","post_excerpt":"","post_status":"publish","comment_status":"closed","ping_status":"closed","post_password":"","post_name":"hannah-arendt","to_ping":"","pinged":"","post_modified":"2022-10-14 15:28:02","post_modified_gmt":"2022-10-14 13:28:02","post_content_filtered":"","post_parent":0,"guid":"http:\/\/dev.claret.cat\/autor\/hannah-arendt\/","menu_order":0,"post_type":"autor","post_mime_type":"","comment_count":"0","filter":"raw"}]},"aioseo_notices":[],"_links":{"self":[{"href":"https:\/\/www.claret.cat\/es\/wp-json\/wp\/v2\/product\/883352","targetHints":{"allow":["GET"]}}],"collection":[{"href":"https:\/\/www.claret.cat\/es\/wp-json\/wp\/v2\/product"}],"about":[{"href":"https:\/\/www.claret.cat\/es\/wp-json\/wp\/v2\/types\/product"}],"wp:featuredmedia":[{"embeddable":true,"href":"https:\/\/www.claret.cat\/es\/wp-json\/wp\/v2\/media\/883353"}],"wp:attachment":[{"href":"https:\/\/www.claret.cat\/es\/wp-json\/wp\/v2\/media?parent=883352"}],"wp:term":[{"taxonomy":"product_brand","embeddable":true,"href":"https:\/\/www.claret.cat\/es\/wp-json\/wp\/v2\/product_brand?post=883352"},{"taxonomy":"product_cat","embeddable":true,"href":"https:\/\/www.claret.cat\/es\/wp-json\/wp\/v2\/product_cat?post=883352"},{"taxonomy":"product_tag","embeddable":true,"href":"https:\/\/www.claret.cat\/es\/wp-json\/wp\/v2\/product_tag?post=883352"}],"curies":[{"name":"wp","href":"https:\/\/api.w.org\/{rel}","templated":true}]}}