{"id":883355,"date":"2023-10-18T17:20:09","date_gmt":"2023-10-18T15:20:09","guid":{"rendered":"https:\/\/www.claret.cat\/llibre\/drila-cocodrila-3-aixo-es-trampa-9788413896526\/"},"modified":"2025-10-20T19:45:10","modified_gmt":"2025-10-20T17:45:10","slug":"drila-cocodrila-3-aixo-es-trampa-9788413896526","status":"publish","type":"product","link":"https:\/\/www.claret.cat\/es\/libro\/drila-cocodrila-3-aixo-es-trampa-9788413896526\/","title":{"rendered":"DRILA COCODRILA 3. AIX\u00d2 \u00c9S TRAMPA!"},"content":{"rendered":"<p>DRILA COCODRILA \u00e9s una col\u00b7lecci\u00f3 de c\u00f2mics en lletra maj\u00fascula per aprendre a llegir\u00a0protagonitzada per cinc animals peculiars que viuen en un prat molt especial.<br \/> La Drila viu amb els seus amics Mapi, Cuc i les Ovelles a Pratverd, un lloc min\u00fascul on succeeixen aventures MAJ\u00daSCULES.<br \/> En AIX\u00d2 \u00c9S TRAMPA!, la Drila, el Mapi i el Cuc estan jugant a tocar i parar, per\u00f2 la Drila est\u00e0 farta que el Mapi i el Cuc no paren d&#8221;inventar-se normes noves per no parar mai&#8230; Aix\u00f2 \u00e9s trampa! Per\u00f2 ella tamb\u00e9 t\u00e9 els seus truquets&#8230;\u00a0<\/p>\n<p> PER QU\u00c8 \u00c9S PERFECTE PERQU\u00c8 ES LLANCIN A LLEGIR SOLS?<\/p>\n<p> -Amb\u00a04 vinyetes\u00a0a cada p\u00e0gina i poc text, permet passar de p\u00e0gina amb rapidesa, cosa que fa la sensaci\u00f3 d&#8221;avan\u00e7ar en la lectura,\u00a0refor\u00e7a la motivaci\u00f3 i evita la frustraci\u00f3\u00a0dels aprenents de lector.\u00a0<br \/> -La lletra maj\u00fascula\u00a0\u00e9s m\u00e9s f\u00e0cil de recon\u00e8ixer pels aprenents de lector.<br \/> -Els nens i les nenes de 5 anys\u00a0ja estan acostumats a veure s\u00e8ries i pel\u00b7lis amb\u00a0trames complexes\u00a0i amb un sentit de l&#8221;humor molt desenvolupat. Per\u00f2 encara no saben llegir sols. Per aix\u00f2\u00a0el format c\u00f2mic els permet entrar en una hist\u00f2ria amb una trama i un sentit de l&#8221;humor ajustats al seu nivell, i alhora fa possible que llegeixin sols amb facilitat.<\/p>\n<p> PER QU\u00c8 ELS ENCANTARAN LES AVENTURES DE LA DRILA I ELS SEUS AMICS?<br \/> -En cada llibre, trobaran\u00a0situacions que s&#8221;assemblen molt a les que es poden trobar al pati d&#8221;una escola: amistat, baralles, jocs i trampes, gesti\u00f3 de la frustraci\u00f3, descobrir els propis talents&#8230;<br \/> -La Drila, el Mapi, el Cuc i les ovelles s\u00f3n cinc personatges\u00a0entranyables i divertid\u00edssims, tots\u00a0amb una personalitat \u00fanica que els robar\u00e0 el cor.<br \/> -Se submergiran en un m\u00f3n de diversi\u00f3, amistat i descobriments mentre aprenen a con\u00e8ixer-se ells mateixos i l&#8221;entorn on viuen.<\/p>\n","protected":false},"excerpt":{"rendered":"<p>G\u00d3MEZ<\/p>\n","protected":false},"featured_media":1057427,"template":"","meta":{"_acf_changed":false,"om_disable_all_campaigns":false,"rs_blank_template":"","rs_page_bg_color":"","slide_template_v7":"","inline_featured_image":false,"_monsterinsights_skip_tracking":false,"_monsterinsights_sitenote_active":false,"_monsterinsights_sitenote_note":"","_monsterinsights_sitenote_category":0},"product_brand":[],"product_cat":[132,362],"product_tag":[],"class_list":{"0":"post-883355","1":"product","2":"type-product","3":"status-publish","4":"has-post-thumbnail","6":"product_cat-lectures-per-preadolescents-6-12-anys","7":"product_cat-libros-preadolescentes-6-12-anos","9":"first","10":"instock","11":"taxable","12":"shipping-taxable","13":"purchasable","14":"product-type-simple"},"acf":{"autor":"G\u00d3MEZ","codart":"841389652","libros-coleccion":"Primers lectors","ediciones":"1","encuadernacion":"Carton\u00e9","fecha_de_publicacion":"01\/10\/2023","novedad":"1","paginas":"63","subtitulo":"","orden":"0","portada":"0","idioma":"cat","editorial":[{"ID":6249,"post_author":"3","post_date":"2022-07-28 17:48:09","post_date_gmt":"2022-07-28 15:48:09","post_content":"","post_title":"Estrella Polar","post_excerpt":"","post_status":"publish","comment_status":"closed","ping_status":"closed","post_password":"","post_name":"estrella-polar","to_ping":"","pinged":"","post_modified":"2022-07-28 17:48:09","post_modified_gmt":"2022-07-28 15:48:09","post_content_filtered":"","post_parent":0,"guid":"http:\/\/dev.claret.cat\/editorial\/estrella-polar\/","menu_order":0,"post_type":"editorial","post_mime_type":"","comment_count":"0","filter":"raw"}],"autores-libros":[{"ID":157019,"post_author":"3","post_date":"2022-10-14 15:25:28","post_date_gmt":"2022-10-14 13:25:28","post_content":"","post_title":"G\u00d3MEZ","post_excerpt":"","post_status":"publish","comment_status":"closed","ping_status":"closed","post_password":"","post_name":"gomez","to_ping":"","pinged":"","post_modified":"2022-10-14 15:25:28","post_modified_gmt":"2022-10-14 13:25:28","post_content_filtered":"","post_parent":0,"guid":"http:\/\/dev.claret.cat\/autor\/gomez\/","menu_order":0,"post_type":"autor","post_mime_type":"","comment_count":"0","filter":"raw"}],"booktrailer":"","resenas":""},"aioseo_notices":[],"_links":{"self":[{"href":"https:\/\/www.claret.cat\/es\/wp-json\/wp\/v2\/product\/883355","targetHints":{"allow":["GET"]}}],"collection":[{"href":"https:\/\/www.claret.cat\/es\/wp-json\/wp\/v2\/product"}],"about":[{"href":"https:\/\/www.claret.cat\/es\/wp-json\/wp\/v2\/types\/product"}],"wp:featuredmedia":[{"embeddable":true,"href":"https:\/\/www.claret.cat\/es\/wp-json\/wp\/v2\/media\/1057427"}],"wp:attachment":[{"href":"https:\/\/www.claret.cat\/es\/wp-json\/wp\/v2\/media?parent=883355"}],"wp:term":[{"taxonomy":"product_brand","embeddable":true,"href":"https:\/\/www.claret.cat\/es\/wp-json\/wp\/v2\/product_brand?post=883355"},{"taxonomy":"product_cat","embeddable":true,"href":"https:\/\/www.claret.cat\/es\/wp-json\/wp\/v2\/product_cat?post=883355"},{"taxonomy":"product_tag","embeddable":true,"href":"https:\/\/www.claret.cat\/es\/wp-json\/wp\/v2\/product_tag?post=883355"}],"curies":[{"name":"wp","href":"https:\/\/api.w.org\/{rel}","templated":true}]}}