{"id":883681,"date":"2023-10-19T12:45:05","date_gmt":"2023-10-19T10:45:05","guid":{"rendered":"https:\/\/www.claret.cat\/llibre\/llamando-a-mama-9788419607836\/"},"modified":"2023-11-13T13:20:19","modified_gmt":"2023-11-13T12:20:19","slug":"llamando-a-mama-9788419607836","status":"publish","type":"product","link":"https:\/\/www.claret.cat\/es\/libro\/llamando-a-mama-9788419607836\/","title":{"rendered":"LLAMANDO A MAM\u00c1"},"content":{"rendered":"<p>Max llama a su madre cada vez que quiere algo. O cuando se siente mal. O cuando tiene sue\u00f1o. O cuando se le cae cualquier cosa al suelo. La llama gritando con todas sus fuerzas \u201c\u00a1MAM\u00c1\u00c1\u00c1\u00c1!\u201d. Su madre vive constantemente asustada, pero un d\u00eda decide no acudir a su insistente llamada. Para su sorpresa, comprueba que Max es capaz de hacer las cosas \u00e9l solito.<\/p>\n","protected":false},"excerpt":{"rendered":"<p>ANYA DAMIR\u00d3N<\/p>\n","protected":false},"featured_media":940754,"template":"","meta":{"_acf_changed":false,"om_disable_all_campaigns":false,"rs_blank_template":"","rs_page_bg_color":"","slide_template_v7":"","inline_featured_image":false,"_monsterinsights_skip_tracking":false,"_monsterinsights_sitenote_active":false,"_monsterinsights_sitenote_note":"","_monsterinsights_sitenote_category":0},"product_brand":[],"product_cat":[132,362],"product_tag":[],"class_list":{"0":"post-883681","1":"product","2":"type-product","3":"status-publish","4":"has-post-thumbnail","6":"product_cat-lectures-per-preadolescents-6-12-anys","7":"product_cat-libros-preadolescentes-6-12-anos","9":"first","10":"instock","11":"taxable","12":"shipping-taxable","13":"purchasable","14":"product-type-simple"},"acf":{"autor":"ANYA DAMIR\u00d3N","codart":"841960783","libros-coleccion":"FORA DE COL.LECCI\u00d3","ediciones":"1","encuadernacion":"Carton\u00e9","fecha_de_publicacion":"01\/10\/2023","novedad":"1","paginas":"45","subtitulo":"","orden":"0","portada":"0","idioma":"spa","editorial":[{"ID":148592,"post_author":"3","post_date":"2022-10-14 11:59:27","post_date_gmt":"2022-10-14 09:59:27","post_content":"","post_title":"NUBEOCHO","post_excerpt":"","post_status":"publish","comment_status":"closed","ping_status":"closed","post_password":"","post_name":"nubeocho","to_ping":"","pinged":"","post_modified":"2022-10-14 11:59:27","post_modified_gmt":"2022-10-14 09:59:27","post_content_filtered":"","post_parent":0,"guid":"http:\/\/dev.claret.cat\/editorial\/nubeocho\/","menu_order":0,"post_type":"editorial","post_mime_type":"","comment_count":"0","filter":"raw"}],"autores-libros":[{"ID":883699,"post_author":"3","post_date":"2023-10-19 12:51:19","post_date_gmt":"2023-10-19 10:51:19","post_content":"","post_title":"ANYA DAMIRON","post_excerpt":"","post_status":"publish","comment_status":"closed","ping_status":"closed","post_password":"","post_name":"anya-damiron-2","to_ping":"","pinged":"","post_modified":"2023-10-19 12:51:19","post_modified_gmt":"2023-10-19 10:51:19","post_content_filtered":"","post_parent":0,"guid":"https:\/\/www.claret.cat\/autor\/anya-damiron-2\/","menu_order":0,"post_type":"autor","post_mime_type":"","comment_count":"0","filter":"raw"}]},"aioseo_notices":[],"_links":{"self":[{"href":"https:\/\/www.claret.cat\/es\/wp-json\/wp\/v2\/product\/883681","targetHints":{"allow":["GET"]}}],"collection":[{"href":"https:\/\/www.claret.cat\/es\/wp-json\/wp\/v2\/product"}],"about":[{"href":"https:\/\/www.claret.cat\/es\/wp-json\/wp\/v2\/types\/product"}],"wp:featuredmedia":[{"embeddable":true,"href":"https:\/\/www.claret.cat\/es\/wp-json\/wp\/v2\/media\/940754"}],"wp:attachment":[{"href":"https:\/\/www.claret.cat\/es\/wp-json\/wp\/v2\/media?parent=883681"}],"wp:term":[{"taxonomy":"product_brand","embeddable":true,"href":"https:\/\/www.claret.cat\/es\/wp-json\/wp\/v2\/product_brand?post=883681"},{"taxonomy":"product_cat","embeddable":true,"href":"https:\/\/www.claret.cat\/es\/wp-json\/wp\/v2\/product_cat?post=883681"},{"taxonomy":"product_tag","embeddable":true,"href":"https:\/\/www.claret.cat\/es\/wp-json\/wp\/v2\/product_tag?post=883681"}],"curies":[{"name":"wp","href":"https:\/\/api.w.org\/{rel}","templated":true}]}}