{"id":883684,"date":"2023-10-19T12:45:29","date_gmt":"2023-10-19T10:45:29","guid":{"rendered":"https:\/\/www.claret.cat\/llibre\/cridant-la-mare-9788419607843\/"},"modified":"2024-07-03T11:50:10","modified_gmt":"2024-07-03T09:50:10","slug":"cridant-la-mare-9788419607843","status":"publish","type":"product","link":"https:\/\/www.claret.cat\/es\/libro\/cridant-la-mare-9788419607843\/","title":{"rendered":"CRIDANT LA MARE"},"content":{"rendered":"<p>En Max crida la seva mare cada vegada que vol alguna cosa. O quan es troba malament. O quan t\u00e9 son. O quan li cau alguna cosa a terra. La crida amb totes les seves forces: \u00abMAREEE!\u00bb La seva mare viu constantment espantada, per\u00f2 un dia decideix no fer cas dels seus crits insistents. I se sorpr\u00e8n en comprovar que el Max \u00e9s capa\u00e7 de fer les coses ell solet.<\/p>\n","protected":false},"excerpt":{"rendered":"<p>ANYA DAMIR\u00d3N<\/p>\n","protected":false},"featured_media":883685,"template":"","meta":{"_acf_changed":false,"om_disable_all_campaigns":false,"rs_blank_template":"","rs_page_bg_color":"","slide_template_v7":"","inline_featured_image":false,"_monsterinsights_skip_tracking":false,"_monsterinsights_sitenote_active":false,"_monsterinsights_sitenote_note":"","_monsterinsights_sitenote_category":0},"product_brand":[],"product_cat":[90,540],"product_tag":[],"class_list":{"0":"post-883684","1":"product","2":"type-product","3":"status-publish","4":"has-post-thumbnail","6":"product_cat-altres","7":"product_cat-otros","9":"first","10":"instock","11":"taxable","12":"shipping-taxable","13":"purchasable","14":"product-type-simple"},"acf":{"autor":"ANYA DAMIR\u00d3N","codart":"841960784","libros-coleccion":"CATALAN","ediciones":"1","encuadernacion":"Carton\u00e9","fecha_de_publicacion":"01\/10\/2023","novedad":"1","paginas":"45","subtitulo":"","orden":"0","portada":"0","idioma":"cat","editorial":[{"ID":148592,"post_author":"3","post_date":"2022-10-14 11:59:27","post_date_gmt":"2022-10-14 09:59:27","post_content":"","post_title":"NUBEOCHO","post_excerpt":"","post_status":"publish","comment_status":"closed","ping_status":"closed","post_password":"","post_name":"nubeocho","to_ping":"","pinged":"","post_modified":"2022-10-14 11:59:27","post_modified_gmt":"2022-10-14 09:59:27","post_content_filtered":"","post_parent":0,"guid":"http:\/\/dev.claret.cat\/editorial\/nubeocho\/","menu_order":0,"post_type":"editorial","post_mime_type":"","comment_count":"0","filter":"raw"}],"autores-libros":[{"ID":883699,"post_author":"3","post_date":"2023-10-19 12:51:19","post_date_gmt":"2023-10-19 10:51:19","post_content":"","post_title":"ANYA DAMIRON","post_excerpt":"","post_status":"publish","comment_status":"closed","ping_status":"closed","post_password":"","post_name":"anya-damiron-2","to_ping":"","pinged":"","post_modified":"2023-10-19 12:51:19","post_modified_gmt":"2023-10-19 10:51:19","post_content_filtered":"","post_parent":0,"guid":"https:\/\/www.claret.cat\/autor\/anya-damiron-2\/","menu_order":0,"post_type":"autor","post_mime_type":"","comment_count":"0","filter":"raw"}]},"aioseo_notices":[],"_links":{"self":[{"href":"https:\/\/www.claret.cat\/es\/wp-json\/wp\/v2\/product\/883684","targetHints":{"allow":["GET"]}}],"collection":[{"href":"https:\/\/www.claret.cat\/es\/wp-json\/wp\/v2\/product"}],"about":[{"href":"https:\/\/www.claret.cat\/es\/wp-json\/wp\/v2\/types\/product"}],"wp:featuredmedia":[{"embeddable":true,"href":"https:\/\/www.claret.cat\/es\/wp-json\/wp\/v2\/media\/883685"}],"wp:attachment":[{"href":"https:\/\/www.claret.cat\/es\/wp-json\/wp\/v2\/media?parent=883684"}],"wp:term":[{"taxonomy":"product_brand","embeddable":true,"href":"https:\/\/www.claret.cat\/es\/wp-json\/wp\/v2\/product_brand?post=883684"},{"taxonomy":"product_cat","embeddable":true,"href":"https:\/\/www.claret.cat\/es\/wp-json\/wp\/v2\/product_cat?post=883684"},{"taxonomy":"product_tag","embeddable":true,"href":"https:\/\/www.claret.cat\/es\/wp-json\/wp\/v2\/product_tag?post=883684"}],"curies":[{"name":"wp","href":"https:\/\/api.w.org\/{rel}","templated":true}]}}