{"id":883715,"date":"2023-10-19T13:10:47","date_gmt":"2023-10-19T11:10:47","guid":{"rendered":"https:\/\/www.claret.cat\/llibre\/el-libro-secreto-de-los-vampiros-9788412650747\/"},"modified":"2023-10-19T13:35:27","modified_gmt":"2023-10-19T11:35:27","slug":"el-libro-secreto-de-los-vampiros-9788412650747","status":"publish","type":"product","link":"https:\/\/www.claret.cat\/es\/libro\/el-libro-secreto-de-los-vampiros-9788412650747\/","title":{"rendered":"EL LIBRO SECRETO DE LOS VAMPIROS"},"content":{"rendered":"<p>El destino te ha elegido para custodiar El libro secreto de los vampiros. Mi nombre es Nosferatu y tienes en tus manos los secretos de la noche y sus criaturas.\u00a1Hola! S\u00ed, es a ti. No creas que este libro ha llegado a tus manos por azar. El destino te ha elegido para adentrarte en los secretos m\u00e1s ocultos de las tinieblas. Y es que entre sus p\u00e1ginas descubrir\u00e1s los misterios de la noche y sus criaturas. S\u00ed, existimos, algunos nos llaman vampiros, chupasangre, espectros de las sombras. Pero, no te creas todo lo que cuentan sobre nosotros. Solo en este libro descubrir\u00e1s la verdad, \u00bfte atreves a entrar?<br \/>Nos adentramos en el mundo de los vampiros de la mano de la autora e ilustradora Sol Ruiz. Un paseo siniestro a la par que divertido por el m\u00fando g\u00f3tico de los vampiros, descubriemos algunas de las leyendas y personajes que pueblan el imaginario vamp\u00edrico, siempre desde el humor y un enfoque infantil. Sin dejar de lado esa sensaci\u00f3n de misterio de los cuentos terror\u00edficos.<\/p>\n","protected":false},"excerpt":{"rendered":"<p>RUIZ, SOL<\/p>\n","protected":false},"featured_media":883716,"template":"","meta":{"_acf_changed":false,"om_disable_all_campaigns":false,"rs_blank_template":"","rs_page_bg_color":"","slide_template_v7":"","inline_featured_image":false,"_monsterinsights_skip_tracking":false,"_monsterinsights_sitenote_active":false,"_monsterinsights_sitenote_note":"","_monsterinsights_sitenote_category":0},"product_brand":[],"product_cat":[132,362],"product_tag":[],"class_list":{"0":"post-883715","1":"product","2":"type-product","3":"status-publish","4":"has-post-thumbnail","6":"product_cat-lectures-per-preadolescents-6-12-anys","7":"product_cat-libros-preadolescentes-6-12-anos","9":"first","10":"instock","11":"taxable","12":"shipping-taxable","13":"purchasable","14":"product-type-simple"},"acf":{"autor":"RUIZ, SOL","codart":"841265074","libros-coleccion":"FORA DE COL.LECCI\u00d3","ediciones":"1","encuadernacion":"Carton\u00e9","fecha_de_publicacion":"01\/10\/2023","novedad":"1","paginas":"45","subtitulo":"","orden":"0","portada":"0","idioma":"spa","editorial":[{"ID":148417,"post_author":"3","post_date":"2022-10-14 11:58:05","post_date_gmt":"2022-10-14 09:58:05","post_content":"","post_title":"LIBRE ALBEDRIO","post_excerpt":"","post_status":"publish","comment_status":"closed","ping_status":"closed","post_password":"","post_name":"libre-albedrio","to_ping":"","pinged":"","post_modified":"2022-10-14 11:58:05","post_modified_gmt":"2022-10-14 09:58:05","post_content_filtered":"","post_parent":0,"guid":"http:\/\/dev.claret.cat\/editorial\/libre-albedrio\/","menu_order":0,"post_type":"editorial","post_mime_type":"","comment_count":"0","filter":"raw"}],"autores-libros":[{"ID":169642,"post_author":"3","post_date":"2022-10-14 22:28:52","post_date_gmt":"2022-10-14 20:28:52","post_content":"","post_title":"SOL RUIZ","post_excerpt":"","post_status":"publish","comment_status":"closed","ping_status":"closed","post_password":"","post_name":"sol-ruiz","to_ping":"","pinged":"","post_modified":"2022-10-14 22:28:52","post_modified_gmt":"2022-10-14 20:28:52","post_content_filtered":"","post_parent":0,"guid":"http:\/\/dev.claret.cat\/autor\/sol-ruiz\/","menu_order":0,"post_type":"autor","post_mime_type":"","comment_count":"0","filter":"raw"}]},"aioseo_notices":[],"_links":{"self":[{"href":"https:\/\/www.claret.cat\/es\/wp-json\/wp\/v2\/product\/883715","targetHints":{"allow":["GET"]}}],"collection":[{"href":"https:\/\/www.claret.cat\/es\/wp-json\/wp\/v2\/product"}],"about":[{"href":"https:\/\/www.claret.cat\/es\/wp-json\/wp\/v2\/types\/product"}],"wp:featuredmedia":[{"embeddable":true,"href":"https:\/\/www.claret.cat\/es\/wp-json\/wp\/v2\/media\/883716"}],"wp:attachment":[{"href":"https:\/\/www.claret.cat\/es\/wp-json\/wp\/v2\/media?parent=883715"}],"wp:term":[{"taxonomy":"product_brand","embeddable":true,"href":"https:\/\/www.claret.cat\/es\/wp-json\/wp\/v2\/product_brand?post=883715"},{"taxonomy":"product_cat","embeddable":true,"href":"https:\/\/www.claret.cat\/es\/wp-json\/wp\/v2\/product_cat?post=883715"},{"taxonomy":"product_tag","embeddable":true,"href":"https:\/\/www.claret.cat\/es\/wp-json\/wp\/v2\/product_tag?post=883715"}],"curies":[{"name":"wp","href":"https:\/\/api.w.org\/{rel}","templated":true}]}}