{"id":883721,"date":"2023-10-19T13:15:14","date_gmt":"2023-10-19T11:15:14","guid":{"rendered":"https:\/\/www.claret.cat\/llibre\/gran-fiesta-mexicana-9788418753251\/"},"modified":"2023-10-19T13:36:05","modified_gmt":"2023-10-19T11:36:05","slug":"gran-fiesta-mexicana-9788418753251","status":"publish","type":"product","link":"https:\/\/www.claret.cat\/es\/libro\/gran-fiesta-mexicana-9788418753251\/","title":{"rendered":"GRAN FIESTA MEXICANA"},"content":{"rendered":"<p>\u00abSuena la m\u00fasica,<\/p>\n<p> todos a cantar.<\/p>\n<p> \u00a1Hay muchas vidas que celebrar!\u00bb <\/p>\n<p> Este libro le descubrir\u00e1 todas las cosas que se hacen en el D\u00eda de los Muertos en M\u00e9xico.<\/p>\n<p> Margarita del Mazo y Ceci Moreno vuelven a unirse para hacer una introducci\u00f3n a la cultura mexicana a trav\u00e9s de una de las fiestas m\u00e1s caracter\u00edsticas de este pa\u00eds.<\/p>\n","protected":false},"excerpt":{"rendered":"<p>DEL MAZO, MARGARITA \/ DEL MAZO, MARGARITA<\/p>\n","protected":false},"featured_media":883722,"template":"","meta":{"_acf_changed":false,"om_disable_all_campaigns":false,"rs_blank_template":"","rs_page_bg_color":"","slide_template_v7":"","inline_featured_image":false,"_monsterinsights_skip_tracking":false,"_monsterinsights_sitenote_active":false,"_monsterinsights_sitenote_note":"","_monsterinsights_sitenote_category":0},"product_brand":[],"product_cat":[131,361],"product_tag":[],"class_list":{"0":"post-883721","1":"product","2":"type-product","3":"status-publish","4":"has-post-thumbnail","6":"product_cat-contes-per-infants-0-6-anys","7":"product_cat-cuentos-para-ninos-0-6-anos","9":"first","10":"instock","11":"taxable","12":"shipping-taxable","13":"purchasable","14":"product-type-simple"},"acf":{"autor":"DEL MAZO, MARGARITA \/ DEL MAZO, MARGARITA","codart":"841875325","libros-coleccion":"Miau Cart\u00f3n","ediciones":"1","encuadernacion":"Carpeta","fecha_de_publicacion":"01\/10\/2023","novedad":"1","paginas":"12","subtitulo":"","orden":"0","portada":"0","idioma":"cat","editorial":[{"ID":147821,"post_author":"3","post_date":"2022-10-14 11:53:28","post_date_gmt":"2022-10-14 09:53:28","post_content":"","post_title":"Ediciones Jaguar","post_excerpt":"","post_status":"publish","comment_status":"closed","ping_status":"closed","post_password":"","post_name":"ediciones-jaguar","to_ping":"","pinged":"","post_modified":"2022-10-14 11:53:28","post_modified_gmt":"2022-10-14 09:53:28","post_content_filtered":"","post_parent":0,"guid":"http:\/\/dev.claret.cat\/editorial\/ediciones-jaguar\/","menu_order":0,"post_type":"editorial","post_mime_type":"","comment_count":"0","filter":"raw"}],"autores-libros":[{"ID":163477,"post_author":"3","post_date":"2022-10-14 17:39:21","post_date_gmt":"2022-10-14 15:39:21","post_content":"","post_title":"MARGARITA DEL MAZO","post_excerpt":"","post_status":"publish","comment_status":"closed","ping_status":"closed","post_password":"","post_name":"margarita-del-mazo","to_ping":"","pinged":"","post_modified":"2022-10-14 17:39:21","post_modified_gmt":"2022-10-14 15:39:21","post_content_filtered":"","post_parent":0,"guid":"http:\/\/dev.claret.cat\/autor\/margarita-del-mazo\/","menu_order":0,"post_type":"autor","post_mime_type":"","comment_count":"0","filter":"raw"}]},"aioseo_notices":[],"_links":{"self":[{"href":"https:\/\/www.claret.cat\/es\/wp-json\/wp\/v2\/product\/883721","targetHints":{"allow":["GET"]}}],"collection":[{"href":"https:\/\/www.claret.cat\/es\/wp-json\/wp\/v2\/product"}],"about":[{"href":"https:\/\/www.claret.cat\/es\/wp-json\/wp\/v2\/types\/product"}],"wp:featuredmedia":[{"embeddable":true,"href":"https:\/\/www.claret.cat\/es\/wp-json\/wp\/v2\/media\/883722"}],"wp:attachment":[{"href":"https:\/\/www.claret.cat\/es\/wp-json\/wp\/v2\/media?parent=883721"}],"wp:term":[{"taxonomy":"product_brand","embeddable":true,"href":"https:\/\/www.claret.cat\/es\/wp-json\/wp\/v2\/product_brand?post=883721"},{"taxonomy":"product_cat","embeddable":true,"href":"https:\/\/www.claret.cat\/es\/wp-json\/wp\/v2\/product_cat?post=883721"},{"taxonomy":"product_tag","embeddable":true,"href":"https:\/\/www.claret.cat\/es\/wp-json\/wp\/v2\/product_tag?post=883721"}],"curies":[{"name":"wp","href":"https:\/\/api.w.org\/{rel}","templated":true}]}}