{"id":883741,"date":"2023-10-19T13:20:34","date_gmt":"2023-10-19T11:20:34","guid":{"rendered":"https:\/\/www.claret.cat\/llibre\/una-momia-famelica-9788419607430\/"},"modified":"2023-10-19T13:36:41","modified_gmt":"2023-10-19T11:36:41","slug":"una-momia-famelica-9788419607430","status":"publish","type":"product","link":"https:\/\/www.claret.cat\/es\/libro\/una-momia-famelica-9788419607430\/","title":{"rendered":"UNA M\u00d2MIA FAM\u00c8LICA"},"content":{"rendered":"<p>La petita m\u00f2mia Enes es desperta dins de la foscor de la seva pir\u00e0mide perqu\u00e8 t\u00e9 gana, MOLTA GANA!<br \/> Decideix sortir a comprovar si ja \u00e9s hora de dinar, per\u00f2 els turistes fugen esfere\u00efts en veure-la. Nom\u00e9s la Nessa, una nena petita, es queda. De seguida es fan amigues i decideixen ajudar-se per trobar, per una banda, la fam\u00edlia de la Nessa i, per l&#8221;altra, menjar per a l&#8221;Enes.<\/p>\n","protected":false},"excerpt":{"rendered":"<p>ANDR\u00c9S, JOS\u00c9 CARLOS<\/p>\n","protected":false},"featured_media":883742,"template":"","meta":{"_acf_changed":false,"om_disable_all_campaigns":false,"rs_blank_template":"","rs_page_bg_color":"","slide_template_v7":"","inline_featured_image":false,"_monsterinsights_skip_tracking":false,"_monsterinsights_sitenote_active":false,"_monsterinsights_sitenote_note":"","_monsterinsights_sitenote_category":0},"product_brand":[],"product_cat":[90,540],"product_tag":[],"class_list":{"0":"post-883741","1":"product","2":"type-product","3":"status-publish","4":"has-post-thumbnail","6":"product_cat-altres","7":"product_cat-otros","9":"first","10":"instock","11":"taxable","12":"shipping-taxable","13":"purchasable","14":"product-type-simple"},"acf":{"autor":"ANDR\u00c9S, JOS\u00c9 CARLOS","codart":"841960743","libros-coleccion":"CATALAN","ediciones":"1","encuadernacion":"Carton\u00e9","fecha_de_publicacion":"01\/10\/2023","novedad":"1","paginas":"45","subtitulo":"","orden":"0","portada":"0","idioma":"cat","editorial":[{"ID":148592,"post_author":"3","post_date":"2022-10-14 11:59:27","post_date_gmt":"2022-10-14 09:59:27","post_content":"","post_title":"NUBEOCHO","post_excerpt":"","post_status":"publish","comment_status":"closed","ping_status":"closed","post_password":"","post_name":"nubeocho","to_ping":"","pinged":"","post_modified":"2022-10-14 11:59:27","post_modified_gmt":"2022-10-14 09:59:27","post_content_filtered":"","post_parent":0,"guid":"http:\/\/dev.claret.cat\/editorial\/nubeocho\/","menu_order":0,"post_type":"editorial","post_mime_type":"","comment_count":"0","filter":"raw"}],"autores-libros":[{"ID":160204,"post_author":"3","post_date":"2022-10-14 15:51:08","post_date_gmt":"2022-10-14 13:51:08","post_content":"","post_title":"JOS\u00c9 CARLOS ANDR\u00c9S","post_excerpt":"","post_status":"publish","comment_status":"closed","ping_status":"closed","post_password":"","post_name":"jose-carlos-andres","to_ping":"","pinged":"","post_modified":"2022-10-14 15:51:08","post_modified_gmt":"2022-10-14 13:51:08","post_content_filtered":"","post_parent":0,"guid":"http:\/\/dev.claret.cat\/autor\/jose-carlos-andres\/","menu_order":0,"post_type":"autor","post_mime_type":"","comment_count":"0","filter":"raw"}]},"aioseo_notices":[],"_links":{"self":[{"href":"https:\/\/www.claret.cat\/es\/wp-json\/wp\/v2\/product\/883741","targetHints":{"allow":["GET"]}}],"collection":[{"href":"https:\/\/www.claret.cat\/es\/wp-json\/wp\/v2\/product"}],"about":[{"href":"https:\/\/www.claret.cat\/es\/wp-json\/wp\/v2\/types\/product"}],"wp:featuredmedia":[{"embeddable":true,"href":"https:\/\/www.claret.cat\/es\/wp-json\/wp\/v2\/media\/883742"}],"wp:attachment":[{"href":"https:\/\/www.claret.cat\/es\/wp-json\/wp\/v2\/media?parent=883741"}],"wp:term":[{"taxonomy":"product_brand","embeddable":true,"href":"https:\/\/www.claret.cat\/es\/wp-json\/wp\/v2\/product_brand?post=883741"},{"taxonomy":"product_cat","embeddable":true,"href":"https:\/\/www.claret.cat\/es\/wp-json\/wp\/v2\/product_cat?post=883741"},{"taxonomy":"product_tag","embeddable":true,"href":"https:\/\/www.claret.cat\/es\/wp-json\/wp\/v2\/product_tag?post=883741"}],"curies":[{"name":"wp","href":"https:\/\/api.w.org\/{rel}","templated":true}]}}