{"id":883753,"date":"2023-10-19T13:25:14","date_gmt":"2023-10-19T11:25:14","guid":{"rendered":"https:\/\/www.claret.cat\/llibre\/la-cartoixa-de-parma-9788498594133\/"},"modified":"2025-03-13T19:11:36","modified_gmt":"2025-03-13T18:11:36","slug":"la-cartoixa-de-parma-9788498594133","status":"publish","type":"product","link":"https:\/\/www.claret.cat\/es\/libro\/la-cartoixa-de-parma-9788498594133\/","title":{"rendered":"LA CARTOIXA DE PARMA"},"content":{"rendered":"<p>La novel\u00b7la total del segle XIX que reuneix en una sola obra novel\u00b7la rom\u00e0ntica, hist\u00f2rica, d?aventures i de combat.Escrita l?any 1839, La cartoixa de Parma \u00e9s un dels cl\u00e0ssics indiscutibles de la literatura universal. Admirada per escriptors de la talla de Balzac, Tolstoi, Henry James, Andr\u00e9 Gide o Ernest Hemingway, segueix la vida i les aventures del jove noble itali\u00e0 Fabrizio del Dongo, des del seu naixement l?any 1798 fins a la seva mort. De ben petit ja viu al castell familiar a la riba del llac Como les intrigues i maniobres per fer fora l?ex\u00e8rcit franc\u00e8s de Mil\u00e0; amb disseny anys, per\u00f2, el seu fervor per la causa napole\u00f2nica el porta a fugir d?amagat de casa, just a temps per arribar a presenciar, a Waterloo, l?\u00faltima batalla ?i la derrota definitiva? de Napole\u00f3, el seu heroi, en unes de les p\u00e0gines m\u00e9s c\u00e8lebres de la novel\u00b7la. Retornat a It\u00e0lia, passar\u00e0 la resta de la seva vida trepidant a la ciutat de Parma, amb mig peu a la cort i mig peu a l?Esgl\u00e9sia.<\/p>\n","protected":false},"excerpt":{"rendered":"<p>STENDHAL<\/p>\n","protected":false},"featured_media":1011603,"template":"","meta":{"_acf_changed":false,"om_disable_all_campaigns":false,"rs_blank_template":"","rs_page_bg_color":"","slide_template_v7":"","inline_featured_image":false,"_monsterinsights_skip_tracking":false,"_monsterinsights_sitenote_active":false,"_monsterinsights_sitenote_note":"","_monsterinsights_sitenote_category":0},"product_brand":[],"product_cat":[354,123],"product_tag":[],"class_list":{"0":"post-883753","1":"product","2":"type-product","3":"status-publish","4":"has-post-thumbnail","6":"product_cat-clasica","7":"product_cat-classica","9":"first","10":"instock","11":"taxable","12":"shipping-taxable","13":"purchasable","14":"product-type-simple"},"acf":{"autor":"STENDHAL","codart":"849859413","libros-coleccion":"BERNAT METGE UNIVERSAL","ediciones":"1","encuadernacion":"Carton\u00e9","fecha_de_publicacion":"01\/10\/2023","novedad":"1","paginas":"590","subtitulo":"","orden":"0","portada":"0","idioma":"cat","editorial":[{"ID":6216,"post_author":"3","post_date":"2022-07-28 17:47:22","post_date_gmt":"2022-07-28 15:47:22","post_content":"","post_title":"Editorial Alpha","post_excerpt":"","post_status":"publish","comment_status":"closed","ping_status":"closed","post_password":"","post_name":"editorial-alpha","to_ping":"","pinged":"","post_modified":"2022-07-28 17:47:22","post_modified_gmt":"2022-07-28 15:47:22","post_content_filtered":"","post_parent":0,"guid":"http:\/\/dev.claret.cat\/editorial\/editorial-alpha\/","menu_order":0,"post_type":"editorial","post_mime_type":"","comment_count":"0","filter":"raw"}],"autores-libros":[{"ID":169793,"post_author":"3","post_date":"2022-10-14 22:30:04","post_date_gmt":"2022-10-14 20:30:04","post_content":"","post_title":"STENDHAL","post_excerpt":"","post_status":"publish","comment_status":"closed","ping_status":"closed","post_password":"","post_name":"stendhal","to_ping":"","pinged":"","post_modified":"2022-10-14 22:30:04","post_modified_gmt":"2022-10-14 20:30:04","post_content_filtered":"","post_parent":0,"guid":"http:\/\/dev.claret.cat\/autor\/stendhal\/","menu_order":0,"post_type":"autor","post_mime_type":"","comment_count":"0","filter":"raw"}]},"aioseo_notices":[],"_links":{"self":[{"href":"https:\/\/www.claret.cat\/es\/wp-json\/wp\/v2\/product\/883753","targetHints":{"allow":["GET"]}}],"collection":[{"href":"https:\/\/www.claret.cat\/es\/wp-json\/wp\/v2\/product"}],"about":[{"href":"https:\/\/www.claret.cat\/es\/wp-json\/wp\/v2\/types\/product"}],"wp:featuredmedia":[{"embeddable":true,"href":"https:\/\/www.claret.cat\/es\/wp-json\/wp\/v2\/media\/1011603"}],"wp:attachment":[{"href":"https:\/\/www.claret.cat\/es\/wp-json\/wp\/v2\/media?parent=883753"}],"wp:term":[{"taxonomy":"product_brand","embeddable":true,"href":"https:\/\/www.claret.cat\/es\/wp-json\/wp\/v2\/product_brand?post=883753"},{"taxonomy":"product_cat","embeddable":true,"href":"https:\/\/www.claret.cat\/es\/wp-json\/wp\/v2\/product_cat?post=883753"},{"taxonomy":"product_tag","embeddable":true,"href":"https:\/\/www.claret.cat\/es\/wp-json\/wp\/v2\/product_tag?post=883753"}],"curies":[{"name":"wp","href":"https:\/\/api.w.org\/{rel}","templated":true}]}}