{"id":883774,"date":"2023-10-19T13:41:13","date_gmt":"2023-10-19T11:41:13","guid":{"rendered":"https:\/\/www.claret.cat\/llibre\/jesus-de-nazaret-9788413846569\/"},"modified":"2025-03-24T12:56:10","modified_gmt":"2025-03-24T11:56:10","slug":"jesus-de-nazaret-9788413846569","status":"publish","type":"product","link":"https:\/\/www.claret.cat\/es\/libro\/jesus-de-nazaret-9788413846569\/","title":{"rendered":"JES\u00daS DE NAZARET"},"content":{"rendered":"<p>\u00bfQui\u00e9n fue Jes\u00fas de Nazaret? \u00bfQu\u00e9 pruebas tenemos de su existencia? \u00bfSon ciertos los milagros que se le atribuyen? \u00bfFue un mago, un taumaturgo o un exorcista? Jes\u00fas de Nazaret. En busca de la verdad es un apasionante recorrido por la vida y obra del personaje m\u00e1s influyente de todos los tiempos. Desde la filolog\u00eda, la arqueolog\u00eda y la historia, pero sin dejar de lado la ex\u00e9gesis, la antropolog\u00eda o el misticismo, Antonio Puente Mayor parte de la pregunta de Poncio Pilato \u00abQuid es veritas?\u00bb, para tratar de desentra\u00f1ar la infancia de Jes\u00fas, sus a\u00f1os perdidos, la relaci\u00f3n con sus seguidores o los acontecimientos que precipitaron su muerte. Analiza los principales estudios sobre su figura y acude tanto a las fuentes cristianas como a las no cristianas, remont\u00e1ndose dos mil a\u00f1os atr\u00e1s para ofrecer un retrato lo m\u00e1s cercano posible del Nazareno.<\/p>\n","protected":false},"excerpt":{"rendered":"<p>PUENTE MAYOR, ANTONIO<\/p>\n","protected":false},"featured_media":884104,"template":"","meta":{"_acf_changed":false,"om_disable_all_campaigns":false,"rs_blank_template":"","rs_page_bg_color":"","slide_template_v7":"","inline_featured_image":false,"_monsterinsights_skip_tracking":false,"_monsterinsights_sitenote_active":false,"_monsterinsights_sitenote_note":"","_monsterinsights_sitenote_category":0},"product_brand":[],"product_cat":[91,541,542,92],"product_tag":[],"class_list":{"0":"post-883774","1":"product","2":"type-product","3":"status-publish","4":"has-post-thumbnail","6":"product_cat-cristologia","7":"product_cat-cristologia-1_espiritualidad-spa","8":"product_cat-vida-religiosa-1_espiritualidad-spa","9":"product_cat-vida-religiosa","11":"first","12":"instock","13":"taxable","14":"shipping-taxable","15":"purchasable","16":"product-type-simple"},"acf":{"autor":"PUENTE MAYOR, ANTONIO","codart":"841384656","libros-coleccion":"ESFERA","ediciones":"1","encuadernacion":"R\u00fastica","fecha_de_publicacion":"01\/10\/2023","novedad":"1","paginas":"479","subtitulo":"EN BUSCA DE LA VERDAD","orden":"0","portada":"0","idioma":"spa","editorial":[{"ID":6277,"post_author":"3","post_date":"2022-07-28 17:48:44","post_date_gmt":"2022-07-28 15:48:44","post_content":"","post_title":"LA ESFERA DE LOS LIBROS","post_excerpt":"","post_status":"publish","comment_status":"closed","ping_status":"closed","post_password":"","post_name":"la-esfera-de-los-libros","to_ping":"","pinged":"","post_modified":"2022-07-28 17:48:44","post_modified_gmt":"2022-07-28 15:48:44","post_content_filtered":"","post_parent":0,"guid":"http:\/\/dev.claret.cat\/editorial\/la-esfera-de-los-libros\/","menu_order":0,"post_type":"editorial","post_mime_type":"","comment_count":"0","filter":"raw"}],"autores-libros":[{"ID":150994,"post_author":"3","post_date":"2022-10-14 14:37:22","post_date_gmt":"2022-10-14 12:37:22","post_content":"","post_title":"ANTONIO PUENTE MAYOR","post_excerpt":"","post_status":"publish","comment_status":"closed","ping_status":"closed","post_password":"","post_name":"antonio-puente-mayor","to_ping":"","pinged":"","post_modified":"2022-10-14 14:37:22","post_modified_gmt":"2022-10-14 12:37:22","post_content_filtered":"","post_parent":0,"guid":"http:\/\/dev.claret.cat\/autor\/antonio-puente-mayor\/","menu_order":0,"post_type":"autor","post_mime_type":"","comment_count":"0","filter":"raw"}]},"aioseo_notices":[],"_links":{"self":[{"href":"https:\/\/www.claret.cat\/es\/wp-json\/wp\/v2\/product\/883774","targetHints":{"allow":["GET"]}}],"collection":[{"href":"https:\/\/www.claret.cat\/es\/wp-json\/wp\/v2\/product"}],"about":[{"href":"https:\/\/www.claret.cat\/es\/wp-json\/wp\/v2\/types\/product"}],"wp:featuredmedia":[{"embeddable":true,"href":"https:\/\/www.claret.cat\/es\/wp-json\/wp\/v2\/media\/884104"}],"wp:attachment":[{"href":"https:\/\/www.claret.cat\/es\/wp-json\/wp\/v2\/media?parent=883774"}],"wp:term":[{"taxonomy":"product_brand","embeddable":true,"href":"https:\/\/www.claret.cat\/es\/wp-json\/wp\/v2\/product_brand?post=883774"},{"taxonomy":"product_cat","embeddable":true,"href":"https:\/\/www.claret.cat\/es\/wp-json\/wp\/v2\/product_cat?post=883774"},{"taxonomy":"product_tag","embeddable":true,"href":"https:\/\/www.claret.cat\/es\/wp-json\/wp\/v2\/product_tag?post=883774"}],"curies":[{"name":"wp","href":"https:\/\/api.w.org\/{rel}","templated":true}]}}