{"id":883806,"date":"2023-10-19T13:50:39","date_gmt":"2023-10-19T11:50:39","guid":{"rendered":"https:\/\/www.claret.cat\/llibre\/historia-del-arte-de-la-antiguedad-9788413846620\/"},"modified":"2023-10-19T17:21:03","modified_gmt":"2023-10-19T15:21:03","slug":"historia-del-arte-de-la-antiguedad-9788413846620","status":"publish","type":"product","link":"https:\/\/www.claret.cat\/es\/libro\/historia-del-arte-de-la-antiguedad-9788413846620\/","title":{"rendered":"HISTORIA DEL ARTE DE LA ANTIG\u00dcEDAD"},"content":{"rendered":"<p>Para Winckelmann, la belleza del arte trasciende el tiempo y el espacio, por eso es tan importante que tengamos las herramientas adecuadas para comprenderlo. Estas p\u00e1ginas, que se publicaron por primera vez en Dresde en 1764, son un recorrido por las de la continuidad del arte a trav\u00e9s de distintas civilizaciones completamente novedosa. manifestaciones art\u00edsticas del mundo antiguo partiendo de la idea de que, como la vida, han sufrido un proceso evolutivo. Pasando por egipcios, etruscos, persas y romanos, se detiene a analizar en profundidad el arte de los griegos, lo que proporcion\u00f3 una visi\u00f3n de la continuidad del arte a trav\u00e9s de distintas civilizaciones completamente novedosa. Su ojo cr\u00edtico con lo que se ven\u00eda haciendo hasta la fecha y su atenci\u00f3n al detalle convirtieron esta en una obra de referencia e inspiraci\u00f3n para grandes artistas y te\u00f3ricos como Goethe o Schiller; a\u00fan hoy, contin\u00faa si\u00e9ndolo para todo aquel que se acerque al estudio del arte cl\u00e1sico.<\/p>\n","protected":false},"excerpt":{"rendered":"<p>WINCKELMANN, JOHAN JOACHIM<\/p>\n","protected":false},"featured_media":884098,"template":"","meta":{"_acf_changed":false,"om_disable_all_campaigns":false,"rs_blank_template":"","rs_page_bg_color":"","slide_template_v7":"","inline_featured_image":false,"_monsterinsights_skip_tracking":false,"_monsterinsights_sitenote_active":false,"_monsterinsights_sitenote_note":"","_monsterinsights_sitenote_category":0},"product_brand":[],"product_cat":[90,540],"product_tag":[],"class_list":{"0":"post-883806","1":"product","2":"type-product","3":"status-publish","4":"has-post-thumbnail","6":"product_cat-altres","7":"product_cat-otros","9":"first","10":"instock","11":"taxable","12":"shipping-taxable","13":"purchasable","14":"product-type-simple"},"acf":{"autor":"WINCKELMANN, JOHAN JOACHIM","codart":"841384662","libros-coleccion":"ESFERA","ediciones":"1","encuadernacion":"Carton\u00e9","fecha_de_publicacion":"01\/10\/2023","novedad":"1","paginas":"357","subtitulo":"","orden":"0","portada":"0","idioma":"spa","editorial":[{"ID":6277,"post_author":"3","post_date":"2022-07-28 17:48:44","post_date_gmt":"2022-07-28 15:48:44","post_content":"","post_title":"LA ESFERA DE LOS LIBROS","post_excerpt":"","post_status":"publish","comment_status":"closed","ping_status":"closed","post_password":"","post_name":"la-esfera-de-los-libros","to_ping":"","pinged":"","post_modified":"2022-07-28 17:48:44","post_modified_gmt":"2022-07-28 15:48:44","post_content_filtered":"","post_parent":0,"guid":"http:\/\/dev.claret.cat\/editorial\/la-esfera-de-los-libros\/","menu_order":0,"post_type":"editorial","post_mime_type":"","comment_count":"0","filter":"raw"}],"autores-libros":[{"ID":883889,"post_author":"3","post_date":"2023-10-19 14:32:04","post_date_gmt":"2023-10-19 12:32:04","post_content":"","post_title":"JOHAN JOACHIM WINCKELMANN","post_excerpt":"","post_status":"publish","comment_status":"closed","ping_status":"closed","post_password":"","post_name":"johan-joachim-winckelmann","to_ping":"","pinged":"","post_modified":"2023-10-19 14:32:04","post_modified_gmt":"2023-10-19 12:32:04","post_content_filtered":"","post_parent":0,"guid":"https:\/\/www.claret.cat\/autor\/johan-joachim-winckelmann\/","menu_order":0,"post_type":"autor","post_mime_type":"","comment_count":"0","filter":"raw"}]},"aioseo_notices":[],"_links":{"self":[{"href":"https:\/\/www.claret.cat\/es\/wp-json\/wp\/v2\/product\/883806","targetHints":{"allow":["GET"]}}],"collection":[{"href":"https:\/\/www.claret.cat\/es\/wp-json\/wp\/v2\/product"}],"about":[{"href":"https:\/\/www.claret.cat\/es\/wp-json\/wp\/v2\/types\/product"}],"wp:featuredmedia":[{"embeddable":true,"href":"https:\/\/www.claret.cat\/es\/wp-json\/wp\/v2\/media\/884098"}],"wp:attachment":[{"href":"https:\/\/www.claret.cat\/es\/wp-json\/wp\/v2\/media?parent=883806"}],"wp:term":[{"taxonomy":"product_brand","embeddable":true,"href":"https:\/\/www.claret.cat\/es\/wp-json\/wp\/v2\/product_brand?post=883806"},{"taxonomy":"product_cat","embeddable":true,"href":"https:\/\/www.claret.cat\/es\/wp-json\/wp\/v2\/product_cat?post=883806"},{"taxonomy":"product_tag","embeddable":true,"href":"https:\/\/www.claret.cat\/es\/wp-json\/wp\/v2\/product_tag?post=883806"}],"curies":[{"name":"wp","href":"https:\/\/api.w.org\/{rel}","templated":true}]}}