{"id":883809,"date":"2023-10-19T13:50:50","date_gmt":"2023-10-19T11:50:50","guid":{"rendered":"https:\/\/www.claret.cat\/llibre\/el-liderazgo-al-estilo-de-los-jesuitas-9789506418168\/"},"modified":"2024-03-26T10:50:34","modified_gmt":"2024-03-26T09:50:34","slug":"el-liderazgo-al-estilo-de-los-jesuitas-9789506418168","status":"publish","type":"product","link":"https:\/\/www.claret.cat\/es\/libro\/el-liderazgo-al-estilo-de-los-jesuitas-9789506418168\/","title":{"rendered":"EL LIDERAZGO AL ESTILO DE LOS JESUITAS"},"content":{"rendered":"<p>El Liderazgo al estilo de los jesuitas, marc\u00f3 un hito y fue un \u00e9xito de ventas n\u00famero 1 en el ranking de la CBPA. Fue nombrado finalista como libro del a\u00f1o de la Revista Pr\u00f3logo y ha sido traducido a once idiomas. Se utiliza ampliamente en las empresas y organizaciones de caridad, y se ha convertido en un elemento b\u00e1sico de los planes de estudio de escuelas de negocios y universidades. Este libro desaf\u00eda nuestras suposiciones y estereotipos sobre el liderazgo, y nos invita a abrazar nuestra propia oportunidad de liderazgo y responsabilidad. Los antecedentes Chris Lowney como seminarista jesuita, el cual m\u00e1s tarde se desempe\u00f1\u00f3 como director general de JP Morgan &amp; Co, dejan huellas en el libro una nueva visi\u00f3n refrescante sobre c\u00f3mo los l\u00edderes se forman y c\u00f3mo viven. Espec\u00edficamente se articulan cuatro pilares para lograr un gran liderazgo: los l\u00edderes son la auto-conciencia, son heroicos, son ingenioso, y tambi\u00e9n amorosos. Se conocen a s\u00ed mismos profundamente, viven para adaptarse con seguridad a un mundo que cambia r\u00e1pidamente, y respetar la dignidad y el potencial de los que les rodean. Chris ilustra estos cuatro pilares a trav\u00e9s de fascinantes vi\u00f1etas de la historia de una compa\u00f1\u00eda de 450 a\u00f1os que cambi\u00f3 el mundo: los jesuitas.  El autor Chris Lowney preside la junta directiva de CatholicHealthInitiatives, uno de los sistemas de cuidado de la salud m\u00e1s grandes de los Estados Unidos. Tras una experiencia como seminarista jesuita, se desempe\u00f1\u00f3 como director general de JP Morgan &amp; Co. en Nueva York, Tokio, Singapur y Londres, hasta dejar la firma en 2001. Graduado con honores en la Universidad de Fordham, donde tambi\u00e9n recibi\u00f3 su MA, es adem\u00e1s titular de cinco doctorados honoris causa. Es autor de cuatro libros, incluidos bestsellers, y entre ellos uno dedicado al Papa Francisco, en los que conjug\u00f3 sus experiencias en el mundo de los negocios y en el plano de la acci\u00f3n solidaria: como fundador de Commons, una organizaci\u00f3n jesuita innovadora que ofrece educaci\u00f3n universitaria en l\u00ednea en campos de refugiados de \u00c1frica y en otros lugares del mundo, y de Peregrinaci\u00f3n por el futuro de nuestros ni\u00f1os, una entidad que financia proyectos de educaci\u00f3n y de salud en el mundo en desarrollo.<\/p>\n","protected":false},"excerpt":{"rendered":"<p>LOWNEY , CHRIS<\/p>\n","protected":false},"featured_media":884045,"template":"","meta":{"_acf_changed":false,"om_disable_all_campaigns":false,"rs_blank_template":"","rs_page_bg_color":"","slide_template_v7":"","inline_featured_image":false,"_monsterinsights_skip_tracking":false,"_monsterinsights_sitenote_active":false,"_monsterinsights_sitenote_note":"","_monsterinsights_sitenote_category":0},"product_brand":[],"product_cat":[90,540,92,542],"product_tag":[],"class_list":{"0":"post-883809","1":"product","2":"type-product","3":"status-publish","4":"has-post-thumbnail","6":"product_cat-altres","7":"product_cat-otros","8":"product_cat-vida-religiosa","9":"product_cat-vida-religiosa-1_espiritualidad-spa","11":"first","12":"instock","13":"taxable","14":"shipping-taxable","15":"purchasable","16":"product-type-simple"},"acf":{"autor":"LOWNEY , CHRIS","codart":"950641816","libros-coleccion":"Coaching personal","ediciones":"1","encuadernacion":"R\u00fastica","fecha_de_publicacion":"01\/08\/2014","novedad":"1","paginas":"336","subtitulo":"LAS MEJORES PR\u00c1CTICAS DE UNA COMPA\u00d1\u00cdA DE 450 A\u00d1OS QUE CAMBI\u00d3 EL MUNDO","orden":"0","portada":"0","idioma":"spa","editorial":[{"ID":148220,"post_author":"3","post_date":"2022-10-14 11:56:33","post_date_gmt":"2022-10-14 09:56:33","post_content":"","post_title":"GRANICA  EDICIONES","post_excerpt":"","post_status":"publish","comment_status":"closed","ping_status":"closed","post_password":"","post_name":"granica-ediciones","to_ping":"","pinged":"","post_modified":"2022-10-14 11:56:33","post_modified_gmt":"2022-10-14 09:56:33","post_content_filtered":"","post_parent":0,"guid":"http:\/\/dev.claret.cat\/editorial\/granica-ediciones\/","menu_order":0,"post_type":"editorial","post_mime_type":"","comment_count":"0","filter":"raw"}],"autores-libros":[{"ID":152868,"post_author":"3","post_date":"2022-10-14 14:52:14","post_date_gmt":"2022-10-14 12:52:14","post_content":"","post_title":"CHRIS LOWNEY","post_excerpt":"","post_status":"publish","comment_status":"closed","ping_status":"closed","post_password":"","post_name":"chris-lowney","to_ping":"","pinged":"","post_modified":"2022-10-14 14:52:14","post_modified_gmt":"2022-10-14 12:52:14","post_content_filtered":"","post_parent":0,"guid":"http:\/\/dev.claret.cat\/autor\/chris-lowney\/","menu_order":0,"post_type":"autor","post_mime_type":"","comment_count":"0","filter":"raw"}]},"aioseo_notices":[],"_links":{"self":[{"href":"https:\/\/www.claret.cat\/es\/wp-json\/wp\/v2\/product\/883809","targetHints":{"allow":["GET"]}}],"collection":[{"href":"https:\/\/www.claret.cat\/es\/wp-json\/wp\/v2\/product"}],"about":[{"href":"https:\/\/www.claret.cat\/es\/wp-json\/wp\/v2\/types\/product"}],"wp:featuredmedia":[{"embeddable":true,"href":"https:\/\/www.claret.cat\/es\/wp-json\/wp\/v2\/media\/884045"}],"wp:attachment":[{"href":"https:\/\/www.claret.cat\/es\/wp-json\/wp\/v2\/media?parent=883809"}],"wp:term":[{"taxonomy":"product_brand","embeddable":true,"href":"https:\/\/www.claret.cat\/es\/wp-json\/wp\/v2\/product_brand?post=883809"},{"taxonomy":"product_cat","embeddable":true,"href":"https:\/\/www.claret.cat\/es\/wp-json\/wp\/v2\/product_cat?post=883809"},{"taxonomy":"product_tag","embeddable":true,"href":"https:\/\/www.claret.cat\/es\/wp-json\/wp\/v2\/product_tag?post=883809"}],"curies":[{"name":"wp","href":"https:\/\/api.w.org\/{rel}","templated":true}]}}