{"id":883833,"date":"2023-10-19T14:00:17","date_gmt":"2023-10-19T12:00:17","guid":{"rendered":"https:\/\/www.claret.cat\/llibre\/breve-historia-de-los-godos-n-e-color-9788413054049\/"},"modified":"2025-06-03T13:00:39","modified_gmt":"2025-06-03T11:00:39","slug":"breve-historia-de-los-godos-n-e-color-9788413054049","status":"publish","type":"product","link":"https:\/\/www.claret.cat\/es\/libro\/breve-historia-de-los-godos-n-e-color-9788413054049\/","title":{"rendered":"BREVE HISTORIA DE LOS GODOS N. E. COLOR"},"content":{"rendered":"<p>Medio milenio de la historia de Europa entre la Antig\u00fcedad y la Edad Media. Desde sus or\u00edgenes mitol\u00f3gicos en el b\u00e1ltico, la nueva Roma de Leovigildo y el reino hispanogodo de Toledo hasta la derrota final frente a los musulmanes en la pen\u00ednsula ib\u00e9rica. En Breve Historia de los Godos se recorren varios siglos y miles de kil\u00f3metros se sucedieron simbiosis culturales, guerras, construcciones pol\u00edticas e ideol\u00f3gicas y, sobre todo, un esfuerzo denodado por integrarse en el mundo romano, primero como aliados y luego como sucesores y herederos de la cultura del Imperio en los dos reinos que construyeron en Italia e Hispania. Poco que ver con la imagen legendaria de crueldad y barbarie. El primero desapareci\u00f3 pronto, pero el segundo, el reino hispanogodo, o visigodo, de Toledo, se convirti\u00f3 en el m\u00e1s complejo y romanizado de Occidente, con intelectuales de la talla de Isidoro de Sevilla y una legislaci\u00f3n que perdur\u00f3 durante siglos.Ferm\u00edn Miranda-Garc\u00eda nos hace ver claramente c\u00f3mo los reinos de Italia e Hispania que construyeron ostrogodos y visigodos asumieron la continuidad de lo romano sin negar la singularidad de lo germano, y eso implicaba tanto mantener las grandes l\u00edneas de pensamiento e institucionalizaci\u00f3n de la Roma cristiana como heredar sus profundas debilidades y carencias. El reino hispanogodo de Toledo, pod\u00eda deslumbrar a Occidente con las cr\u00f3nicas de Juan de B\u00edclaro, el pensamiento de Isidoro de Sevilla o la legislaci\u00f3n del Liber Iudicum, , pero era incapaz de organizar un sistema sucesorio, de controlar las luchas nobiliarias o de afrontar unido los peligros que pudieran venir del exterior.Razones para comprar la obra:- El autor es un especialista en la materia capaz de hacer comprensible una historia tan convulsa y enmara\u00f1ada como la del pueblo godo.- El libro presenta la historia de los godos, el pueblo del norte de Europa, desde sus m\u00edticos or\u00edgenes hasta la p\u00e9rdida de su hegemon\u00eda en la Pen\u00ednsula Ib\u00e9rica. Recorriendo no s\u00f3lo los m\u00e1s conocidos, visigodos y los ostrogodos, sino tambi\u00e9n los desconocidos como los greutungos o los baltos.- El autor descubre otros datos desconocidos para el gran p\u00fablico como la importancia de mujeres como Gala Placidia o Galesvinta o el complejo sistema de alianzas entre los pueblos b\u00e1rbaros y los emperadores.- Esta Breve historia est\u00e1 enriquecida con numerosas im\u00e1genes, recuadros explicativos y un \u00edndice y una cronolog\u00eda que ayudan a contextualizar este periodo hist\u00f3rico.Un libro que pretende acercar al p\u00fablico las grandes l\u00edneas de la historia del pueblo godo y del reino hispanogodo desde una perspectiva de divulgaci\u00f3n pero sin renunciar, antes al contrario, a los elementos propios de una presentaci\u00f3n cient\u00edfica<\/p>\n","protected":false},"excerpt":{"rendered":"<p>MIRANDA-GARC\u00cdA, FERM\u00cdN<\/p>\n","protected":false},"featured_media":884112,"template":"","meta":{"_acf_changed":false,"om_disable_all_campaigns":false,"rs_blank_template":"","rs_page_bg_color":"","slide_template_v7":"","inline_featured_image":false,"_monsterinsights_skip_tracking":false,"_monsterinsights_sitenote_active":false,"_monsterinsights_sitenote_note":"","_monsterinsights_sitenote_category":0},"product_brand":[],"product_cat":[149,427],"product_tag":[],"class_list":{"0":"post-883833","1":"product","2":"type-product","3":"status-publish","4":"has-post-thumbnail","6":"product_cat-medieval","7":"product_cat-medieval-historia-2_humanidades","9":"first","10":"instock","11":"taxable","12":"shipping-taxable","13":"purchasable","14":"product-type-simple"},"acf":{"autor":"MIRANDA-GARC\u00cdA, FERM\u00cdN","codart":"841305404","libros-coleccion":"Breve Historia","ediciones":"1","encuadernacion":"R\u00fastica","fecha_de_publicacion":"01\/10\/2023","novedad":"1","paginas":"323","subtitulo":"VISIGODOS, OSTROGODOS, GREUTUNGOS Y BALTOS","orden":"0","portada":"0","idioma":"spa","editorial":[{"ID":6205,"post_author":"3","post_date":"2022-07-28 17:47:07","post_date_gmt":"2022-07-28 15:47:07","post_content":"","post_title":"EDICIONES NOWTILUS","post_excerpt":"","post_status":"publish","comment_status":"closed","ping_status":"closed","post_password":"","post_name":"ediciones-nowtilus","to_ping":"","pinged":"","post_modified":"2022-07-28 17:47:07","post_modified_gmt":"2022-07-28 15:47:07","post_content_filtered":"","post_parent":0,"guid":"http:\/\/dev.claret.cat\/editorial\/ediciones-nowtilus\/","menu_order":0,"post_type":"editorial","post_mime_type":"","comment_count":"0","filter":"raw"}],"autores-libros":[{"ID":422553,"post_author":"3","post_date":"2023-05-16 07:21:12","post_date_gmt":"2023-05-16 05:21:12","post_content":"","post_title":"FERM\u00cdN MIRANDA-GARC\u00cdA","post_excerpt":"","post_status":"publish","comment_status":"closed","ping_status":"closed","post_password":"","post_name":"fermin-miranda-garcia","to_ping":"","pinged":"","post_modified":"2023-05-16 07:21:12","post_modified_gmt":"2023-05-16 05:21:12","post_content_filtered":"","post_parent":0,"guid":"https:\/\/www.claret.cat\/autor\/fermin-miranda-garcia\/","menu_order":0,"post_type":"autor","post_mime_type":"","comment_count":"0","filter":"raw"}],"booktrailer":"","resenas":""},"aioseo_notices":[],"_links":{"self":[{"href":"https:\/\/www.claret.cat\/es\/wp-json\/wp\/v2\/product\/883833","targetHints":{"allow":["GET"]}}],"collection":[{"href":"https:\/\/www.claret.cat\/es\/wp-json\/wp\/v2\/product"}],"about":[{"href":"https:\/\/www.claret.cat\/es\/wp-json\/wp\/v2\/types\/product"}],"wp:featuredmedia":[{"embeddable":true,"href":"https:\/\/www.claret.cat\/es\/wp-json\/wp\/v2\/media\/884112"}],"wp:attachment":[{"href":"https:\/\/www.claret.cat\/es\/wp-json\/wp\/v2\/media?parent=883833"}],"wp:term":[{"taxonomy":"product_brand","embeddable":true,"href":"https:\/\/www.claret.cat\/es\/wp-json\/wp\/v2\/product_brand?post=883833"},{"taxonomy":"product_cat","embeddable":true,"href":"https:\/\/www.claret.cat\/es\/wp-json\/wp\/v2\/product_cat?post=883833"},{"taxonomy":"product_tag","embeddable":true,"href":"https:\/\/www.claret.cat\/es\/wp-json\/wp\/v2\/product_tag?post=883833"}],"curies":[{"name":"wp","href":"https:\/\/api.w.org\/{rel}","templated":true}]}}