{"id":883877,"date":"2023-10-19T14:20:36","date_gmt":"2023-10-19T12:20:36","guid":{"rendered":"https:\/\/www.claret.cat\/llibre\/yo-julia-9788408281474\/"},"modified":"2024-07-04T19:20:07","modified_gmt":"2024-07-04T17:20:07","slug":"yo-julia-9788408281474","status":"publish","type":"product","link":"https:\/\/www.claret.cat\/es\/libro\/yo-julia-9788408281474\/","title":{"rendered":"YO, JULIA"},"content":{"rendered":"<p>NOVELA GALARDONADA CON EL PREMIO PLANETA192 d. C. Varios hombres luchan por un imperio, pero Julia, hija de reyes, madre de c\u00e9sares y esposa de emperador, piensa en algo m\u00e1s ambicioso: una dinast\u00eda. Roma est\u00e1 bajo el control de C\u00f3modo, un emperador loco. El Senado se conjura para terminar con el tirano, y los gobernadores militares m\u00e1s poderosos podr\u00edan dar un golpe de Estado: Albino en Britania, Severo en el Danubio o Nigro en Siria. C\u00f3modo retiene a sus esposas para evitar su rebeli\u00f3n, y Julia, la mujer de Severo, se convierte as\u00ed en reh\u00e9n. De pronto, Roma arde. Un incendio asola la ciudad. \u00bfEs un desastre o una oportunidad? Cinco hombres se disponen a luchar a muerte por el poder. Creen que la partida est\u00e1 a punto de empezar. Pero para Julia la partida ya ha comenzado. Sabe que solo una mujer puede forjar una dinast\u00eda.<\/p>\n","protected":false},"excerpt":{"rendered":"<p>POSTEGUILLO, SANTIAGO<\/p>\n","protected":false},"featured_media":883878,"template":"","meta":{"_acf_changed":false,"om_disable_all_campaigns":false,"rs_blank_template":"","rs_page_bg_color":"","slide_template_v7":"","inline_featured_image":false,"_monsterinsights_skip_tracking":false,"_monsterinsights_sitenote_active":false,"_monsterinsights_sitenote_note":"","_monsterinsights_sitenote_category":0},"product_brand":[],"product_cat":[130,360],"product_tag":[],"class_list":{"0":"post-883877","1":"product","2":"type-product","3":"status-publish","4":"has-post-thumbnail","6":"product_cat-novella-historica-i-ficcio","7":"product_cat-novela-historica-y-ficcion","9":"first","10":"instock","11":"taxable","12":"shipping-taxable","13":"purchasable","14":"product-type-simple"},"acf":{"autor":"POSTEGUILLO, SANTIAGO","codart":"840828147","libros-coleccion":"NOVELA HISTORICA","ediciones":"1","encuadernacion":"R\u00fastica","fecha_de_publicacion":"01\/10\/2023","novedad":"1","paginas":"720","subtitulo":"JULIA DOMNA I","orden":"0","portada":"0","idioma":"spa","editorial":[{"ID":6233,"post_author":"3","post_date":"2022-07-28 17:47:48","post_date_gmt":"2022-07-28 15:47:48","post_content":"","post_title":"EDITORIAL PLANETA","post_excerpt":"","post_status":"publish","comment_status":"closed","ping_status":"closed","post_password":"","post_name":"editorial-planeta","to_ping":"","pinged":"","post_modified":"2022-07-28 17:47:48","post_modified_gmt":"2022-07-28 15:47:48","post_content_filtered":"","post_parent":0,"guid":"http:\/\/dev.claret.cat\/editorial\/editorial-planeta\/","menu_order":0,"post_type":"editorial","post_mime_type":"","comment_count":"0","filter":"raw"}],"autores-libros":[{"ID":6019,"post_author":"3","post_date":"2022-07-28 17:36:26","post_date_gmt":"2022-07-28 15:36:26","post_content":"","post_title":"SANTIAGO POSTEGUILLO","post_excerpt":"","post_status":"publish","comment_status":"closed","ping_status":"closed","post_password":"","post_name":"santiago-posteguillo","to_ping":"","pinged":"","post_modified":"2022-07-28 17:36:26","post_modified_gmt":"2022-07-28 15:36:26","post_content_filtered":"","post_parent":0,"guid":"http:\/\/dev.claret.cat\/autor\/santiago-posteguillo\/","menu_order":0,"post_type":"autor","post_mime_type":"","comment_count":"0","filter":"raw"}]},"aioseo_notices":[],"_links":{"self":[{"href":"https:\/\/www.claret.cat\/es\/wp-json\/wp\/v2\/product\/883877","targetHints":{"allow":["GET"]}}],"collection":[{"href":"https:\/\/www.claret.cat\/es\/wp-json\/wp\/v2\/product"}],"about":[{"href":"https:\/\/www.claret.cat\/es\/wp-json\/wp\/v2\/types\/product"}],"wp:featuredmedia":[{"embeddable":true,"href":"https:\/\/www.claret.cat\/es\/wp-json\/wp\/v2\/media\/883878"}],"wp:attachment":[{"href":"https:\/\/www.claret.cat\/es\/wp-json\/wp\/v2\/media?parent=883877"}],"wp:term":[{"taxonomy":"product_brand","embeddable":true,"href":"https:\/\/www.claret.cat\/es\/wp-json\/wp\/v2\/product_brand?post=883877"},{"taxonomy":"product_cat","embeddable":true,"href":"https:\/\/www.claret.cat\/es\/wp-json\/wp\/v2\/product_cat?post=883877"},{"taxonomy":"product_tag","embeddable":true,"href":"https:\/\/www.claret.cat\/es\/wp-json\/wp\/v2\/product_tag?post=883877"}],"curies":[{"name":"wp","href":"https:\/\/api.w.org\/{rel}","templated":true}]}}