{"id":883939,"date":"2023-10-19T16:05:32","date_gmt":"2023-10-19T14:05:32","guid":{"rendered":"https:\/\/www.claret.cat\/llibre\/mindfulness-con-pegatinas-numeradas-animales-9788468363646\/"},"modified":"2024-02-08T12:16:20","modified_gmt":"2024-02-08T11:16:20","slug":"mindfulness-con-pegatinas-numeradas-animales-9788468363646","status":"publish","type":"product","link":"https:\/\/www.claret.cat\/es\/libro\/mindfulness-con-pegatinas-numeradas-animales-9788468363646\/","title":{"rendered":"MINDFULNESS CON PEGATINAS NUMERADAS: ANIMALES"},"content":{"rendered":"<p>Mindfulness con pegatinas numeradas   En este libro tienes todo lo que necesitas para crear 12 obras de arte con unas coloridas pegatinas.   Detr\u00e1s de las im\u00e1genes de unicornios, hay 12 bonitos p\u00f3steres con mensajes positivos para colorear. Guarda tus creaciones en el libro o separa las hojas perforadas para compartirlas y exhibirlas.    Colorea el p\u00f3ster con la frase  Elige una imagen y busca la l\u00e1mina de pegatinas que le corresponde.  Localiza el n\u00famero de cada pegatina en la imagen y p\u00e9galas.<\/p>\n","protected":false},"excerpt":{"rendered":"<p>AA VV<\/p>\n","protected":false},"featured_media":883940,"template":"","meta":{"_acf_changed":false,"om_disable_all_campaigns":false,"rs_blank_template":"","rs_page_bg_color":"","slide_template_v7":"","inline_featured_image":false,"_monsterinsights_skip_tracking":false,"_monsterinsights_sitenote_active":false,"_monsterinsights_sitenote_note":"","_monsterinsights_sitenote_category":0},"product_brand":[],"product_cat":[90,540],"product_tag":[],"class_list":{"0":"post-883939","1":"product","2":"type-product","3":"status-publish","4":"has-post-thumbnail","6":"product_cat-altres","7":"product_cat-otros","9":"first","10":"instock","11":"taxable","12":"shipping-taxable","13":"purchasable","14":"product-type-simple"},"acf":{"autor":"AA VV","codart":"846836364","libros-coleccion":"","ediciones":"1","encuadernacion":"R\u00fastica","fecha_de_publicacion":"01\/09\/2023","novedad":"1","paginas":"23","subtitulo":"","orden":"0","portada":"0","idioma":"spa","editorial":[{"ID":6193,"post_author":"3","post_date":"2022-07-28 17:46:53","post_date_gmt":"2022-07-28 15:46:53","post_content":"","post_title":"EDEBE GUADIEL","post_excerpt":"","post_status":"publish","comment_status":"closed","ping_status":"closed","post_password":"","post_name":"edebe-guadiel","to_ping":"","pinged":"","post_modified":"2022-07-28 17:46:53","post_modified_gmt":"2022-07-28 15:46:53","post_content_filtered":"","post_parent":0,"guid":"http:\/\/dev.claret.cat\/editorial\/edebe-guadiel\/","menu_order":0,"post_type":"editorial","post_mime_type":"","comment_count":"0","filter":"raw"}],"autores-libros":[{"ID":8278,"post_author":"3","post_date":"2022-09-30 09:47:22","post_date_gmt":"2022-09-30 07:47:22","post_content":"","post_title":"AA VV","post_excerpt":"","post_status":"publish","comment_status":"closed","ping_status":"closed","post_password":"","post_name":"aa-vv-4","to_ping":"","pinged":"","post_modified":"2022-09-30 09:47:22","post_modified_gmt":"2022-09-30 07:47:22","post_content_filtered":"","post_parent":0,"guid":"http:\/\/dev.claret.cat\/autor\/aa-vv-4\/","menu_order":0,"post_type":"autor","post_mime_type":"","comment_count":"0","filter":"raw"}]},"aioseo_notices":[],"_links":{"self":[{"href":"https:\/\/www.claret.cat\/es\/wp-json\/wp\/v2\/product\/883939","targetHints":{"allow":["GET"]}}],"collection":[{"href":"https:\/\/www.claret.cat\/es\/wp-json\/wp\/v2\/product"}],"about":[{"href":"https:\/\/www.claret.cat\/es\/wp-json\/wp\/v2\/types\/product"}],"wp:featuredmedia":[{"embeddable":true,"href":"https:\/\/www.claret.cat\/es\/wp-json\/wp\/v2\/media\/883940"}],"wp:attachment":[{"href":"https:\/\/www.claret.cat\/es\/wp-json\/wp\/v2\/media?parent=883939"}],"wp:term":[{"taxonomy":"product_brand","embeddable":true,"href":"https:\/\/www.claret.cat\/es\/wp-json\/wp\/v2\/product_brand?post=883939"},{"taxonomy":"product_cat","embeddable":true,"href":"https:\/\/www.claret.cat\/es\/wp-json\/wp\/v2\/product_cat?post=883939"},{"taxonomy":"product_tag","embeddable":true,"href":"https:\/\/www.claret.cat\/es\/wp-json\/wp\/v2\/product_tag?post=883939"}],"curies":[{"name":"wp","href":"https:\/\/api.w.org\/{rel}","templated":true}]}}