{"id":883989,"date":"2023-10-19T16:31:28","date_gmt":"2023-10-19T14:31:28","guid":{"rendered":"https:\/\/www.claret.cat\/llibre\/los-felpudos-nunca-mienten-9788468368900\/"},"modified":"2024-02-08T12:10:52","modified_gmt":"2024-02-08T11:10:52","slug":"los-felpudos-nunca-mienten-9788468368900","status":"publish","type":"product","link":"https:\/\/www.claret.cat\/es\/libro\/los-felpudos-nunca-mienten-9788468368900\/","title":{"rendered":"LOS FELPUDOS NUNCA MIENTEN"},"content":{"rendered":"<p>Mi nombre es Bern, diminutivo de Bernardo. Tengo cuatro patas, ojos oscuros, pelo abundante con manchas blancas y marrones por el lomo. Peso?, peso mucho, pero eso ahora no importa. Lo importante es que tengo un buen cerebro. Soy el \u00fanico que piensa en la casa de locos en la que vivo. No s\u00e9 qu\u00e9 har\u00edan en esta familia sin m\u00ed. Siempre los saco de los l\u00edos en los que se meten. Por eso quiero ser yo el que cuente lo que pas\u00f3 cuando la se\u00f1ora Moon se present\u00f3 con un trozo de fantasma?     \u00a1CARCAJADAS ASEGURADAS!<\/p>\n","protected":false},"excerpt":{"rendered":"<p>MAR\u00cdA ROSAL<\/p>\n","protected":false},"featured_media":883990,"template":"","meta":{"_acf_changed":false,"om_disable_all_campaigns":false,"rs_blank_template":"","rs_page_bg_color":"","slide_template_v7":"","inline_featured_image":false,"_monsterinsights_skip_tracking":false,"_monsterinsights_sitenote_active":false,"_monsterinsights_sitenote_note":"","_monsterinsights_sitenote_category":0},"product_brand":[],"product_cat":[90,540],"product_tag":[],"class_list":{"0":"post-883989","1":"product","2":"type-product","3":"status-publish","4":"has-post-thumbnail","6":"product_cat-altres","7":"product_cat-otros","9":"first","10":"instock","11":"taxable","12":"shipping-taxable","13":"purchasable","14":"product-type-simple"},"acf":{"autor":"MAR\u00cdA ROSAL","codart":"846836890","libros-coleccion":"Tuc\u00e1n Verde","ediciones":"1","encuadernacion":"R\u00fastica","fecha_de_publicacion":"01\/09\/2023","novedad":"1","paginas":"162","subtitulo":"","orden":"0","portada":"0","idioma":"spa","editorial":[{"ID":6193,"post_author":"3","post_date":"2022-07-28 17:46:53","post_date_gmt":"2022-07-28 15:46:53","post_content":"","post_title":"EDEBE GUADIEL","post_excerpt":"","post_status":"publish","comment_status":"closed","ping_status":"closed","post_password":"","post_name":"edebe-guadiel","to_ping":"","pinged":"","post_modified":"2022-07-28 17:46:53","post_modified_gmt":"2022-07-28 15:46:53","post_content_filtered":"","post_parent":0,"guid":"http:\/\/dev.claret.cat\/editorial\/edebe-guadiel\/","menu_order":0,"post_type":"editorial","post_mime_type":"","comment_count":"0","filter":"raw"}],"autores-libros":[{"ID":883988,"post_author":"3","post_date":"2023-10-19 16:31:26","post_date_gmt":"2023-10-19 14:31:26","post_content":"","post_title":"MAR\u00cdA ROSAL","post_excerpt":"","post_status":"publish","comment_status":"closed","ping_status":"closed","post_password":"","post_name":"maria-rosal","to_ping":"","pinged":"","post_modified":"2023-10-19 16:31:26","post_modified_gmt":"2023-10-19 14:31:26","post_content_filtered":"","post_parent":0,"guid":"https:\/\/www.claret.cat\/autor\/maria-rosal\/","menu_order":0,"post_type":"autor","post_mime_type":"","comment_count":"0","filter":"raw"}]},"aioseo_notices":[],"_links":{"self":[{"href":"https:\/\/www.claret.cat\/es\/wp-json\/wp\/v2\/product\/883989","targetHints":{"allow":["GET"]}}],"collection":[{"href":"https:\/\/www.claret.cat\/es\/wp-json\/wp\/v2\/product"}],"about":[{"href":"https:\/\/www.claret.cat\/es\/wp-json\/wp\/v2\/types\/product"}],"wp:featuredmedia":[{"embeddable":true,"href":"https:\/\/www.claret.cat\/es\/wp-json\/wp\/v2\/media\/883990"}],"wp:attachment":[{"href":"https:\/\/www.claret.cat\/es\/wp-json\/wp\/v2\/media?parent=883989"}],"wp:term":[{"taxonomy":"product_brand","embeddable":true,"href":"https:\/\/www.claret.cat\/es\/wp-json\/wp\/v2\/product_brand?post=883989"},{"taxonomy":"product_cat","embeddable":true,"href":"https:\/\/www.claret.cat\/es\/wp-json\/wp\/v2\/product_cat?post=883989"},{"taxonomy":"product_tag","embeddable":true,"href":"https:\/\/www.claret.cat\/es\/wp-json\/wp\/v2\/product_tag?post=883989"}],"curies":[{"name":"wp","href":"https:\/\/api.w.org\/{rel}","templated":true}]}}