{"id":883995,"date":"2023-10-19T16:35:03","date_gmt":"2023-10-19T14:35:03","guid":{"rendered":"https:\/\/www.claret.cat\/llibre\/atrapa-al-ladron-9788468357232\/"},"modified":"2024-02-08T12:22:42","modified_gmt":"2024-02-08T11:22:42","slug":"atrapa-al-ladron-9788468357232","status":"publish","type":"product","link":"https:\/\/www.claret.cat\/es\/libro\/atrapa-al-ladron-9788468357232\/","title":{"rendered":"\u00a1ATRAPA AL LADR\u00d3N!"},"content":{"rendered":"<p>\u00a1ATENCI\u00d3N LADRONES! El Club de los Cerebritos entra en acci\u00f3n, pero necesita que T\u00da le ayudes con tu instinto de detective. Porque los ladrones har\u00e1n lo que sea para que Lilo, Tilo, el geco Pepinillo y el exinspector Kieselklein sigan alguna pista falsa?  Cinco casos emocionantes y complicados, Cinco aventuras en las que colaborar. \u00a1En marcha! \u00a1Preparada la lupa! \u00a1Listos! \u00a1Ya!<\/p>\n","protected":false},"excerpt":{"rendered":"<p>GUMPER, STEFFEN<\/p>\n","protected":false},"featured_media":883996,"template":"","meta":{"_acf_changed":false,"om_disable_all_campaigns":false,"rs_blank_template":"","rs_page_bg_color":"","slide_template_v7":"","inline_featured_image":false,"_monsterinsights_skip_tracking":false,"_monsterinsights_sitenote_active":false,"_monsterinsights_sitenote_note":"","_monsterinsights_sitenote_category":0},"product_brand":[],"product_cat":[132,362],"product_tag":[],"class_list":{"0":"post-883995","1":"product","2":"type-product","3":"status-publish","4":"has-post-thumbnail","6":"product_cat-lectures-per-preadolescents-6-12-anys","7":"product_cat-libros-preadolescentes-6-12-anos","9":"first","10":"instock","11":"taxable","12":"shipping-taxable","13":"purchasable","14":"product-type-simple"},"acf":{"autor":"GUMPER, STEFFEN","codart":"846835723","libros-coleccion":"","ediciones":"1","encuadernacion":"R\u00fastica","fecha_de_publicacion":"01\/05\/2023","novedad":"1","paginas":"126","subtitulo":"","orden":"0","portada":"0","idioma":"spa","editorial":[{"ID":6193,"post_author":"3","post_date":"2022-07-28 17:46:53","post_date_gmt":"2022-07-28 15:46:53","post_content":"","post_title":"EDEBE GUADIEL","post_excerpt":"","post_status":"publish","comment_status":"closed","ping_status":"closed","post_password":"","post_name":"edebe-guadiel","to_ping":"","pinged":"","post_modified":"2022-07-28 17:46:53","post_modified_gmt":"2022-07-28 15:46:53","post_content_filtered":"","post_parent":0,"guid":"http:\/\/dev.claret.cat\/editorial\/edebe-guadiel\/","menu_order":0,"post_type":"editorial","post_mime_type":"","comment_count":"0","filter":"raw"}],"autores-libros":[{"ID":884070,"post_author":"3","post_date":"2023-10-19 17:05:19","post_date_gmt":"2023-10-19 15:05:19","post_content":"","post_title":"STEFFEN GUMPER","post_excerpt":"","post_status":"publish","comment_status":"closed","ping_status":"closed","post_password":"","post_name":"steffen-gumper","to_ping":"","pinged":"","post_modified":"2023-10-19 17:05:19","post_modified_gmt":"2023-10-19 15:05:19","post_content_filtered":"","post_parent":0,"guid":"https:\/\/www.claret.cat\/autor\/steffen-gumper\/","menu_order":0,"post_type":"autor","post_mime_type":"","comment_count":"0","filter":"raw"}]},"aioseo_notices":[],"_links":{"self":[{"href":"https:\/\/www.claret.cat\/es\/wp-json\/wp\/v2\/product\/883995","targetHints":{"allow":["GET"]}}],"collection":[{"href":"https:\/\/www.claret.cat\/es\/wp-json\/wp\/v2\/product"}],"about":[{"href":"https:\/\/www.claret.cat\/es\/wp-json\/wp\/v2\/types\/product"}],"wp:featuredmedia":[{"embeddable":true,"href":"https:\/\/www.claret.cat\/es\/wp-json\/wp\/v2\/media\/883996"}],"wp:attachment":[{"href":"https:\/\/www.claret.cat\/es\/wp-json\/wp\/v2\/media?parent=883995"}],"wp:term":[{"taxonomy":"product_brand","embeddable":true,"href":"https:\/\/www.claret.cat\/es\/wp-json\/wp\/v2\/product_brand?post=883995"},{"taxonomy":"product_cat","embeddable":true,"href":"https:\/\/www.claret.cat\/es\/wp-json\/wp\/v2\/product_cat?post=883995"},{"taxonomy":"product_tag","embeddable":true,"href":"https:\/\/www.claret.cat\/es\/wp-json\/wp\/v2\/product_tag?post=883995"}],"curies":[{"name":"wp","href":"https:\/\/api.w.org\/{rel}","templated":true}]}}