{"id":88414,"date":"2022-10-11T18:17:05","date_gmt":"2022-10-11T16:17:05","guid":{"rendered":"http:\/\/dev.claret.cat\/producte\/novena-a-la-mare-de-deu-immaculada\/"},"modified":"2025-02-21T13:25:27","modified_gmt":"2025-02-21T12:25:27","slug":"novena-a-la-mare-de-deu-immaculada-9788491654377","status":"publish","type":"product","link":"https:\/\/www.claret.cat\/es\/libro\/novena-a-la-mare-de-deu-immaculada-9788491654377\/","title":{"rendered":"NOVENA A LA MARE DE D\u00c9U IMMACULADA"},"content":{"rendered":"<p>Mitjan\u00e7ant la preg\u00e0ria comunit\u00e0ria o individual d&#8217;aquestes p\u00e0gines, amb devoci\u00f3 i sentit eclesial, podrem celebrar amb major goig i fru\u00efci\u00f3 les festes lit\u00fargiques -i no nom\u00e9s la de la Inmaculada Concepci\u00f3- en honor a la benaurada Verge Maria, unit-les sempre al Misteri Pasqual del seu Fill, mort i ressuscitat.<\/p>\n","protected":false},"excerpt":{"rendered":"<p>LA PERUTA MAIOROV, ADELINA<\/p>\n","protected":false},"featured_media":1007151,"template":"","meta":{"_acf_changed":false,"om_disable_all_campaigns":false,"rs_blank_template":"","rs_page_bg_color":"","slide_template_v7":"","inline_featured_image":false,"_monsterinsights_skip_tracking":false,"_monsterinsights_sitenote_active":false,"_monsterinsights_sitenote_note":"","_monsterinsights_sitenote_category":0},"product_brand":[],"product_cat":[92,542],"product_tag":[],"class_list":{"0":"post-88414","1":"product","2":"type-product","3":"status-publish","4":"has-post-thumbnail","6":"product_cat-vida-religiosa","7":"product_cat-vida-religiosa-1_espiritualidad-spa","9":"first","10":"instock","11":"taxable","12":"shipping-taxable","13":"purchasable","14":"product-type-simple"},"acf":{"editorial":[{"ID":6172,"post_author":"3","post_date":"2022-07-28 17:46:27","post_date_gmt":"2022-07-28 15:46:27","post_content":"","post_title":"CPL","post_excerpt":"","post_status":"publish","comment_status":"closed","ping_status":"closed","post_password":"","post_name":"cpl","to_ping":"","pinged":"","post_modified":"2022-07-28 17:46:27","post_modified_gmt":"2022-07-28 15:46:27","post_content_filtered":"","post_parent":0,"guid":"http:\/\/dev.claret.cat\/editorial\/cpl\/","menu_order":0,"post_type":"editorial","post_mime_type":"","comment_count":"0","filter":"raw"}],"autor":"LA PERUTA MAIOROV, ADELINA","codart":"849165437","libros-coleccion":"","ediciones":"1","encuadernacion":"R\u00fastica","fecha_de_publicacion":"01\/06\/2021","novedad":"1","paginas":"84","subtitulo":"","orden":"0","portada":"0","idioma":"cat","autores-libros":[{"ID":149140,"post_author":"3","post_date":"2022-10-14 14:22:28","post_date_gmt":"2022-10-14 12:22:28","post_content":"","post_title":"ADELINA LA PERUTA MAIOROV","post_excerpt":"","post_status":"publish","comment_status":"closed","ping_status":"closed","post_password":"","post_name":"adelina-la-peruta-maiorov","to_ping":"","pinged":"","post_modified":"2022-10-14 14:22:28","post_modified_gmt":"2022-10-14 12:22:28","post_content_filtered":"","post_parent":0,"guid":"http:\/\/dev.claret.cat\/autor\/adelina-la-peruta-maiorov\/","menu_order":0,"post_type":"autor","post_mime_type":"","comment_count":"0","filter":"raw"}]},"aioseo_notices":[],"_links":{"self":[{"href":"https:\/\/www.claret.cat\/es\/wp-json\/wp\/v2\/product\/88414","targetHints":{"allow":["GET"]}}],"collection":[{"href":"https:\/\/www.claret.cat\/es\/wp-json\/wp\/v2\/product"}],"about":[{"href":"https:\/\/www.claret.cat\/es\/wp-json\/wp\/v2\/types\/product"}],"wp:featuredmedia":[{"embeddable":true,"href":"https:\/\/www.claret.cat\/es\/wp-json\/wp\/v2\/media\/1007151"}],"wp:attachment":[{"href":"https:\/\/www.claret.cat\/es\/wp-json\/wp\/v2\/media?parent=88414"}],"wp:term":[{"taxonomy":"product_brand","embeddable":true,"href":"https:\/\/www.claret.cat\/es\/wp-json\/wp\/v2\/product_brand?post=88414"},{"taxonomy":"product_cat","embeddable":true,"href":"https:\/\/www.claret.cat\/es\/wp-json\/wp\/v2\/product_cat?post=88414"},{"taxonomy":"product_tag","embeddable":true,"href":"https:\/\/www.claret.cat\/es\/wp-json\/wp\/v2\/product_tag?post=88414"}],"curies":[{"name":"wp","href":"https:\/\/api.w.org\/{rel}","templated":true}]}}