{"id":884190,"date":"2023-10-20T10:00:20","date_gmt":"2023-10-20T08:00:20","guid":{"rendered":"https:\/\/www.claret.cat\/llibre\/amarse-con-los-ojos-abiertos-9788419467201\/"},"modified":"2025-01-31T15:29:34","modified_gmt":"2025-01-31T14:29:34","slug":"amarse-con-los-ojos-abiertos-9788419467201","status":"publish","type":"product","link":"https:\/\/www.claret.cat\/es\/libro\/amarse-con-los-ojos-abiertos-9788419467201\/","title":{"rendered":"AMARSE CON LOS OJOS ABIERTOS"},"content":{"rendered":"<p>Se dice que el amor es ciego&#8230; Sin embargo, como muestran Jorge Bucay y Silvia Salinas en este revelador libro, el verdadero v\u00ednculo amoroso, el m\u00e1s profundo y duradero, solamente surge cuando estamos dispuestos a abrir los ojos y ver al otro tal cual es y no como quisi\u00e9ramos que fuera o nos imaginamos que deber\u00eda ser. Amarse con los ojos abiertos es un valioso instrumento que nos inspirar\u00e1 a crear una relaci\u00f3n afectiva m\u00e1s duradera, madura y satisfactoria.<\/p>\n","protected":false},"excerpt":{"rendered":"<p>BUCAY, JORGE \/ SALINAS, SILVIA<\/p>\n","protected":false},"featured_media":884737,"template":"","meta":{"_acf_changed":false,"om_disable_all_campaigns":false,"rs_blank_template":"","rs_page_bg_color":"","slide_template_v7":"","inline_featured_image":false,"_monsterinsights_skip_tracking":false,"_monsterinsights_sitenote_active":false,"_monsterinsights_sitenote_note":"","_monsterinsights_sitenote_category":0},"product_brand":[],"product_cat":[127,357],"product_tag":[],"class_list":{"0":"post-884190","1":"product","2":"type-product","3":"status-publish","4":"has-post-thumbnail","6":"product_cat-novella-contemporania","7":"product_cat-novela-contemporanea","9":"first","10":"instock","11":"taxable","12":"shipping-taxable","13":"purchasable","14":"product-type-simple"},"acf":{"autor":"BUCAY, JORGE \/ SALINAS, SILVIA","codart":"841946720","libros-coleccion":"NO FICCION","ediciones":"1","encuadernacion":"R\u00fastica","fecha_de_publicacion":"01\/10\/2023","novedad":"1","paginas":"253","subtitulo":"","orden":"0","portada":"0","idioma":"spa","editorial":[{"ID":147954,"post_author":"3","post_date":"2022-10-14 11:54:30","post_date_gmt":"2022-10-14 09:54:30","post_content":"","post_title":"Editorial Del Nuevo Extremo","post_excerpt":"","post_status":"publish","comment_status":"closed","ping_status":"closed","post_password":"","post_name":"editorial-del-nuevo-extremo","to_ping":"","pinged":"","post_modified":"2022-10-14 11:54:30","post_modified_gmt":"2022-10-14 09:54:30","post_content_filtered":"","post_parent":0,"guid":"http:\/\/dev.claret.cat\/editorial\/editorial-del-nuevo-extremo\/","menu_order":0,"post_type":"editorial","post_mime_type":"","comment_count":"0","filter":"raw"}],"autores-libros":[{"ID":160056,"post_author":"3","post_date":"2022-10-14 15:49:56","post_date_gmt":"2022-10-14 13:49:56","post_content":"","post_title":"JORGE BUCAY","post_excerpt":"","post_status":"publish","comment_status":"closed","ping_status":"closed","post_password":"","post_name":"jorge-bucay","to_ping":"","pinged":"","post_modified":"2022-10-14 15:49:56","post_modified_gmt":"2022-10-14 13:49:56","post_content_filtered":"","post_parent":0,"guid":"http:\/\/dev.claret.cat\/autor\/jorge-bucay\/","menu_order":0,"post_type":"autor","post_mime_type":"","comment_count":"0","filter":"raw"},{"ID":884189,"post_author":"3","post_date":"2023-10-20 10:00:17","post_date_gmt":"2023-10-20 08:00:17","post_content":"","post_title":"SILVIA SALINAS","post_excerpt":"","post_status":"publish","comment_status":"closed","ping_status":"closed","post_password":"","post_name":"silvia-salinas","to_ping":"","pinged":"","post_modified":"2023-10-20 10:00:17","post_modified_gmt":"2023-10-20 08:00:17","post_content_filtered":"","post_parent":0,"guid":"https:\/\/www.claret.cat\/autor\/silvia-salinas\/","menu_order":0,"post_type":"autor","post_mime_type":"","comment_count":"0","filter":"raw"}]},"aioseo_notices":[],"_links":{"self":[{"href":"https:\/\/www.claret.cat\/es\/wp-json\/wp\/v2\/product\/884190","targetHints":{"allow":["GET"]}}],"collection":[{"href":"https:\/\/www.claret.cat\/es\/wp-json\/wp\/v2\/product"}],"about":[{"href":"https:\/\/www.claret.cat\/es\/wp-json\/wp\/v2\/types\/product"}],"wp:featuredmedia":[{"embeddable":true,"href":"https:\/\/www.claret.cat\/es\/wp-json\/wp\/v2\/media\/884737"}],"wp:attachment":[{"href":"https:\/\/www.claret.cat\/es\/wp-json\/wp\/v2\/media?parent=884190"}],"wp:term":[{"taxonomy":"product_brand","embeddable":true,"href":"https:\/\/www.claret.cat\/es\/wp-json\/wp\/v2\/product_brand?post=884190"},{"taxonomy":"product_cat","embeddable":true,"href":"https:\/\/www.claret.cat\/es\/wp-json\/wp\/v2\/product_cat?post=884190"},{"taxonomy":"product_tag","embeddable":true,"href":"https:\/\/www.claret.cat\/es\/wp-json\/wp\/v2\/product_tag?post=884190"}],"curies":[{"name":"wp","href":"https:\/\/api.w.org\/{rel}","templated":true}]}}