{"id":884193,"date":"2023-10-20T10:00:43","date_gmt":"2023-10-20T08:00:43","guid":{"rendered":"https:\/\/www.claret.cat\/llibre\/persuasion-9788412579369\/"},"modified":"2025-01-31T15:24:45","modified_gmt":"2025-01-31T14:24:45","slug":"persuasion-9788412579369","status":"publish","type":"product","link":"https:\/\/www.claret.cat\/es\/libro\/persuasion-9788412579369\/","title":{"rendered":"PERSUASI\u00d3N"},"content":{"rendered":"<p>Publicada en 1817, poco despu\u00e9s del fallecimiento de su autora, Persuasi\u00f3n est\u00e1 considerada la obra de madurez de Jane Austen, en que nos presenta a su protagonista m\u00e1s moderna: una mujer que es consciente de que vive en un mundo cambiante y de que eso la obliga a tomar sus propias decisiones. Esta es la historia de Anne Elliot, una joven de 27 a\u00f1os que, tras diversas vicisitudes, acaba reencontr\u00e1ndose con un viejo amor. <br \/> Ocho a\u00f1os antes, Anne estuvo comprometida con Frederick Wentworth, un joven oficial de la marina con un futuro prometedor pero escasos recursos. Por esta raz\u00f3n, el padre de la muchacha, su hermana mayor y otros parientes en los que ella confiaba la persuadieron de romper el compromiso, ya que, al fin y al cabo, era altamente improbable que no encontrara un partido mejor.  <br \/> Sin embargo, cuando el flamante capit\u00e1n Wentworth regresa a Inglaterra con unas cuantas victorias a sus espaldas, Anne duda de la decisi\u00f3n que tom\u00f3 a los 19 a\u00f1os. Pero entre ambos se interponen los intereses y los c\u00e1lculos de muchos otros personajes que no facilitar\u00e1n que la pareja se acabe sincerando.<\/p>\n","protected":false},"excerpt":{"rendered":"<p>AUSTEN, JANE<\/p>\n","protected":false},"featured_media":884743,"template":"","meta":{"_acf_changed":false,"om_disable_all_campaigns":false,"rs_blank_template":"","rs_page_bg_color":"","slide_template_v7":"","inline_featured_image":false,"_monsterinsights_skip_tracking":false,"_monsterinsights_sitenote_active":false,"_monsterinsights_sitenote_note":"","_monsterinsights_sitenote_category":0},"product_brand":[],"product_cat":[354,123],"product_tag":[],"class_list":{"0":"post-884193","1":"product","2":"type-product","3":"status-publish","4":"has-post-thumbnail","6":"product_cat-clasica","7":"product_cat-classica","9":"first","10":"instock","11":"taxable","12":"shipping-taxable","13":"purchasable","14":"product-type-simple"},"acf":{"autor":"AUSTEN, JANE","codart":"841257936","libros-coleccion":"FORA DE COL.LECCI\u00d3","ediciones":"1","encuadernacion":"Carton\u00e9","fecha_de_publicacion":"01\/10\/2023","novedad":"1","paginas":"283","subtitulo":"","orden":"0","portada":"0","idioma":"spa","editorial":[{"ID":6203,"post_author":"3","post_date":"2022-07-28 17:47:04","post_date_gmt":"2022-07-28 15:47:04","post_content":"","post_title":"EDICIONES INVISIBLES","post_excerpt":"","post_status":"publish","comment_status":"closed","ping_status":"closed","post_password":"","post_name":"ediciones-invisibles","to_ping":"","pinged":"","post_modified":"2022-07-28 17:47:04","post_modified_gmt":"2022-07-28 15:47:04","post_content_filtered":"","post_parent":0,"guid":"http:\/\/dev.claret.cat\/editorial\/ediciones-invisibles\/","menu_order":0,"post_type":"editorial","post_mime_type":"","comment_count":"0","filter":"raw"}],"autores-libros":[{"ID":158486,"post_author":"3","post_date":"2022-10-14 15:37:14","post_date_gmt":"2022-10-14 13:37:14","post_content":"","post_title":"JANE AUSTEN","post_excerpt":"","post_status":"publish","comment_status":"closed","ping_status":"closed","post_password":"","post_name":"jane-austen","to_ping":"","pinged":"","post_modified":"2022-10-14 15:37:14","post_modified_gmt":"2022-10-14 13:37:14","post_content_filtered":"","post_parent":0,"guid":"http:\/\/dev.claret.cat\/autor\/jane-austen\/","menu_order":0,"post_type":"autor","post_mime_type":"","comment_count":"0","filter":"raw"}]},"aioseo_notices":[],"_links":{"self":[{"href":"https:\/\/www.claret.cat\/es\/wp-json\/wp\/v2\/product\/884193","targetHints":{"allow":["GET"]}}],"collection":[{"href":"https:\/\/www.claret.cat\/es\/wp-json\/wp\/v2\/product"}],"about":[{"href":"https:\/\/www.claret.cat\/es\/wp-json\/wp\/v2\/types\/product"}],"wp:featuredmedia":[{"embeddable":true,"href":"https:\/\/www.claret.cat\/es\/wp-json\/wp\/v2\/media\/884743"}],"wp:attachment":[{"href":"https:\/\/www.claret.cat\/es\/wp-json\/wp\/v2\/media?parent=884193"}],"wp:term":[{"taxonomy":"product_brand","embeddable":true,"href":"https:\/\/www.claret.cat\/es\/wp-json\/wp\/v2\/product_brand?post=884193"},{"taxonomy":"product_cat","embeddable":true,"href":"https:\/\/www.claret.cat\/es\/wp-json\/wp\/v2\/product_cat?post=884193"},{"taxonomy":"product_tag","embeddable":true,"href":"https:\/\/www.claret.cat\/es\/wp-json\/wp\/v2\/product_tag?post=884193"}],"curies":[{"name":"wp","href":"https:\/\/api.w.org\/{rel}","templated":true}]}}