{"id":884333,"date":"2023-10-20T16:05:05","date_gmt":"2023-10-20T14:05:05","guid":{"rendered":"https:\/\/www.claret.cat\/llibre\/la-pregaria-de-la-porta-9788491364870\/"},"modified":"2026-03-23T19:00:45","modified_gmt":"2026-03-23T18:00:45","slug":"la-pregaria-de-la-porta-9788491364870","status":"publish","type":"product","link":"https:\/\/www.claret.cat\/es\/libro\/la-pregaria-de-la-porta-9788491364870\/","title":{"rendered":"LA PREG\u00c0RIA DE LA PORTA"},"content":{"rendered":"<p>Aquest llibre, escrit amb senzillesa, amb llenguatge planer i actual, \u00e9s una proposta per viure la fe en fam\u00edlia, amb preg\u00e0ries per la Pau, preg\u00e0ries amb la Natura, preg\u00e0ries amb el cos, preg\u00e0ries que parlen del que vivim cada dia, preg\u00e0ries que es poden fer en fam\u00edlia abans de sortir de casa, perqu\u00e8 D\u00e9u us acompanyi cada mat\u00ed! \u00c9s una reedici\u00f3 i revisi\u00f3, una porta\u2026 renovada. Hi ha dibuixos nous, hi ha lletra nova, hi ha recursos accessibles a trav\u00e9s d&#8217;un QR i hi ha tamb\u00e9 alguns canvis en algunes preg\u00e0ries. \u00c9s bona eina per a pares i mares, mestres, catequistes i monitors que volen ajudar els infants a endinsar-se en el cam\u00ed de la preg\u00e0ria.<\/p>\n","protected":false},"excerpt":{"rendered":"<p>FERN\u00c1NDEZ SOLA, JUANJO<\/p>\n","protected":false},"featured_media":974128,"template":"","meta":{"_acf_changed":false,"om_disable_all_campaigns":false,"rs_blank_template":"","rs_page_bg_color":"","slide_template_v7":"","inline_featured_image":false,"_monsterinsights_skip_tracking":false,"_monsterinsights_sitenote_active":false,"_monsterinsights_sitenote_note":"","_monsterinsights_sitenote_category":0},"product_brand":[],"product_cat":[90,581,540],"product_tag":[],"class_list":{"0":"post-884333","1":"product","2":"type-product","3":"status-publish","4":"has-post-thumbnail","6":"product_cat-altres","7":"product_cat-editorial-claret","8":"product_cat-otros","10":"first","11":"instock","12":"taxable","13":"shipping-taxable","14":"purchasable","15":"product-type-simple"},"acf":{"autor":"FERN\u00c1NDEZ SOLA, JUANJO","codart":"849136487","libros-coleccion":"","ediciones":"1","encuadernacion":"R\u00fastica","fecha_de_publicacion":"21\/11\/2023","novedad":"1","paginas":"124","subtitulo":"NOVA EDICI\u00d3 REVISADA ","orden":"0","portada":"0","idioma":"cat","editorial":[{"ID":6158,"post_author":"3","post_date":"2022-07-28 17:46:08","post_date_gmt":"2022-07-28 15:46:08","post_content":"","post_title":"CLARET","post_excerpt":"","post_status":"publish","comment_status":"closed","ping_status":"closed","post_password":"","post_name":"claret","to_ping":"","pinged":"","post_modified":"2022-07-28 17:46:08","post_modified_gmt":"2022-07-28 15:46:08","post_content_filtered":"","post_parent":0,"guid":"http:\/\/dev.claret.cat\/editorial\/claret\/","menu_order":0,"post_type":"editorial","post_mime_type":"","comment_count":"0","filter":"raw"}],"autores-libros":[{"ID":5683,"post_author":"3","post_date":"2022-07-28 17:29:15","post_date_gmt":"2022-07-28 15:29:15","post_content":"<strong>Juanjo Fern\u00e1ndez Sola<\/strong> \u00e9s professor, escriptor i conferenciant i creador de DIBUPA (Divulgaci\u00f3 educativa amb dibuixos i paraules que ajuden). Ha fet milers de xerrades per a fam\u00edlies, escoles i empreses sobre temes educatius i motivacionals ben diversos, combinant rigor i amenitat amb l\u2019\u00fas de visual thinking.\r\n\r\nHa publicat diversos llibres amb Editorial Claret: <em><strong><a href=\"https:\/\/www.claret.cat\/llibre\/contes-del-mestre-azenyat-per-a-educadors-9788491364283\/?c=\">Contes del mestre azenyat per a educadors<\/a><\/strong>, <strong><a href=\"https:\/\/www.claret.cat\/llibre\/els-7-superpoders-de-la-felicitat-9788491364092\/?c=\">Els 7 superpoders de la felicitat<\/a>, <a href=\"https:\/\/www.editorialclaret.cat\/producte\/la-vida-en-parella-pot-ser-una-meravella-9788491365365\/?c\">La vida en parella pot ser una meravella<\/a>, <\/strong><\/em>entre d'altres.","post_title":"JUANJO FERN\u00c1NDEZ SOLA","post_excerpt":"","post_status":"publish","comment_status":"closed","ping_status":"closed","post_password":"","post_name":"juanjo-fernandez-sola","to_ping":"","pinged":"","post_modified":"2024-10-31 10:52:53","post_modified_gmt":"2024-10-31 09:52:53","post_content_filtered":"","post_parent":0,"guid":"http:\/\/dev.claret.cat\/autor\/juanjo-fernandez-sola\/","menu_order":0,"post_type":"autor","post_mime_type":"","comment_count":"0","filter":"raw"}],"booktrailer":"","linkebook":"","ficha":"849136487_1700571238.pdf","muestra":"","precioebook":"0","presentacion":"","resenas":"<p>Catalunya Cristiana (catal\u00e0), 10\/12\/2023<\/p>\n<p><a href=\"https:\/\/drive.google.com\/file\/d\/1jEw3TL59FZzk7hEjTXe9Qcro4uKYhNW0\/view?usp=drive_link\" rel=\"noopener noreferrer\" target=\"_blank\">https:\/\/drive.google.com\/file\/d\/1jEw3TL59FZzk7hEjTXe9Qcro4uKYhNW0\/view?usp=drive_link<\/a><\/p>\n<p><\/p>\n<p>Catalunya Cristiana (castell\u00e0), 10\/12\/2023<\/p>\n<p><a href=\"https:\/\/drive.google.com\/file\/d\/1CCTzheHf2nNNljOlti0odOR3r5s3DBlg\/view?usp=sharing\" rel=\"noopener noreferrer\" target=\"_blank\">https:\/\/drive.google.com\/file\/d\/1CCTzheHf2nNNljOlti0odOR3r5s3DBlg\/view?usp=sharing<\/a><\/p>\n<p><\/p>\n<p>Catalunya R\u00e0dio, 17\/12\/2023:<\/p>\n<p><a href=\"https:\/\/www.ccma.cat\/3cat\/paraules-de-vida-de-5-30-a-6-h-17122023\/audio\/1192066\/ \" rel=\"noopener noreferrer\" target=\"_blank\">https:\/\/www.ccma.cat\/3cat\/paraules-de-vida-de-5-30-a-6-h-17122023\/audio\/1192066\/ <\/a><\/p>\n"},"aioseo_notices":[],"_links":{"self":[{"href":"https:\/\/www.claret.cat\/es\/wp-json\/wp\/v2\/product\/884333","targetHints":{"allow":["GET"]}}],"collection":[{"href":"https:\/\/www.claret.cat\/es\/wp-json\/wp\/v2\/product"}],"about":[{"href":"https:\/\/www.claret.cat\/es\/wp-json\/wp\/v2\/types\/product"}],"wp:featuredmedia":[{"embeddable":true,"href":"https:\/\/www.claret.cat\/es\/wp-json\/wp\/v2\/media\/974128"}],"wp:attachment":[{"href":"https:\/\/www.claret.cat\/es\/wp-json\/wp\/v2\/media?parent=884333"}],"wp:term":[{"taxonomy":"product_brand","embeddable":true,"href":"https:\/\/www.claret.cat\/es\/wp-json\/wp\/v2\/product_brand?post=884333"},{"taxonomy":"product_cat","embeddable":true,"href":"https:\/\/www.claret.cat\/es\/wp-json\/wp\/v2\/product_cat?post=884333"},{"taxonomy":"product_tag","embeddable":true,"href":"https:\/\/www.claret.cat\/es\/wp-json\/wp\/v2\/product_tag?post=884333"}],"curies":[{"name":"wp","href":"https:\/\/api.w.org\/{rel}","templated":true}]}}