{"id":884346,"date":"2023-10-20T16:15:05","date_gmt":"2023-10-20T14:15:05","guid":{"rendered":"https:\/\/www.claret.cat\/llibre\/el-capita-calcotets-i-el-caos-cosmic-de-la-comuna-lila-9788466156349\/"},"modified":"2026-01-20T14:32:14","modified_gmt":"2026-01-20T13:32:14","slug":"el-capita-calcotets-i-el-caos-cosmic-de-la-comuna-lila-9788466156349","status":"publish","type":"product","link":"https:\/\/www.claret.cat\/es\/libro\/el-capita-calcotets-i-el-caos-cosmic-de-la-comuna-lila-9788466156349\/","title":{"rendered":"EL CAPIT\u00c0 CAL\u00c7OTETS I EL CAOS C\u00d2SMIC DE LA COMUNA LILA"},"content":{"rendered":"<p>Per culpa de la Comuna Lila, en Jordi i l&#8221;Oriol van a parar a una realitat paral\u00b7lela en la qual els professors s\u00f3n simp\u00e0tics, el menjar de l&#8221;escola \u00e9s delici\u00f3s i el senyor Grabul\u00f3s no s&#8221;enfada mai. Per\u00f2, com que tot est\u00e0 al rev\u00e9s, els dobles d&#8221;en Jordi i l&#8221;Oriol s\u00f3n uns nanos dolent\u00edssims que segresten el Galetes i el Sulu per convertir-los en els seus esclaus. I, a m\u00e9s, en aquest m\u00f3n hi ha el malvat Kapit\u00e0 Kaosotets&#8230; Aconseguiran, en Jordi i l&#8221;Oriol, arreglar ells sols aquest embolic, o hauran d&#8221;avisar l&#8221;aut\u00e8ntic Capit\u00e0 Cal\u00e7otets perqu\u00e8 els ajudi?<\/p>\n","protected":false},"excerpt":{"rendered":"<p>PILKEY, DAV<\/p>\n","protected":false},"featured_media":1074972,"template":"","meta":{"_acf_changed":false,"om_disable_all_campaigns":false,"rs_blank_template":"","rs_page_bg_color":"","slide_template_v7":"","inline_featured_image":false,"_monsterinsights_skip_tracking":false,"_monsterinsights_sitenote_active":false,"_monsterinsights_sitenote_note":"","_monsterinsights_sitenote_category":0},"product_brand":[],"product_cat":[132,362],"product_tag":[],"class_list":{"0":"post-884346","1":"product","2":"type-product","3":"status-publish","4":"has-post-thumbnail","6":"product_cat-lectures-per-preadolescents-6-12-anys","7":"product_cat-libros-preadolescentes-6-12-anos","9":"first","10":"instock","11":"taxable","12":"shipping-taxable","13":"purchasable","14":"product-type-simple"},"acf":{"autor":"PILKEY, DAV","codart":"846615634","libros-coleccion":"FORA DE COL.LECCI\u00d3","ediciones":"1","encuadernacion":"Carton\u00e9","fecha_de_publicacion":"01\/10\/2023","novedad":"1","paginas":"169","subtitulo":"","orden":"0","portada":"0","idioma":"cat","editorial":[{"ID":147679,"post_author":"3","post_date":"2022-10-14 11:52:25","post_date_gmt":"2022-10-14 09:52:25","post_content":"","post_title":"CRUILLA \/SM-EDICIONS -VALENCIANO\/CATALAN","post_excerpt":"","post_status":"publish","comment_status":"closed","ping_status":"closed","post_password":"","post_name":"cruilla-sm-edicions-valenciano-catalan","to_ping":"","pinged":"","post_modified":"2022-10-14 11:52:25","post_modified_gmt":"2022-10-14 09:52:25","post_content_filtered":"","post_parent":0,"guid":"http:\/\/dev.claret.cat\/editorial\/cruilla-sm-edicions-valenciano-catalan\/","menu_order":0,"post_type":"editorial","post_mime_type":"","comment_count":"0","filter":"raw"}],"autores-libros":[{"ID":153712,"post_author":"3","post_date":"2022-10-14 14:58:56","post_date_gmt":"2022-10-14 12:58:56","post_content":"","post_title":"DAV PILKEY","post_excerpt":"","post_status":"publish","comment_status":"closed","ping_status":"closed","post_password":"","post_name":"dav-pilkey","to_ping":"","pinged":"","post_modified":"2022-10-14 14:58:56","post_modified_gmt":"2022-10-14 12:58:56","post_content_filtered":"","post_parent":0,"guid":"http:\/\/dev.claret.cat\/autor\/dav-pilkey\/","menu_order":0,"post_type":"autor","post_mime_type":"","comment_count":"0","filter":"raw"}],"booktrailer":"","resenas":""},"aioseo_notices":[],"_links":{"self":[{"href":"https:\/\/www.claret.cat\/es\/wp-json\/wp\/v2\/product\/884346","targetHints":{"allow":["GET"]}}],"collection":[{"href":"https:\/\/www.claret.cat\/es\/wp-json\/wp\/v2\/product"}],"about":[{"href":"https:\/\/www.claret.cat\/es\/wp-json\/wp\/v2\/types\/product"}],"wp:featuredmedia":[{"embeddable":true,"href":"https:\/\/www.claret.cat\/es\/wp-json\/wp\/v2\/media\/1074972"}],"wp:attachment":[{"href":"https:\/\/www.claret.cat\/es\/wp-json\/wp\/v2\/media?parent=884346"}],"wp:term":[{"taxonomy":"product_brand","embeddable":true,"href":"https:\/\/www.claret.cat\/es\/wp-json\/wp\/v2\/product_brand?post=884346"},{"taxonomy":"product_cat","embeddable":true,"href":"https:\/\/www.claret.cat\/es\/wp-json\/wp\/v2\/product_cat?post=884346"},{"taxonomy":"product_tag","embeddable":true,"href":"https:\/\/www.claret.cat\/es\/wp-json\/wp\/v2\/product_tag?post=884346"}],"curies":[{"name":"wp","href":"https:\/\/api.w.org\/{rel}","templated":true}]}}