{"id":884392,"date":"2023-10-20T16:50:05","date_gmt":"2023-10-20T14:50:05","guid":{"rendered":"https:\/\/www.claret.cat\/llibre\/el-gran-robatori-de-lomnivers-9788466156356\/"},"modified":"2025-04-23T18:56:49","modified_gmt":"2025-04-23T16:56:49","slug":"el-gran-robatori-de-lomnivers-9788466156356","status":"publish","type":"product","link":"https:\/\/www.claret.cat\/es\/libro\/el-gran-robatori-de-lomnivers-9788466156356\/","title":{"rendered":"EL GRAN ROBATORI DE L&#8221;OMNIVERS"},"content":{"rendered":"<p>La Sara, l&#8221;Hug, l&#8221;Adri\u00e0 i la Fiokara comencen l&#8221;OmniGira per les set meravelles de l&#8221;Omnivers. Per\u00f2 de seguida s&#8221;adonen que un criminal misteri\u00f3s s&#8221;aprofita de la seva fama per cometre robatoris espectaculars. I encara tenen un altre problema: un dels quatre amics est\u00e0 massa enganxat a\u00a0 OmniTube. Aconseguiran desbaratar, els Omnitubers Secrets, els plans del lladre misteri\u00f3s? Faran tornar el seu amic a la vida real? Mentre ho intenten, fliparan veient dinosaures gegants, recorrent laberints gal\u00e0ctics o parlant amb la intel\u00b7lig\u00e8ncia artificial m\u00e9s potent de l&#8221;Omnivers.<\/p>\n","protected":false},"excerpt":{"rendered":"<p>DOM\u00cdNGUEZ, DAVID<\/p>\n","protected":false},"featured_media":884593,"template":"","meta":{"_acf_changed":false,"om_disable_all_campaigns":false,"rs_blank_template":"","rs_page_bg_color":"","slide_template_v7":"","inline_featured_image":false,"_monsterinsights_skip_tracking":false,"_monsterinsights_sitenote_active":false,"_monsterinsights_sitenote_note":"","_monsterinsights_sitenote_category":0},"product_brand":[],"product_cat":[132,362],"product_tag":[],"class_list":{"0":"post-884392","1":"product","2":"type-product","3":"status-publish","4":"has-post-thumbnail","6":"product_cat-lectures-per-preadolescents-6-12-anys","7":"product_cat-libros-preadolescentes-6-12-anos","9":"first","10":"instock","11":"taxable","12":"shipping-taxable","13":"purchasable","14":"product-type-simple"},"acf":{"autor":"DOM\u00cdNGUEZ, DAVID","codart":"846615635","libros-coleccion":"FORA DE COL.LECCI\u00d3","ediciones":"1","encuadernacion":"R\u00fastica","fecha_de_publicacion":"01\/10\/2023","novedad":"1","paginas":"222","subtitulo":"","orden":"0","portada":"0","idioma":"cat","editorial":[{"ID":147679,"post_author":"3","post_date":"2022-10-14 11:52:25","post_date_gmt":"2022-10-14 09:52:25","post_content":"","post_title":"CRUILLA \/SM-EDICIONS -VALENCIANO\/CATALAN","post_excerpt":"","post_status":"publish","comment_status":"closed","ping_status":"closed","post_password":"","post_name":"cruilla-sm-edicions-valenciano-catalan","to_ping":"","pinged":"","post_modified":"2022-10-14 11:52:25","post_modified_gmt":"2022-10-14 09:52:25","post_content_filtered":"","post_parent":0,"guid":"http:\/\/dev.claret.cat\/editorial\/cruilla-sm-edicions-valenciano-catalan\/","menu_order":0,"post_type":"editorial","post_mime_type":"","comment_count":"0","filter":"raw"}],"autores-libros":[{"ID":153798,"post_author":"3","post_date":"2022-10-14 14:59:37","post_date_gmt":"2022-10-14 12:59:37","post_content":"","post_title":"DAVID DOM\u00cdNGUEZ","post_excerpt":"","post_status":"publish","comment_status":"closed","ping_status":"closed","post_password":"","post_name":"david-dominguez","to_ping":"","pinged":"","post_modified":"2022-10-14 14:59:37","post_modified_gmt":"2022-10-14 12:59:37","post_content_filtered":"","post_parent":0,"guid":"http:\/\/dev.claret.cat\/autor\/david-dominguez\/","menu_order":0,"post_type":"autor","post_mime_type":"","comment_count":"0","filter":"raw"}],"booktrailer":"","resenas":""},"aioseo_notices":[],"_links":{"self":[{"href":"https:\/\/www.claret.cat\/es\/wp-json\/wp\/v2\/product\/884392","targetHints":{"allow":["GET"]}}],"collection":[{"href":"https:\/\/www.claret.cat\/es\/wp-json\/wp\/v2\/product"}],"about":[{"href":"https:\/\/www.claret.cat\/es\/wp-json\/wp\/v2\/types\/product"}],"wp:featuredmedia":[{"embeddable":true,"href":"https:\/\/www.claret.cat\/es\/wp-json\/wp\/v2\/media\/884593"}],"wp:attachment":[{"href":"https:\/\/www.claret.cat\/es\/wp-json\/wp\/v2\/media?parent=884392"}],"wp:term":[{"taxonomy":"product_brand","embeddable":true,"href":"https:\/\/www.claret.cat\/es\/wp-json\/wp\/v2\/product_brand?post=884392"},{"taxonomy":"product_cat","embeddable":true,"href":"https:\/\/www.claret.cat\/es\/wp-json\/wp\/v2\/product_cat?post=884392"},{"taxonomy":"product_tag","embeddable":true,"href":"https:\/\/www.claret.cat\/es\/wp-json\/wp\/v2\/product_tag?post=884392"}],"curies":[{"name":"wp","href":"https:\/\/api.w.org\/{rel}","templated":true}]}}