{"id":884402,"date":"2023-10-20T17:00:05","date_gmt":"2023-10-20T15:00:05","guid":{"rendered":"https:\/\/www.claret.cat\/llibre\/historias-de-mujeres-samurais-9788414037270\/"},"modified":"2023-10-31T23:42:51","modified_gmt":"2023-10-31T22:42:51","slug":"historias-de-mujeres-samurais-9788414037270","status":"publish","type":"product","link":"https:\/\/www.claret.cat\/es\/libro\/historias-de-mujeres-samurais-9788414037270\/","title":{"rendered":"HISTORIAS DE MUJERES SAMUR\u00c1IS"},"content":{"rendered":"<p>El arte del combate y el noble c\u00f3digo de los samur\u00e1is japoneses son objeto de fascinaci\u00f3n en todo el mundo. Sin embargo, apenas se conoce que existieron tambi\u00e9n algunas guerreras formidables, mujeres extraordinarias que desafiaron su destino y escaparon del rol que la sociedad les reservaba. Tras un largo y esmerado proceso de investigaci\u00f3n, Benjamin Lacombe y S\u00e9bastien Perez nos ofrecen en este libro siete relatos inspirados en las historias reales o legendarias de siete mujeres samur\u00e1is; como la emperatriz Jingu, que se cuenta que conquist\u00f3 tres reinos enemigos en el siglo III, o Nagano Takeko, que lider\u00f3 un ej\u00e9rcito de mujeres en el siglo XIX. <br \/> Una magn\u00edfica propuesta literaria y visual que nos acerca de nuevo a la cultura japonesa y nos descubre la existencia de estas extraordinarias y desconocidas guerreras que se atrevieron a desafiar su destino.<\/p>\n","protected":false},"excerpt":{"rendered":"<p>PEREZ, S\u00c9BASTIEN \/ LACOMBE, BENJAMIN<\/p>\n","protected":false},"featured_media":884571,"template":"","meta":{"_acf_changed":false,"om_disable_all_campaigns":false,"rs_blank_template":"","rs_page_bg_color":"","slide_template_v7":"","inline_featured_image":false,"_monsterinsights_skip_tracking":false,"_monsterinsights_sitenote_active":false,"_monsterinsights_sitenote_note":"","_monsterinsights_sitenote_category":0},"product_brand":[],"product_cat":[133,132,362,363],"product_tag":[],"class_list":{"0":"post-884402","1":"product","2":"type-product","3":"status-publish","4":"has-post-thumbnail","6":"product_cat-lectures-per-adolescents-12-18-anys","7":"product_cat-lectures-per-preadolescents-6-12-anys","8":"product_cat-libros-preadolescentes-6-12-anos","9":"product_cat-lecturas-por-adolescentes-12-18-anos","11":"first","12":"instock","13":"taxable","14":"shipping-taxable","15":"purchasable","16":"product-type-simple"},"acf":{"autor":"PEREZ, S\u00c9BASTIEN \/ LACOMBE, BENJAMIN","codart":"841403727","libros-coleccion":"\u00c1lbumes ilustrados","ediciones":"1","encuadernacion":"Carton\u00e9","fecha_de_publicacion":"01\/10\/2023","novedad":"1","paginas":"179","subtitulo":"","orden":"0","portada":"1","idioma":"spa","editorial":[{"ID":6229,"post_author":"3","post_date":"2022-07-28 17:47:40","post_date_gmt":"2022-07-28 15:47:40","post_content":"","post_title":"Editorial Luis Vives (Edelvives)","post_excerpt":"","post_status":"publish","comment_status":"closed","ping_status":"closed","post_password":"","post_name":"editorial-luis-vives-edelvives","to_ping":"","pinged":"","post_modified":"2022-07-28 17:47:40","post_modified_gmt":"2022-07-28 15:47:40","post_content_filtered":"","post_parent":0,"guid":"http:\/\/dev.claret.cat\/editorial\/editorial-luis-vives-edelvives\/","menu_order":0,"post_type":"editorial","post_mime_type":"","comment_count":"0","filter":"raw"}],"autores-libros":[{"ID":169262,"post_author":"3","post_date":"2022-10-14 22:25:49","post_date_gmt":"2022-10-14 20:25:49","post_content":"","post_title":"S\u00c9BASTIEN PEREZ","post_excerpt":"","post_status":"publish","comment_status":"closed","ping_status":"closed","post_password":"","post_name":"sebastien-perez","to_ping":"","pinged":"","post_modified":"2022-10-14 22:25:49","post_modified_gmt":"2022-10-14 20:25:49","post_content_filtered":"","post_parent":0,"guid":"http:\/\/dev.claret.cat\/autor\/sebastien-perez\/","menu_order":0,"post_type":"autor","post_mime_type":"","comment_count":"0","filter":"raw"},{"ID":151574,"post_author":"3","post_date":"2022-10-14 14:41:57","post_date_gmt":"2022-10-14 12:41:57","post_content":"","post_title":"BENJAMIN LACOMBE","post_excerpt":"","post_status":"publish","comment_status":"closed","ping_status":"closed","post_password":"","post_name":"benjamin-lacombe","to_ping":"","pinged":"","post_modified":"2022-10-14 14:41:57","post_modified_gmt":"2022-10-14 12:41:57","post_content_filtered":"","post_parent":0,"guid":"http:\/\/dev.claret.cat\/autor\/benjamin-lacombe\/","menu_order":0,"post_type":"autor","post_mime_type":"","comment_count":"0","filter":"raw"}]},"aioseo_notices":[],"_links":{"self":[{"href":"https:\/\/www.claret.cat\/es\/wp-json\/wp\/v2\/product\/884402","targetHints":{"allow":["GET"]}}],"collection":[{"href":"https:\/\/www.claret.cat\/es\/wp-json\/wp\/v2\/product"}],"about":[{"href":"https:\/\/www.claret.cat\/es\/wp-json\/wp\/v2\/types\/product"}],"wp:featuredmedia":[{"embeddable":true,"href":"https:\/\/www.claret.cat\/es\/wp-json\/wp\/v2\/media\/884571"}],"wp:attachment":[{"href":"https:\/\/www.claret.cat\/es\/wp-json\/wp\/v2\/media?parent=884402"}],"wp:term":[{"taxonomy":"product_brand","embeddable":true,"href":"https:\/\/www.claret.cat\/es\/wp-json\/wp\/v2\/product_brand?post=884402"},{"taxonomy":"product_cat","embeddable":true,"href":"https:\/\/www.claret.cat\/es\/wp-json\/wp\/v2\/product_cat?post=884402"},{"taxonomy":"product_tag","embeddable":true,"href":"https:\/\/www.claret.cat\/es\/wp-json\/wp\/v2\/product_tag?post=884402"}],"curies":[{"name":"wp","href":"https:\/\/api.w.org\/{rel}","templated":true}]}}