{"id":884438,"date":"2023-10-20T17:40:11","date_gmt":"2023-10-20T15:40:11","guid":{"rendered":"https:\/\/www.claret.cat\/llibre\/kintsugi-9788412674842\/"},"modified":"2023-10-21T11:15:20","modified_gmt":"2023-10-21T09:15:20","slug":"kintsugi-9788412674842","status":"publish","type":"product","link":"https:\/\/www.claret.cat\/es\/libro\/kintsugi-9788412674842\/","title":{"rendered":"KINTSUGI"},"content":{"rendered":"<p>Las cosas m\u00e1s preciadas pueden caer y hacerse a\u00f1icos, pero tienen arreglo. Como las personas. <\/p>\n<p> Kintsugi es el arte japon\u00e9s de restaurar una pieza de cer\u00e1mica rota uniendo los fragmentos con una mezcla de resina y metales nobles. As\u00ed nace un objeto nuevo y \u00fanico, cuyas fracturas cuentan una historia.<\/p>\n<p> Aqu\u00ed hay un p\u00e1jaro que huye, una taza se rompe, tienen lugar un viaje, un descubrimiento y una transformaci\u00f3n. Lo que parec\u00eda inasumible acaba restituy\u00e9ndole la belleza al mundo. <\/p>\n<p> La filosof\u00eda de esta t\u00e9cnica ancestral \u2014reparar la fractura, curar la herida, ennoblecer la cicatriz\u2014 inspira el nuevo libro de la autora de Migrantes (Premi Llibreter 2020). Una f\u00e1bula silente sobre la p\u00e9rdida y la ca\u00edda, la posibilidad de superar la adversidad, la aceptaci\u00f3n de la propia fragilidad. Una elaboraci\u00f3n serena de los avatares de la existencia, de todo lo vivido, dotada de un elocuente simbolismo gr\u00e1fico que sigue la estela del celebrado Migrantes, aunque de manera m\u00e1s intimista, y cuya lectura pueden compartir grandes y peque\u00f1os.<\/p>\n","protected":false},"excerpt":{"rendered":"<p>WATANABE, ISSA<\/p>\n","protected":false},"featured_media":884623,"template":"","meta":{"_acf_changed":false,"om_disable_all_campaigns":false,"rs_blank_template":"","rs_page_bg_color":"","slide_template_v7":"","inline_featured_image":false,"_monsterinsights_skip_tracking":false,"_monsterinsights_sitenote_active":false,"_monsterinsights_sitenote_note":"","_monsterinsights_sitenote_category":0},"product_brand":[],"product_cat":[131,132,361,362],"product_tag":[],"class_list":{"0":"post-884438","1":"product","2":"type-product","3":"status-publish","4":"has-post-thumbnail","6":"product_cat-contes-per-infants-0-6-anys","7":"product_cat-lectures-per-preadolescents-6-12-anys","8":"product_cat-cuentos-para-ninos-0-6-anos","9":"product_cat-libros-preadolescentes-6-12-anos","11":"first","12":"instock","13":"taxable","14":"shipping-taxable","15":"purchasable","16":"product-type-simple"},"acf":{"autor":"WATANABE, ISSA","codart":"841267484","libros-coleccion":"\u00c1lbumes ilustrados","ediciones":"1","encuadernacion":"Carton\u00e9","fecha_de_publicacion":"01\/10\/2023","novedad":"1","paginas":"48","subtitulo":"","orden":"0","portada":"0","idioma":"spa","editorial":[{"ID":148435,"post_author":"3","post_date":"2022-10-14 11:58:13","post_date_gmt":"2022-10-14 09:58:13","post_content":"","post_title":"LIBROS DEL ZORRO ROJO","post_excerpt":"","post_status":"publish","comment_status":"closed","ping_status":"closed","post_password":"","post_name":"libros-del-zorro-rojo","to_ping":"","pinged":"","post_modified":"2022-10-14 11:58:13","post_modified_gmt":"2022-10-14 09:58:13","post_content_filtered":"","post_parent":0,"guid":"http:\/\/dev.claret.cat\/editorial\/libros-del-zorro-rojo\/","menu_order":0,"post_type":"editorial","post_mime_type":"","comment_count":"0","filter":"raw"}],"autores-libros":[{"ID":158146,"post_author":"3","post_date":"2022-10-14 15:34:31","post_date_gmt":"2022-10-14 13:34:31","post_content":"","post_title":"ISSA WATANABE","post_excerpt":"","post_status":"publish","comment_status":"closed","ping_status":"closed","post_password":"","post_name":"issa-watanabe","to_ping":"","pinged":"","post_modified":"2022-10-14 15:34:31","post_modified_gmt":"2022-10-14 13:34:31","post_content_filtered":"","post_parent":0,"guid":"http:\/\/dev.claret.cat\/autor\/issa-watanabe\/","menu_order":0,"post_type":"autor","post_mime_type":"","comment_count":"0","filter":"raw"}]},"aioseo_notices":[],"_links":{"self":[{"href":"https:\/\/www.claret.cat\/es\/wp-json\/wp\/v2\/product\/884438","targetHints":{"allow":["GET"]}}],"collection":[{"href":"https:\/\/www.claret.cat\/es\/wp-json\/wp\/v2\/product"}],"about":[{"href":"https:\/\/www.claret.cat\/es\/wp-json\/wp\/v2\/types\/product"}],"wp:featuredmedia":[{"embeddable":true,"href":"https:\/\/www.claret.cat\/es\/wp-json\/wp\/v2\/media\/884623"}],"wp:attachment":[{"href":"https:\/\/www.claret.cat\/es\/wp-json\/wp\/v2\/media?parent=884438"}],"wp:term":[{"taxonomy":"product_brand","embeddable":true,"href":"https:\/\/www.claret.cat\/es\/wp-json\/wp\/v2\/product_brand?post=884438"},{"taxonomy":"product_cat","embeddable":true,"href":"https:\/\/www.claret.cat\/es\/wp-json\/wp\/v2\/product_cat?post=884438"},{"taxonomy":"product_tag","embeddable":true,"href":"https:\/\/www.claret.cat\/es\/wp-json\/wp\/v2\/product_tag?post=884438"}],"curies":[{"name":"wp","href":"https:\/\/api.w.org\/{rel}","templated":true}]}}