{"id":884456,"date":"2023-10-20T18:15:31","date_gmt":"2023-10-20T16:15:31","guid":{"rendered":"https:\/\/www.claret.cat\/llibre\/kintsugi-9788412635324\/"},"modified":"2023-10-20T19:00:27","modified_gmt":"2023-10-20T17:00:27","slug":"kintsugi-9788412635324","status":"publish","type":"product","link":"https:\/\/www.claret.cat\/es\/libro\/kintsugi-9788412635324\/","title":{"rendered":"KINTSUGI"},"content":{"rendered":"<p>Les coses m\u00e9s preuades poden caure i fer-se miques, per\u00f2 tenen soluci\u00f3. Com les persones.<\/p>\n<p> Kintsugi \u00e9s l&#8217;art japon\u00e8s de restaurar una pe\u00e7a de cer\u00e0mica trencada tot unint els fragments amb una barreja de resina i metalls nobles. Aix\u00ed neix un objecte nou, \u00fanic i irrepetible, les fractures del qual expliquen una hist\u00f2ria: <br \/> Aqu\u00ed hi ha un ocell que fuig, una tassa que es trenca, i tenen lloc un viatge, un descobriment i una transformaci\u00f3. El que semblava inassolible acaba restituint la bellesa al m\u00f3n.<br \/> La filosofia d&#8217;aquesta t\u00e8cnica ancestral \u2014reparar la fractura, curar la ferida, ennoblir la cicatriu\u2014 inspira el nou llibre de l&#8217;autora de Migrants (Premi Llibreter 2020). Kintsugi \u00e9s una rondalla silent que ens parla de la p\u00e8rdua i la caiguda, la curaci\u00f3 a trav\u00e9s del viatge inici\u00e0tic, no exempt de dificultats, i la possibilitat de superar l&#8217;adversitat i el trauma. L&#8217;acceptaci\u00f3 de la mateixa fragilitat. Una elaboraci\u00f3 serena dels avatars de l&#8217;exist\u00e8ncia, de tot all\u00f2 viscut, dotat d&#8217;un eloq\u00fcent simbolisme gr\u00e0fic que segueix l&#8217;estela de Migrants, encara que de manera m\u00e9s intimista, i que poden compartir grans i petits.<\/p>\n","protected":false},"excerpt":{"rendered":"<p>WATANABE, ISSA<\/p>\n","protected":false},"featured_media":884457,"template":"","meta":{"_acf_changed":false,"om_disable_all_campaigns":false,"rs_blank_template":"","rs_page_bg_color":"","slide_template_v7":"","inline_featured_image":false,"_monsterinsights_skip_tracking":false,"_monsterinsights_sitenote_active":false,"_monsterinsights_sitenote_note":"","_monsterinsights_sitenote_category":0},"product_brand":[],"product_cat":[133,132,362,363],"product_tag":[],"class_list":{"0":"post-884456","1":"product","2":"type-product","3":"status-publish","4":"has-post-thumbnail","6":"product_cat-lectures-per-adolescents-12-18-anys","7":"product_cat-lectures-per-preadolescents-6-12-anys","8":"product_cat-libros-preadolescentes-6-12-anos","9":"product_cat-lecturas-por-adolescentes-12-18-anos","11":"first","12":"instock","13":"taxable","14":"shipping-taxable","15":"purchasable","16":"product-type-simple"},"acf":{"autor":"WATANABE, ISSA","codart":"841263532","libros-coleccion":"(CAT).ALBUMS IL\u00b7LUSTRATS","ediciones":"1","encuadernacion":"Carton\u00e9","fecha_de_publicacion":"01\/10\/2023","novedad":"1","paginas":"48","subtitulo":"","orden":"0","portada":"0","idioma":"cat","editorial":[{"ID":148435,"post_author":"3","post_date":"2022-10-14 11:58:13","post_date_gmt":"2022-10-14 09:58:13","post_content":"","post_title":"LIBROS DEL ZORRO ROJO","post_excerpt":"","post_status":"publish","comment_status":"closed","ping_status":"closed","post_password":"","post_name":"libros-del-zorro-rojo","to_ping":"","pinged":"","post_modified":"2022-10-14 11:58:13","post_modified_gmt":"2022-10-14 09:58:13","post_content_filtered":"","post_parent":0,"guid":"http:\/\/dev.claret.cat\/editorial\/libros-del-zorro-rojo\/","menu_order":0,"post_type":"editorial","post_mime_type":"","comment_count":"0","filter":"raw"}],"autores-libros":[{"ID":158146,"post_author":"3","post_date":"2022-10-14 15:34:31","post_date_gmt":"2022-10-14 13:34:31","post_content":"","post_title":"ISSA WATANABE","post_excerpt":"","post_status":"publish","comment_status":"closed","ping_status":"closed","post_password":"","post_name":"issa-watanabe","to_ping":"","pinged":"","post_modified":"2022-10-14 15:34:31","post_modified_gmt":"2022-10-14 13:34:31","post_content_filtered":"","post_parent":0,"guid":"http:\/\/dev.claret.cat\/autor\/issa-watanabe\/","menu_order":0,"post_type":"autor","post_mime_type":"","comment_count":"0","filter":"raw"}]},"aioseo_notices":[],"_links":{"self":[{"href":"https:\/\/www.claret.cat\/es\/wp-json\/wp\/v2\/product\/884456","targetHints":{"allow":["GET"]}}],"collection":[{"href":"https:\/\/www.claret.cat\/es\/wp-json\/wp\/v2\/product"}],"about":[{"href":"https:\/\/www.claret.cat\/es\/wp-json\/wp\/v2\/types\/product"}],"wp:featuredmedia":[{"embeddable":true,"href":"https:\/\/www.claret.cat\/es\/wp-json\/wp\/v2\/media\/884457"}],"wp:attachment":[{"href":"https:\/\/www.claret.cat\/es\/wp-json\/wp\/v2\/media?parent=884456"}],"wp:term":[{"taxonomy":"product_brand","embeddable":true,"href":"https:\/\/www.claret.cat\/es\/wp-json\/wp\/v2\/product_brand?post=884456"},{"taxonomy":"product_cat","embeddable":true,"href":"https:\/\/www.claret.cat\/es\/wp-json\/wp\/v2\/product_cat?post=884456"},{"taxonomy":"product_tag","embeddable":true,"href":"https:\/\/www.claret.cat\/es\/wp-json\/wp\/v2\/product_tag?post=884456"}],"curies":[{"name":"wp","href":"https:\/\/api.w.org\/{rel}","templated":true}]}}