{"id":88447,"date":"2022-10-11T18:17:31","date_gmt":"2022-10-11T16:17:31","guid":{"rendered":"http:\/\/dev.claret.cat\/producte\/querido-timoteo\/"},"modified":"2024-05-02T05:41:24","modified_gmt":"2024-05-02T03:41:24","slug":"querido-timoteo-9788428837064","status":"publish","type":"product","link":"https:\/\/www.claret.cat\/es\/libro\/querido-timoteo-9788428837064\/","title":{"rendered":"QUERIDO TIMOTEO&#8230;"},"content":{"rendered":"<p>Para profundizar en la esencia del ministerio presbiteral<\/p>\n<p>Este libro pretende acercarnos de forma asequible la historia de una relaci\u00f3n que se convierte en una p\u00e1gina ejemplar de acompa\u00f1amiento espiritual. Los personajes centrales del relato son el ap\u00f3stol Pablo y su disc\u00edpulo Timoteo.<\/p>\n<p>El objetivo de este ensayo es conocer mejor la vida del sacerdote, la encarnadura humana del pastor al frente de su reba\u00f1o: su crecimiento y crisis personales y la evoluci\u00f3n espiritual de la comunidad que acompa\u00f1a. El conocimiento mutuo estrecha los v\u00ednculos y favorece una estima compartida: el pastor por su reba\u00f1o y la comunidad por el presb\u00edtero que la preside en la caridad.<\/p>\n<p>En momentos de cierta desolacio\u00b4n y acedia, mirar figuras ejemplares, como Pablo, alienta nuestro espi\u00b4ritu a seguir luchando. Del epistolario del Apo\u00b4stol, creador de comunidades, arrancamos cartas de a\u00b4nimo a un cura&#8230; y a su comunidad.<\/p>\n","protected":false},"excerpt":{"rendered":"<p>CRESPO HIDALGO, ALFONSO<\/p>\n","protected":false},"featured_media":338215,"template":"","meta":{"_acf_changed":false,"om_disable_all_campaigns":false,"rs_blank_template":"","rs_page_bg_color":"","slide_template_v7":"","inline_featured_image":false,"_monsterinsights_skip_tracking":false,"_monsterinsights_sitenote_active":false,"_monsterinsights_sitenote_note":"","_monsterinsights_sitenote_category":0},"product_brand":[],"product_cat":[468,207],"product_tag":[],"class_list":{"0":"post-88447","1":"product","2":"type-product","3":"status-publish","4":"has-post-thumbnail","6":"product_cat-epistolas-catolicas","7":"product_cat-epistoles-catoliques","9":"first","10":"instock","11":"taxable","12":"shipping-taxable","13":"purchasable","14":"product-type-simple"},"acf":{"editorial":[{"ID":6335,"post_author":"3","post_date":"2022-07-28 17:49:59","post_date_gmt":"2022-07-28 15:49:59","post_content":"","post_title":"PPC altres","post_excerpt":"","post_status":"publish","comment_status":"closed","ping_status":"closed","post_password":"","post_name":"ppc-altres","to_ping":"","pinged":"","post_modified":"2022-07-28 17:49:59","post_modified_gmt":"2022-07-28 15:49:59","post_content_filtered":"","post_parent":0,"guid":"http:\/\/dev.claret.cat\/editorial\/ppc-altres\/","menu_order":0,"post_type":"editorial","post_mime_type":"","comment_count":"0","filter":"raw"}],"autor":"CRESPO HIDALGO, ALFONSO","codart":"842883706","libros-coleccion":"PASTORAL","ediciones":"1","encuadernacion":"R\u00fastica","fecha_de_publicacion":"01\/06\/2021","novedad":"1","paginas":"224","subtitulo":"CARTAS DE \u00c1NIMO A UN CURA... Y A SU COMUNIDAD","orden":"0","portada":"0","idioma":"spa","autores-libros":[{"ID":149753,"post_author":"3","post_date":"2022-10-14 14:27:25","post_date_gmt":"2022-10-14 12:27:25","post_content":"","post_title":"ALFONSO CRESPO HIDALGO","post_excerpt":"","post_status":"publish","comment_status":"closed","ping_status":"closed","post_password":"","post_name":"alfonso-crespo-hidalgo","to_ping":"","pinged":"","post_modified":"2022-10-14 14:27:25","post_modified_gmt":"2022-10-14 12:27:25","post_content_filtered":"","post_parent":0,"guid":"http:\/\/dev.claret.cat\/autor\/alfonso-crespo-hidalgo\/","menu_order":0,"post_type":"autor","post_mime_type":"","comment_count":"0","filter":"raw"}]},"aioseo_notices":[],"_links":{"self":[{"href":"https:\/\/www.claret.cat\/es\/wp-json\/wp\/v2\/product\/88447","targetHints":{"allow":["GET"]}}],"collection":[{"href":"https:\/\/www.claret.cat\/es\/wp-json\/wp\/v2\/product"}],"about":[{"href":"https:\/\/www.claret.cat\/es\/wp-json\/wp\/v2\/types\/product"}],"wp:featuredmedia":[{"embeddable":true,"href":"https:\/\/www.claret.cat\/es\/wp-json\/wp\/v2\/media\/338215"}],"wp:attachment":[{"href":"https:\/\/www.claret.cat\/es\/wp-json\/wp\/v2\/media?parent=88447"}],"wp:term":[{"taxonomy":"product_brand","embeddable":true,"href":"https:\/\/www.claret.cat\/es\/wp-json\/wp\/v2\/product_brand?post=88447"},{"taxonomy":"product_cat","embeddable":true,"href":"https:\/\/www.claret.cat\/es\/wp-json\/wp\/v2\/product_cat?post=88447"},{"taxonomy":"product_tag","embeddable":true,"href":"https:\/\/www.claret.cat\/es\/wp-json\/wp\/v2\/product_tag?post=88447"}],"curies":[{"name":"wp","href":"https:\/\/api.w.org\/{rel}","templated":true}]}}