{"id":884483,"date":"2023-10-20T18:25:06","date_gmt":"2023-10-20T16:25:06","guid":{"rendered":"https:\/\/www.claret.cat\/llibre\/annemarie-la-bella-9788433912817\/"},"modified":"2023-10-20T19:04:44","modified_gmt":"2023-10-20T17:04:44","slug":"annemarie-la-bella-9788433912817","status":"publish","type":"product","link":"https:\/\/www.claret.cat\/es\/libro\/annemarie-la-bella-9788433912817\/","title":{"rendered":"ANNE-MARIE LA BELLA"},"content":{"rendered":"<p>El mon\u00f3logo \u2013\u00e1cido, divertido, desgarrador\u2013 de una vieja actriz que repasa su vida\u00a0y su carrera.\u00a0 Anne-Marie, una vieja actriz, desgrana sus recuerdos. Evoca su infancia en una peque\u00f1a ciudad del norte de Francia; la juvenil fascinaci\u00f3n por Brigitte Bardot, cuyas fotos recortaba y pegaba en un \u00e1lbum; el hechizo del teatro; su llegada a Par\u00eds con diecinueve a\u00f1os; el encuentro con Giselle Fayolle, alias Gigi, desde el principio destinada a convertirse en una estrella&#8230; Se conocieron cuando compartieron escenario en las representaciones de Berenice: entre ambas hubo amistad, pero tambi\u00e9n rivalidad; sus carreras transcurrieron en paralelo y Anne-Marie se convirti\u00f3 en la confidente de Gigi, cuya vida amorosa era mucho m\u00e1s agitada que la suya.<\/p>\n","protected":false},"excerpt":{"rendered":"<p>REZA, YASMINA<\/p>\n","protected":false},"featured_media":884484,"template":"","meta":{"_acf_changed":false,"om_disable_all_campaigns":false,"rs_blank_template":"","rs_page_bg_color":"","slide_template_v7":"","inline_featured_image":false,"_monsterinsights_skip_tracking":false,"_monsterinsights_sitenote_active":false,"_monsterinsights_sitenote_note":"","_monsterinsights_sitenote_category":0},"product_brand":[],"product_cat":[127,357],"product_tag":[],"class_list":{"0":"post-884483","1":"product","2":"type-product","3":"status-publish","4":"has-post-thumbnail","6":"product_cat-novella-contemporania","7":"product_cat-novela-contemporanea","9":"first","10":"instock","11":"taxable","12":"shipping-taxable","13":"purchasable","14":"product-type-simple"},"acf":{"autor":"REZA, YASMINA","codart":"843391281","libros-coleccion":"Panorama de narrativas","ediciones":"1","encuadernacion":"R\u00fastica","fecha_de_publicacion":"01\/10\/2023","novedad":"1","paginas":"64","subtitulo":"","orden":"0","portada":"0","idioma":"spa","editorial":[{"ID":6219,"post_author":"3","post_date":"2022-07-28 17:47:26","post_date_gmt":"2022-07-28 15:47:26","post_content":"","post_title":"Editorial Anagrama S.A.","post_excerpt":"","post_status":"publish","comment_status":"closed","ping_status":"closed","post_password":"","post_name":"editorial-anagrama-s-a","to_ping":"","pinged":"","post_modified":"2022-07-28 17:47:26","post_modified_gmt":"2022-07-28 15:47:26","post_content_filtered":"","post_parent":0,"guid":"http:\/\/dev.claret.cat\/editorial\/editorial-anagrama-s-a\/","menu_order":0,"post_type":"editorial","post_mime_type":"","comment_count":"0","filter":"raw"}],"autores-libros":[{"ID":171564,"post_author":"3","post_date":"2022-10-14 22:44:25","post_date_gmt":"2022-10-14 20:44:25","post_content":"","post_title":"YASMINA REZA","post_excerpt":"","post_status":"publish","comment_status":"closed","ping_status":"closed","post_password":"","post_name":"yasmina-reza","to_ping":"","pinged":"","post_modified":"2022-10-14 22:44:25","post_modified_gmt":"2022-10-14 20:44:25","post_content_filtered":"","post_parent":0,"guid":"http:\/\/dev.claret.cat\/autor\/yasmina-reza\/","menu_order":0,"post_type":"autor","post_mime_type":"","comment_count":"0","filter":"raw"}]},"aioseo_notices":[],"_links":{"self":[{"href":"https:\/\/www.claret.cat\/es\/wp-json\/wp\/v2\/product\/884483","targetHints":{"allow":["GET"]}}],"collection":[{"href":"https:\/\/www.claret.cat\/es\/wp-json\/wp\/v2\/product"}],"about":[{"href":"https:\/\/www.claret.cat\/es\/wp-json\/wp\/v2\/types\/product"}],"wp:featuredmedia":[{"embeddable":true,"href":"https:\/\/www.claret.cat\/es\/wp-json\/wp\/v2\/media\/884484"}],"wp:attachment":[{"href":"https:\/\/www.claret.cat\/es\/wp-json\/wp\/v2\/media?parent=884483"}],"wp:term":[{"taxonomy":"product_brand","embeddable":true,"href":"https:\/\/www.claret.cat\/es\/wp-json\/wp\/v2\/product_brand?post=884483"},{"taxonomy":"product_cat","embeddable":true,"href":"https:\/\/www.claret.cat\/es\/wp-json\/wp\/v2\/product_cat?post=884483"},{"taxonomy":"product_tag","embeddable":true,"href":"https:\/\/www.claret.cat\/es\/wp-json\/wp\/v2\/product_tag?post=884483"}],"curies":[{"name":"wp","href":"https:\/\/api.w.org\/{rel}","templated":true}]}}