{"id":884651,"date":"2023-10-21T13:25:41","date_gmt":"2023-10-21T11:25:41","guid":{"rendered":"https:\/\/www.claret.cat\/llibre\/en-la-habana-nunca-hace-frio-9788411317269\/"},"modified":"2023-10-23T11:41:20","modified_gmt":"2023-10-23T09:41:20","slug":"en-la-habana-nunca-hace-frio-9788411317269","status":"publish","type":"product","link":"https:\/\/www.claret.cat\/es\/libro\/en-la-habana-nunca-hace-frio-9788411317269\/","title":{"rendered":"EN LA HABANA NUNCA HACE FR\u00cdO"},"content":{"rendered":"<p>&#8216;En La Habana nunca hace fr\u00edo&#8217; cuenta las peripecias musicales, pol\u00edticas y humanas de un grupo de j\u00f3venes habaneros en el a\u00f1o 1972. J\u00f3venes ilusionados con el movimiento &#8216;hippie&#8217; de la \u00e9poca, que no s\u00f3lo lleg\u00f3 a verse y o\u00edrse con dificultades en la isla, sino que fue severamente prohibido. Eva, la narradora, forma parte ?junto con sus amigas Bada y Pilzy? del underground cubano. Las tres creen firmemente que la vida siempre estar\u00e1 por encima de ideolog\u00edas e intolerancias. Gracias a sus aventuras, el lector descubrir\u00e1 el poco conocido rock cubano desde dentro; un rock perseguido y expulsado. Asistiremos a los enfrentamientos de los &#8216;hippies&#8217; habaneros con sus acosadores y a la creaci\u00f3n de una fuerza poderosa, oculta y liberadora: la Jipang\u00e1.<\/p>\n<p> Es una novela acerca del rock, de la libertad que brind\u00f3 a distintas generaciones y que todav\u00eda sigue brindando al mundo entero. Es, adem\u00e1s, una novela de iniciaci\u00f3n sobre la sexualidad femenina, la adolescencia, la perseverancia y la verdad. Una obra reveladora, de la mano de una Zo\u00e9 Vald\u00e9s especialmente inspirada que consigue pasajes verdaderamente emotivos, memorables.<\/p>\n","protected":false},"excerpt":{"rendered":"<p>ZO\u00c9 VALD\u00c9S<\/p>\n","protected":false},"featured_media":884733,"template":"","meta":{"_acf_changed":false,"om_disable_all_campaigns":false,"rs_blank_template":"","rs_page_bg_color":"","slide_template_v7":"","inline_featured_image":false,"_monsterinsights_skip_tracking":false,"_monsterinsights_sitenote_active":false,"_monsterinsights_sitenote_note":"","_monsterinsights_sitenote_category":0},"product_brand":[],"product_cat":[127,357],"product_tag":[],"class_list":{"0":"post-884651","1":"product","2":"type-product","3":"status-publish","4":"has-post-thumbnail","6":"product_cat-novella-contemporania","7":"product_cat-novela-contemporanea","9":"first","10":"instock","11":"taxable","12":"shipping-taxable","13":"purchasable","14":"product-type-simple"},"acf":{"autor":"ZO\u00c9 VALD\u00c9S","codart":"841131726","libros-coleccion":"Contempor\u00e1neos","ediciones":"1","encuadernacion":"R\u00fastica","fecha_de_publicacion":"01\/10\/2023","novedad":"1","paginas":"152","subtitulo":"","orden":"0","portada":"0","idioma":"spa","editorial":[{"ID":6120,"post_author":"3","post_date":"2022-07-28 17:45:19","post_date_gmt":"2022-07-28 15:45:19","post_content":"","post_title":"ALMUZARA","post_excerpt":"","post_status":"publish","comment_status":"closed","ping_status":"closed","post_password":"","post_name":"almuzara","to_ping":"","pinged":"","post_modified":"2022-07-28 17:45:19","post_modified_gmt":"2022-07-28 15:45:19","post_content_filtered":"","post_parent":0,"guid":"http:\/\/dev.claret.cat\/editorial\/almuzara\/","menu_order":0,"post_type":"editorial","post_mime_type":"","comment_count":"0","filter":"raw"}],"autores-libros":[{"ID":884674,"post_author":"3","post_date":"2023-10-21 13:30:42","post_date_gmt":"2023-10-21 11:30:42","post_content":"","post_title":"ZO\u00c9 VALD\u00c9S","post_excerpt":"","post_status":"publish","comment_status":"closed","ping_status":"closed","post_password":"","post_name":"zoe-valdes-2","to_ping":"","pinged":"","post_modified":"2023-10-21 13:30:42","post_modified_gmt":"2023-10-21 11:30:42","post_content_filtered":"","post_parent":0,"guid":"https:\/\/www.claret.cat\/autor\/zoe-valdes-2\/","menu_order":0,"post_type":"autor","post_mime_type":"","comment_count":"0","filter":"raw"}]},"aioseo_notices":[],"_links":{"self":[{"href":"https:\/\/www.claret.cat\/es\/wp-json\/wp\/v2\/product\/884651","targetHints":{"allow":["GET"]}}],"collection":[{"href":"https:\/\/www.claret.cat\/es\/wp-json\/wp\/v2\/product"}],"about":[{"href":"https:\/\/www.claret.cat\/es\/wp-json\/wp\/v2\/types\/product"}],"wp:featuredmedia":[{"embeddable":true,"href":"https:\/\/www.claret.cat\/es\/wp-json\/wp\/v2\/media\/884733"}],"wp:attachment":[{"href":"https:\/\/www.claret.cat\/es\/wp-json\/wp\/v2\/media?parent=884651"}],"wp:term":[{"taxonomy":"product_brand","embeddable":true,"href":"https:\/\/www.claret.cat\/es\/wp-json\/wp\/v2\/product_brand?post=884651"},{"taxonomy":"product_cat","embeddable":true,"href":"https:\/\/www.claret.cat\/es\/wp-json\/wp\/v2\/product_cat?post=884651"},{"taxonomy":"product_tag","embeddable":true,"href":"https:\/\/www.claret.cat\/es\/wp-json\/wp\/v2\/product_tag?post=884651"}],"curies":[{"name":"wp","href":"https:\/\/api.w.org\/{rel}","templated":true}]}}