{"id":884715,"date":"2023-10-23T10:55:23","date_gmt":"2023-10-23T08:55:23","guid":{"rendered":"https:\/\/www.claret.cat\/llibre\/la-edad-media-ii-catedrales-caballeros-y-ciudades-9786071658364\/"},"modified":"2025-06-20T11:04:25","modified_gmt":"2025-06-20T09:04:25","slug":"la-edad-media-ii-catedrales-caballeros-y-ciudades-9786071658364","status":"publish","type":"product","link":"https:\/\/www.claret.cat\/es\/libro\/la-edad-media-ii-catedrales-caballeros-y-ciudades-9786071658364\/","title":{"rendered":"LA EDAD MEDIA II. CATEDRALES, CABALLEROS Y CIUDADES"},"content":{"rendered":"<p>La Edad Media, II. Catedrales, caballeros y ciudades abarca los eventos m\u00e1s caracter\u00edsticos de los siglos xi y xii. La primera parte de este segundo volumen, que contin\u00faa el recorrido por la Edad Media, est\u00e1 dedicada al estudio de los sucesos hist\u00f3ricos clave, los pa\u00edses, la econom\u00eda y la sociedad. Las cinco partes siguientes exploran la filosof\u00eda, las ciencias y t\u00e9cnicas, la literatura y teatro, las artes visuales y la m\u00fasica.<\/p>\n","protected":false},"excerpt":{"rendered":"<p>ECO, UMBERTO<\/p>\n","protected":false},"featured_media":884724,"template":"","meta":{"_acf_changed":false,"om_disable_all_campaigns":false,"rs_blank_template":"","rs_page_bg_color":"","slide_template_v7":"","inline_featured_image":false,"_monsterinsights_skip_tracking":false,"_monsterinsights_sitenote_active":false,"_monsterinsights_sitenote_note":"","_monsterinsights_sitenote_category":0},"product_brand":[],"product_cat":[149,427],"product_tag":[],"class_list":{"0":"post-884715","1":"product","2":"type-product","3":"status-publish","4":"has-post-thumbnail","6":"product_cat-medieval","7":"product_cat-medieval-historia-2_humanidades","9":"first","10":"instock","11":"taxable","12":"shipping-taxable","13":"purchasable","14":"product-type-simple"},"acf":{"autor":"ECO, UMBERTO","codart":"607165836","libros-coleccion":"Historia","ediciones":"1","encuadernacion":"Carpeta","fecha_de_publicacion":"01\/10\/2019","novedad":"1","paginas":"794","subtitulo":"","orden":"0","portada":"0","idioma":"spa","editorial":[{"ID":6257,"post_author":"3","post_date":"2022-07-28 17:48:19","post_date_gmt":"2022-07-28 15:48:19","post_content":"","post_title":"Fondo de Cultura Econ\u00f3mica Fce","post_excerpt":"","post_status":"publish","comment_status":"closed","ping_status":"closed","post_password":"","post_name":"fondo-de-cultura-economica-fce","to_ping":"","pinged":"","post_modified":"2022-07-28 17:48:19","post_modified_gmt":"2022-07-28 15:48:19","post_content_filtered":"","post_parent":0,"guid":"http:\/\/dev.claret.cat\/editorial\/fondo-de-cultura-economica-fce\/","menu_order":0,"post_type":"editorial","post_mime_type":"","comment_count":"0","filter":"raw"}],"autores-libros":[{"ID":170690,"post_author":"3","post_date":"2022-10-14 22:37:23","post_date_gmt":"2022-10-14 20:37:23","post_content":"","post_title":"UMBERTO ECO","post_excerpt":"","post_status":"publish","comment_status":"closed","ping_status":"closed","post_password":"","post_name":"umberto-eco","to_ping":"","pinged":"","post_modified":"2022-10-14 22:37:23","post_modified_gmt":"2022-10-14 20:37:23","post_content_filtered":"","post_parent":0,"guid":"http:\/\/dev.claret.cat\/autor\/umberto-eco\/","menu_order":0,"post_type":"autor","post_mime_type":"","comment_count":"0","filter":"raw"}],"booktrailer":"","resenas":""},"aioseo_notices":[],"_links":{"self":[{"href":"https:\/\/www.claret.cat\/es\/wp-json\/wp\/v2\/product\/884715","targetHints":{"allow":["GET"]}}],"collection":[{"href":"https:\/\/www.claret.cat\/es\/wp-json\/wp\/v2\/product"}],"about":[{"href":"https:\/\/www.claret.cat\/es\/wp-json\/wp\/v2\/types\/product"}],"wp:featuredmedia":[{"embeddable":true,"href":"https:\/\/www.claret.cat\/es\/wp-json\/wp\/v2\/media\/884724"}],"wp:attachment":[{"href":"https:\/\/www.claret.cat\/es\/wp-json\/wp\/v2\/media?parent=884715"}],"wp:term":[{"taxonomy":"product_brand","embeddable":true,"href":"https:\/\/www.claret.cat\/es\/wp-json\/wp\/v2\/product_brand?post=884715"},{"taxonomy":"product_cat","embeddable":true,"href":"https:\/\/www.claret.cat\/es\/wp-json\/wp\/v2\/product_cat?post=884715"},{"taxonomy":"product_tag","embeddable":true,"href":"https:\/\/www.claret.cat\/es\/wp-json\/wp\/v2\/product_tag?post=884715"}],"curies":[{"name":"wp","href":"https:\/\/api.w.org\/{rel}","templated":true}]}}