{"id":884763,"date":"2023-10-23T13:45:17","date_gmt":"2023-10-23T11:45:17","guid":{"rendered":"https:\/\/www.claret.cat\/llibre\/mas-alla-de-los-eones-9788477028956\/"},"modified":"2023-11-22T14:00:15","modified_gmt":"2023-11-22T13:00:15","slug":"mas-alla-de-los-eones-9788477028956","status":"publish","type":"product","link":"https:\/\/www.claret.cat\/es\/libro\/mas-alla-de-los-eones-9788477028956\/","title":{"rendered":"M\u00c1S ALL\u00c1 DE LOS EONES"},"content":{"rendered":"<p>Esta nueva edici\u00f3n incluye los relatos \u201cEn los muros de Eryx y \u201cEncerrado con los faraones\u201d.<\/p>\n<p> Debido a la penuria econ\u00f3mica en la que transcurrieron los d\u00edas terrenales de H.P. Lovecraft, el \u00aboutsider de Providence\u00bb se vio a menudo obligado a completar los magros ingresos obtenidos por sus relatos, publicados en su mayor\u00eda en revistas populares, con otro tipo de tareas algo menos gratificantes, como el asesoramiento y revisi\u00f3n de relatos enviados por otros autores, labores que iban desde una sucinta revisi\u00f3n de estilo hasta la reescritura completa de la historia con cambios sustanciales en su argumento. <br \/> En 1989 apareci\u00f3 en Estados Unidos, publicado por Arkham House, el volumen con las colaboraciones definitivas del Maestro de Providence: \u201cThe Horror in the Museum and Other Revisions\u201c, cuya edici\u00f3n corri\u00f3 a cargo del estudioso y experto en H.P. Lovecraft, S.T. Joshi. <br \/> Estos relatos, cuya autor\u00eda comparte Lovecraft con otros escritores, fueron en su mayor\u00eda \u00edntegramente escritos por \u00e9l sobre un argumento, a menudo reconstruido, ideado por otro autor.<br \/> En el presente volumen el lector encontrar\u00e1 relatos como \u201cLa \u00faltima prueba\u201d o \u201cEl verdugo el\u00e9ctrico\u201d, escritos en su totalidad por HPL sobre un borrador previo de Adolphe de Castro; \u201cLa maldici\u00f3n de Yig\u201d, \u201cEl mont\u00edculo\u201d y \u201cLa cabellera de Medusa\u201d, manuscritos de Zelia Bishop que Lovecraft revis\u00f3 y acab\u00f3 escribiendo \u00edntegramente conservando tan solo una peque\u00f1a parte del argumento original; o \u201cEl diario de Alonzo Typer\u201d, de  William Lumley, en el que aparte del n\u00facleo central de la historia, el relato es casi en su totalidad obra de Lovecraft.<br \/> Esta segunda edici\u00f3n de las historias escritas en colaboraci\u00f3n incluye los relatos \u201cEn los muros de Eryx\u201d, un ins\u00f3lito relato de ciencia ficci\u00f3n escrito sobre un boceto de  Kenneth J. Sterling,<br \/> y \u201cEncerrado con los faraones\u201d, una historia de terror basada en una idea del ilusionista  Harry Houdini,  que S.T. Joshi no incluy\u00f3 en su recopilaci\u00f3n para Arkham House.<\/p>\n","protected":false},"excerpt":{"rendered":"<p>LOVECRAFT, H. P.<\/p>\n","protected":false},"featured_media":884764,"template":"","meta":{"_acf_changed":false,"om_disable_all_campaigns":false,"rs_blank_template":"","rs_page_bg_color":"","slide_template_v7":"","inline_featured_image":false,"_monsterinsights_skip_tracking":false,"_monsterinsights_sitenote_active":false,"_monsterinsights_sitenote_note":"","_monsterinsights_sitenote_category":0},"product_brand":[],"product_cat":[127,357],"product_tag":[],"class_list":{"0":"post-884763","1":"product","2":"type-product","3":"status-publish","4":"has-post-thumbnail","6":"product_cat-novella-contemporania","7":"product_cat-novela-contemporanea","9":"first","10":"instock","11":"taxable","12":"shipping-taxable","13":"purchasable","14":"product-type-simple"},"acf":{"autor":"LOVECRAFT, H. P.","codart":"847702895","libros-coleccion":"FORA DE COL.LECCI\u00d3","ediciones":"1","encuadernacion":"Carton\u00e9","fecha_de_publicacion":"01\/02\/2019","novedad":"1","paginas":"688","subtitulo":"Y OTRAS HISTORIAS EN COLABORACI\u00d3N","orden":"0","portada":"0","idioma":"spa","editorial":[{"ID":148943,"post_author":"3","post_date":"2022-10-14 12:02:13","post_date_gmt":"2022-10-14 10:02:13","post_content":"","post_title":"Valdemar","post_excerpt":"","post_status":"publish","comment_status":"closed","ping_status":"closed","post_password":"","post_name":"valdemar","to_ping":"","pinged":"","post_modified":"2022-10-14 12:02:13","post_modified_gmt":"2022-10-14 10:02:13","post_content_filtered":"","post_parent":0,"guid":"http:\/\/dev.claret.cat\/editorial\/valdemar\/","menu_order":0,"post_type":"editorial","post_mime_type":"","comment_count":"0","filter":"raw"}],"autores-libros":[{"ID":157297,"post_author":"3","post_date":"2022-10-14 15:27:42","post_date_gmt":"2022-10-14 13:27:42","post_content":"","post_title":"H. P. LOVECRAFT","post_excerpt":"","post_status":"publish","comment_status":"closed","ping_status":"closed","post_password":"","post_name":"h-p-lovecraft","to_ping":"","pinged":"","post_modified":"2022-10-14 15:27:42","post_modified_gmt":"2022-10-14 13:27:42","post_content_filtered":"","post_parent":0,"guid":"http:\/\/dev.claret.cat\/autor\/h-p-lovecraft\/","menu_order":0,"post_type":"autor","post_mime_type":"","comment_count":"0","filter":"raw"}]},"aioseo_notices":[],"_links":{"self":[{"href":"https:\/\/www.claret.cat\/es\/wp-json\/wp\/v2\/product\/884763","targetHints":{"allow":["GET"]}}],"collection":[{"href":"https:\/\/www.claret.cat\/es\/wp-json\/wp\/v2\/product"}],"about":[{"href":"https:\/\/www.claret.cat\/es\/wp-json\/wp\/v2\/types\/product"}],"wp:featuredmedia":[{"embeddable":true,"href":"https:\/\/www.claret.cat\/es\/wp-json\/wp\/v2\/media\/884764"}],"wp:attachment":[{"href":"https:\/\/www.claret.cat\/es\/wp-json\/wp\/v2\/media?parent=884763"}],"wp:term":[{"taxonomy":"product_brand","embeddable":true,"href":"https:\/\/www.claret.cat\/es\/wp-json\/wp\/v2\/product_brand?post=884763"},{"taxonomy":"product_cat","embeddable":true,"href":"https:\/\/www.claret.cat\/es\/wp-json\/wp\/v2\/product_cat?post=884763"},{"taxonomy":"product_tag","embeddable":true,"href":"https:\/\/www.claret.cat\/es\/wp-json\/wp\/v2\/product_tag?post=884763"}],"curies":[{"name":"wp","href":"https:\/\/api.w.org\/{rel}","templated":true}]}}