{"id":885409,"date":"2023-10-23T19:11:04","date_gmt":"2023-10-23T17:11:04","guid":{"rendered":"https:\/\/www.claret.cat\/llibre\/sol-salutis-9788428569736\/"},"modified":"2024-05-02T07:33:24","modified_gmt":"2024-05-02T05:33:24","slug":"sol-salutis-9788428569736","status":"publish","type":"product","link":"https:\/\/www.claret.cat\/es\/libro\/sol-salutis-9788428569736\/","title":{"rendered":"SOL SALUTIS"},"content":{"rendered":"<p><span>El ciclo de Navidad suele ser un periodo lit\u00fargicamente denso porque pretende expresar el Misterio de la encarnaci\u00f3n del Verbo eterno del Padre. El autor del presente libro profundiza en la riqueza de los textos lit\u00fargicos natalicios, contempl\u00e1ndolos en la doble vertiente del rito hispano y del rito romano, ambos vivos en la Pen\u00ednsula ib\u00e9rica. Los cap\u00edtulos de este libro corresponden precisamente a cada uno de los d\u00edas de la Octava de Navidad. Esta distribuci\u00f3n facilita reconocer las distintas luces que reverberan en cada una de las celebraciones de la Misa y del Oficio de esos d\u00edas: Natividad del Se\u00f1or, san Esteban, san Juan, los Santos Inocentes?<\/span><\/p>\n","protected":false},"excerpt":{"rendered":"<p>AROCENA, F\u00c9LIX MAR\u00cdA<\/p>\n","protected":false},"featured_media":885410,"template":"","meta":{"_acf_changed":false,"om_disable_all_campaigns":false,"rs_blank_template":"","rs_page_bg_color":"","slide_template_v7":"","inline_featured_image":false,"_monsterinsights_skip_tracking":false,"_monsterinsights_sitenote_active":false,"_monsterinsights_sitenote_note":"","_monsterinsights_sitenote_category":0},"product_brand":[],"product_cat":[253,399],"product_tag":[],"class_list":{"0":"post-885409","1":"product","2":"type-product","3":"status-publish","4":"has-post-thumbnail","6":"product_cat-any-liturgic","7":"product_cat-any-liturgic-liturgia-1_espiritualidad","9":"first","10":"instock","11":"taxable","12":"shipping-taxable","13":"purchasable","14":"product-type-simple"},"acf":{"autor":"AROCENA, F\u00c9LIX MAR\u00cdA","codart":"842856973","libros-coleccion":"SAN PABLO - FUERA DE COLECCION","ediciones":"1","encuadernacion":"R\u00fastica","fecha_de_publicacion":"20\/10\/2023","novedad":"1","paginas":"378","subtitulo":"LA NAVIDAD EN LA LITURGIA MOZ\u00c1RABE Y ROMANA","orden":"0","portada":"0","idioma":"spa","editorial":[{"ID":6356,"post_author":"3","post_date":"2022-07-28 17:50:26","post_date_gmt":"2022-07-28 15:50:26","post_content":"","post_title":"SAN PABLO COMUNICACI\u00d3N","post_excerpt":"","post_status":"publish","comment_status":"closed","ping_status":"closed","post_password":"","post_name":"san-pablo-comunicacion","to_ping":"","pinged":"","post_modified":"2022-07-28 17:50:26","post_modified_gmt":"2022-07-28 15:50:26","post_content_filtered":"","post_parent":0,"guid":"http:\/\/dev.claret.cat\/editorial\/san-pablo-comunicacion\/","menu_order":0,"post_type":"editorial","post_mime_type":"","comment_count":"0","filter":"raw"}],"autores-libros":[{"ID":280251,"post_author":"3","post_date":"2022-12-09 17:56:37","post_date_gmt":"2022-12-09 16:56:37","post_content":"","post_title":"FELIX MARIA AROCENA","post_excerpt":"","post_status":"publish","comment_status":"closed","ping_status":"closed","post_password":"","post_name":"felix-maria-arocena-2","to_ping":"","pinged":"","post_modified":"2022-12-09 17:56:37","post_modified_gmt":"2022-12-09 16:56:37","post_content_filtered":"","post_parent":0,"guid":"http:\/\/dev.claret.cat\/autor\/felix-maria-arocena-2\/","menu_order":0,"post_type":"autor","post_mime_type":"","comment_count":"0","filter":"raw"}]},"aioseo_notices":[],"_links":{"self":[{"href":"https:\/\/www.claret.cat\/es\/wp-json\/wp\/v2\/product\/885409","targetHints":{"allow":["GET"]}}],"collection":[{"href":"https:\/\/www.claret.cat\/es\/wp-json\/wp\/v2\/product"}],"about":[{"href":"https:\/\/www.claret.cat\/es\/wp-json\/wp\/v2\/types\/product"}],"wp:featuredmedia":[{"embeddable":true,"href":"https:\/\/www.claret.cat\/es\/wp-json\/wp\/v2\/media\/885410"}],"wp:attachment":[{"href":"https:\/\/www.claret.cat\/es\/wp-json\/wp\/v2\/media?parent=885409"}],"wp:term":[{"taxonomy":"product_brand","embeddable":true,"href":"https:\/\/www.claret.cat\/es\/wp-json\/wp\/v2\/product_brand?post=885409"},{"taxonomy":"product_cat","embeddable":true,"href":"https:\/\/www.claret.cat\/es\/wp-json\/wp\/v2\/product_cat?post=885409"},{"taxonomy":"product_tag","embeddable":true,"href":"https:\/\/www.claret.cat\/es\/wp-json\/wp\/v2\/product_tag?post=885409"}],"curies":[{"name":"wp","href":"https:\/\/api.w.org\/{rel}","templated":true}]}}