{"id":885424,"date":"2023-10-23T19:19:23","date_gmt":"2023-10-23T17:19:23","guid":{"rendered":"https:\/\/www.claret.cat\/llibre\/el-padre-nuestro-9788428569965\/"},"modified":"2025-07-26T12:40:34","modified_gmt":"2025-07-26T10:40:34","slug":"el-padre-nuestro-9788428569965","status":"publish","type":"product","link":"https:\/\/www.claret.cat\/es\/libro\/el-padre-nuestro-9788428569965\/","title":{"rendered":"EL PADRE NUESTRO"},"content":{"rendered":"<p>Como preparaci\u00f3n al pr\u00f3ximo Jubileo de la Iglesia, el papa Francisco ha dispuesto que el a\u00f1o 2024 sea un tiempo de oraci\u00f3n, personal y comunitaria; un a\u00f1o intenso en el que los corazones se puedan abrir para recibir la abundancia de la gracia, haciendo del Padre Nuestro ?la oraci\u00f3n que Jes\u00fas nos ense\u00f1\u00f3? el programa de vida de cada uno de sus disc\u00edpulos.<\/p>\n<p>Apoy\u00e1ndose en las catequesis sobre el Padre Nuestro del Santo Padre, ilustradas con hermosas fotograf\u00edas que invitan a la contemplaci\u00f3n y la oraci\u00f3n, este peque\u00f1o folleto quiere ser una contribuci\u00f3n a la preparaci\u00f3n por parte de todos los fieles del Jubileo que se avecina.<\/p>\n<p><\/p>\n<p><\/p>\n","protected":false},"excerpt":{"rendered":"<p>EQUIPO SAN PABLO<\/p>\n","protected":false},"featured_media":885425,"template":"","meta":{"_acf_changed":false,"om_disable_all_campaigns":false,"rs_blank_template":"","rs_page_bg_color":"","slide_template_v7":"","inline_featured_image":false,"_monsterinsights_skip_tracking":false,"_monsterinsights_sitenote_active":false,"_monsterinsights_sitenote_note":"","_monsterinsights_sitenote_category":0},"product_brand":[],"product_cat":[396,247],"product_tag":[],"class_list":{"0":"post-885424","1":"product","2":"type-product","3":"status-publish","4":"has-post-thumbnail","6":"product_cat-oracion","7":"product_cat-pregaria","9":"first","10":"instock","11":"taxable","12":"shipping-taxable","13":"purchasable","14":"product-type-simple"},"acf":{"autor":"EQUIPO SAN PABLO","codart":"842856996","libros-coleccion":"","ediciones":"1","encuadernacion":"Grapado","fecha_de_publicacion":"23\/10\/2023","novedad":"1","paginas":"24","subtitulo":"LA ORACI\u00d3N QUE JES\u00daS NOS ENSE\u00d1\u00d3","orden":"0","portada":"0","idioma":"spa","editorial":[{"ID":6356,"post_author":"3","post_date":"2022-07-28 17:50:26","post_date_gmt":"2022-07-28 15:50:26","post_content":"","post_title":"SAN PABLO COMUNICACI\u00d3N","post_excerpt":"","post_status":"publish","comment_status":"closed","ping_status":"closed","post_password":"","post_name":"san-pablo-comunicacion","to_ping":"","pinged":"","post_modified":"2022-07-28 17:50:26","post_modified_gmt":"2022-07-28 15:50:26","post_content_filtered":"","post_parent":0,"guid":"http:\/\/dev.claret.cat\/editorial\/san-pablo-comunicacion\/","menu_order":0,"post_type":"editorial","post_mime_type":"","comment_count":"0","filter":"raw"}],"autores-libros":[{"ID":155233,"post_author":"3","post_date":"2022-10-14 15:11:12","post_date_gmt":"2022-10-14 13:11:12","post_content":"","post_title":"EQUIPO SAN PABLO","post_excerpt":"","post_status":"publish","comment_status":"closed","ping_status":"closed","post_password":"","post_name":"equipo-san-pablo","to_ping":"","pinged":"","post_modified":"2022-10-14 15:11:12","post_modified_gmt":"2022-10-14 13:11:12","post_content_filtered":"","post_parent":0,"guid":"http:\/\/dev.claret.cat\/autor\/equipo-san-pablo\/","menu_order":0,"post_type":"autor","post_mime_type":"","comment_count":"0","filter":"raw"}],"booktrailer":"","resenas":""},"aioseo_notices":[],"_links":{"self":[{"href":"https:\/\/www.claret.cat\/es\/wp-json\/wp\/v2\/product\/885424","targetHints":{"allow":["GET"]}}],"collection":[{"href":"https:\/\/www.claret.cat\/es\/wp-json\/wp\/v2\/product"}],"about":[{"href":"https:\/\/www.claret.cat\/es\/wp-json\/wp\/v2\/types\/product"}],"wp:featuredmedia":[{"embeddable":true,"href":"https:\/\/www.claret.cat\/es\/wp-json\/wp\/v2\/media\/885425"}],"wp:attachment":[{"href":"https:\/\/www.claret.cat\/es\/wp-json\/wp\/v2\/media?parent=885424"}],"wp:term":[{"taxonomy":"product_brand","embeddable":true,"href":"https:\/\/www.claret.cat\/es\/wp-json\/wp\/v2\/product_brand?post=885424"},{"taxonomy":"product_cat","embeddable":true,"href":"https:\/\/www.claret.cat\/es\/wp-json\/wp\/v2\/product_cat?post=885424"},{"taxonomy":"product_tag","embeddable":true,"href":"https:\/\/www.claret.cat\/es\/wp-json\/wp\/v2\/product_tag?post=885424"}],"curies":[{"name":"wp","href":"https:\/\/api.w.org\/{rel}","templated":true}]}}