{"id":885427,"date":"2023-10-23T19:20:15","date_gmt":"2023-10-23T17:20:15","guid":{"rendered":"https:\/\/www.claret.cat\/llibre\/nino-de-bethlehem-9788428569972\/"},"modified":"2024-12-30T12:20:39","modified_gmt":"2024-12-30T11:20:39","slug":"nino-de-bethlehem-9788428569972","status":"publish","type":"product","link":"https:\/\/www.claret.cat\/es\/libro\/nino-de-bethlehem-9788428569972\/","title":{"rendered":"\u00abNI\u00d1O DE BETHLEHEM\u00bb"},"content":{"rendered":"<p><span>Se cumplen esta Navidad 800 a\u00f1os desde que san Francisco de As\u00eds ideara la primera representaci\u00f3n del Bel\u00e9n para una muy especial celebraci\u00f3n lit\u00fargica en 1223. Tom\u00e1s de Celano, primer bi\u00f3grafo y del \u00abPoverello\u00bb, narra en la \u00abVida segunda\u00bb aquel entra\u00f1able momento. Tambi\u00e9n el papa Francisco, con la carta apost\u00f3lica \u00abAdmirabile signum (El hermoso signo del Bel\u00e9n)\u00bb, recoge este relato y nos exhorta sobre el significado y el valor del Bel\u00e9n.<\/span><\/p>\n<p><span>De ambos textos se nutre este peque\u00f1o folleto, cuyas fotograf\u00edas quieren ser una invitaci\u00f3n a la contemplaci\u00f3n y la oraci\u00f3n.<\/span><\/p>\n","protected":false},"excerpt":{"rendered":"<p>EQUIPO SAN PABLO<\/p>\n","protected":false},"featured_media":885428,"template":"","meta":{"_acf_changed":false,"om_disable_all_campaigns":false,"rs_blank_template":"","rs_page_bg_color":"","slide_template_v7":"","inline_featured_image":false,"_monsterinsights_skip_tracking":false,"_monsterinsights_sitenote_active":false,"_monsterinsights_sitenote_note":"","_monsterinsights_sitenote_category":0},"product_brand":[],"product_cat":[253,399],"product_tag":[],"class_list":{"0":"post-885427","1":"product","2":"type-product","3":"status-publish","4":"has-post-thumbnail","6":"product_cat-any-liturgic","7":"product_cat-any-liturgic-liturgia-1_espiritualidad","9":"first","10":"instock","11":"taxable","12":"shipping-taxable","13":"purchasable","14":"product-type-simple"},"acf":{"autor":"EQUIPO SAN PABLO","codart":"842856997","libros-coleccion":"","ediciones":"1","encuadernacion":"Grapado","fecha_de_publicacion":"23\/10\/2023","novedad":"1","paginas":"24","subtitulo":"RELATO DE TOM\u00c1S DE CELANO SOBRE EL PRIMER BEL\u00c9N HECHO POR SAN FRANCISCO DE AS\u00cdS (1CEL 84-87)","orden":"0","portada":"0","idioma":"spa","editorial":[{"ID":6356,"post_author":"3","post_date":"2022-07-28 17:50:26","post_date_gmt":"2022-07-28 15:50:26","post_content":"","post_title":"SAN PABLO COMUNICACI\u00d3N","post_excerpt":"","post_status":"publish","comment_status":"closed","ping_status":"closed","post_password":"","post_name":"san-pablo-comunicacion","to_ping":"","pinged":"","post_modified":"2022-07-28 17:50:26","post_modified_gmt":"2022-07-28 15:50:26","post_content_filtered":"","post_parent":0,"guid":"http:\/\/dev.claret.cat\/editorial\/san-pablo-comunicacion\/","menu_order":0,"post_type":"editorial","post_mime_type":"","comment_count":"0","filter":"raw"}],"autores-libros":[{"ID":155233,"post_author":"3","post_date":"2022-10-14 15:11:12","post_date_gmt":"2022-10-14 13:11:12","post_content":"","post_title":"EQUIPO SAN PABLO","post_excerpt":"","post_status":"publish","comment_status":"closed","ping_status":"closed","post_password":"","post_name":"equipo-san-pablo","to_ping":"","pinged":"","post_modified":"2022-10-14 15:11:12","post_modified_gmt":"2022-10-14 13:11:12","post_content_filtered":"","post_parent":0,"guid":"http:\/\/dev.claret.cat\/autor\/equipo-san-pablo\/","menu_order":0,"post_type":"autor","post_mime_type":"","comment_count":"0","filter":"raw"}]},"aioseo_notices":[],"_links":{"self":[{"href":"https:\/\/www.claret.cat\/es\/wp-json\/wp\/v2\/product\/885427","targetHints":{"allow":["GET"]}}],"collection":[{"href":"https:\/\/www.claret.cat\/es\/wp-json\/wp\/v2\/product"}],"about":[{"href":"https:\/\/www.claret.cat\/es\/wp-json\/wp\/v2\/types\/product"}],"wp:featuredmedia":[{"embeddable":true,"href":"https:\/\/www.claret.cat\/es\/wp-json\/wp\/v2\/media\/885428"}],"wp:attachment":[{"href":"https:\/\/www.claret.cat\/es\/wp-json\/wp\/v2\/media?parent=885427"}],"wp:term":[{"taxonomy":"product_brand","embeddable":true,"href":"https:\/\/www.claret.cat\/es\/wp-json\/wp\/v2\/product_brand?post=885427"},{"taxonomy":"product_cat","embeddable":true,"href":"https:\/\/www.claret.cat\/es\/wp-json\/wp\/v2\/product_cat?post=885427"},{"taxonomy":"product_tag","embeddable":true,"href":"https:\/\/www.claret.cat\/es\/wp-json\/wp\/v2\/product_tag?post=885427"}],"curies":[{"name":"wp","href":"https:\/\/api.w.org\/{rel}","templated":true}]}}