{"id":885442,"date":"2023-10-23T19:23:21","date_gmt":"2023-10-23T17:23:21","guid":{"rendered":"https:\/\/www.claret.cat\/llibre\/vejam-si-matrapes-9788447950676\/"},"modified":"2023-10-23T19:36:07","modified_gmt":"2023-10-23T17:36:07","slug":"vejam-si-matrapes-9788447950676","status":"publish","type":"product","link":"https:\/\/www.claret.cat\/es\/libro\/vejam-si-matrapes-9788447950676\/","title":{"rendered":"VEJAM SI M&#8221;ATRAPES!"},"content":{"rendered":"<p>Ning\u00fa no pot atrapar la guineu! Segur? Cau la nit i una guineu petita desafia la resta d&#8221;animals a una divertida cursa per la ciutat. L&#8221;atrapar\u00e0 alg\u00fa? Un llibre amb m\u00e9s de 40 solapes. Descobreix qu\u00e8 amaguen!<\/p>\n","protected":false},"excerpt":{"rendered":"<p>ARCHER, MANDY<\/p>\n","protected":false},"featured_media":885443,"template":"","meta":{"_acf_changed":false,"om_disable_all_campaigns":false,"rs_blank_template":"","rs_page_bg_color":"","slide_template_v7":"","inline_featured_image":false,"_monsterinsights_skip_tracking":false,"_monsterinsights_sitenote_active":false,"_monsterinsights_sitenote_note":"","_monsterinsights_sitenote_category":0},"product_brand":[],"product_cat":[132,362],"product_tag":[],"class_list":{"0":"post-885442","1":"product","2":"type-product","3":"status-publish","4":"has-post-thumbnail","6":"product_cat-lectures-per-preadolescents-6-12-anys","7":"product_cat-libros-preadolescentes-6-12-anos","9":"first","10":"instock","11":"taxable","12":"shipping-taxable","13":"purchasable","14":"product-type-simple"},"acf":{"autor":"ARCHER, MANDY","codart":"844795067","libros-coleccion":"\u00c0lbum","ediciones":"1","encuadernacion":"Carpeta","fecha_de_publicacion":"01\/08\/2023","novedad":"1","paginas":"45","subtitulo":"","orden":"0","portada":"0","idioma":"cat","editorial":[{"ID":147536,"post_author":"3","post_date":"2022-10-14 11:51:19","post_date_gmt":"2022-10-14 09:51:19","post_content":"","post_title":"BAULA-EDELVIVES-VALENCIANO\/CATALAN-TXT-","post_excerpt":"","post_status":"publish","comment_status":"closed","ping_status":"closed","post_password":"","post_name":"baula-edelvives-valenciano-catalan-txt","to_ping":"","pinged":"","post_modified":"2022-10-14 11:51:19","post_modified_gmt":"2022-10-14 09:51:19","post_content_filtered":"","post_parent":0,"guid":"http:\/\/dev.claret.cat\/editorial\/baula-edelvives-valenciano-catalan-txt\/","menu_order":0,"post_type":"editorial","post_mime_type":"","comment_count":"0","filter":"raw"}],"autores-libros":[{"ID":163067,"post_author":"3","post_date":"2022-10-14 17:36:03","post_date_gmt":"2022-10-14 15:36:03","post_content":"","post_title":"MANDY ARCHER","post_excerpt":"","post_status":"publish","comment_status":"closed","ping_status":"closed","post_password":"","post_name":"mandy-archer","to_ping":"","pinged":"","post_modified":"2022-10-14 17:36:03","post_modified_gmt":"2022-10-14 15:36:03","post_content_filtered":"","post_parent":0,"guid":"http:\/\/dev.claret.cat\/autor\/mandy-archer\/","menu_order":0,"post_type":"autor","post_mime_type":"","comment_count":"0","filter":"raw"}]},"aioseo_notices":[],"_links":{"self":[{"href":"https:\/\/www.claret.cat\/es\/wp-json\/wp\/v2\/product\/885442","targetHints":{"allow":["GET"]}}],"collection":[{"href":"https:\/\/www.claret.cat\/es\/wp-json\/wp\/v2\/product"}],"about":[{"href":"https:\/\/www.claret.cat\/es\/wp-json\/wp\/v2\/types\/product"}],"wp:featuredmedia":[{"embeddable":true,"href":"https:\/\/www.claret.cat\/es\/wp-json\/wp\/v2\/media\/885443"}],"wp:attachment":[{"href":"https:\/\/www.claret.cat\/es\/wp-json\/wp\/v2\/media?parent=885442"}],"wp:term":[{"taxonomy":"product_brand","embeddable":true,"href":"https:\/\/www.claret.cat\/es\/wp-json\/wp\/v2\/product_brand?post=885442"},{"taxonomy":"product_cat","embeddable":true,"href":"https:\/\/www.claret.cat\/es\/wp-json\/wp\/v2\/product_cat?post=885442"},{"taxonomy":"product_tag","embeddable":true,"href":"https:\/\/www.claret.cat\/es\/wp-json\/wp\/v2\/product_tag?post=885442"}],"curies":[{"name":"wp","href":"https:\/\/api.w.org\/{rel}","templated":true}]}}